{"id":11586,"date":"2025-04-02T18:58:13","date_gmt":"2025-04-02T16:58:13","guid":{"rendered":"https:\/\/keluvo.com\/no\/produkt\/sykkelsadel\/"},"modified":"2025-06-20T16:08:52","modified_gmt":"2025-06-20T14:08:52","slug":"sykkelsadel","status":"publish","type":"product","link":"https:\/\/keluvo.com\/no\/produkt\/sykkelsadel\/","title":{"rendered":"Sykkelsadel"},"content":{"rendered":"<h2 style=\"text-align: center\" data-start=\"0\" data-end=\"37\"><strong>Komfortabel Og St\u00f8tdempende<\/strong><\/h2>\n<p class=\"\" style=\"text-align: center\" data-start=\"38\" data-end=\"232\">Denne sykkelsetet er designet med myk svamppolstring for \u00e5 redusere trykket under sykling. Den bidrar til \u00e5 absorbere st\u00f8t fra ujevne veier, noe som gj\u00f8r sykkelopplevelsen jevnere og mer komfortabel.<\/p>\n<p style=\"text-align: center\" data-start=\"38\" data-end=\"232\"><img decoding=\"async\" class=\"alignnone size-medium wp-image-13204\" src=\"https:\/\/keluvo.com\/template\/wp-content\/uploads\/sites\/5\/2025\/04\/ad736190-eea6-47d1-9b40-93f7fcba4d61.webp\" alt=\"\" \/><\/p>\n<h2 style=\"text-align: center\" data-start=\"234\" data-end=\"271\"><strong>Pustende Og Regntett Design<\/strong><\/h2>\n<p class=\"\" style=\"text-align: center\" data-start=\"272\" data-end=\"468\">Sadelen har en hul design som forbedrer luftgjennomstr\u00f8mningen og holder deg kj\u00f8lig under lange turer. Det regntette materialet beskytter mot vann, noe som sikrer holdbarhet under ulike v\u00e6rforhold.<\/p>\n<p data-start=\"272\" data-end=\"468\"><img decoding=\"async\" class=\"alignnone size-medium wp-image-13209 aligncenter\" src=\"https:\/\/keluvo.com\/template\/wp-content\/uploads\/sites\/5\/2025\/04\/Sb3f5f0164f5045d7be4bb227f3297653Y.jpg_960x960q75.jpg_.jpeg\" alt=\"\" \/><\/p>\n","protected":false},"excerpt":{"rendered":"<p>Komfortabel Og St\u00f8tdempende Denne sykkelsetet er designet med myk svamppolstring for \u00e5 redusere trykket under sykling. Den bidrar til \u00e5 [&hellip;]<\/p>\n","protected":false},"featured_media":11582,"comment_status":"open","ping_status":"closed","template":"","meta":{"site-sidebar-layout":"default","site-content-layout":"","ast-site-content-layout":"default","site-content-style":"default","site-sidebar-style":"default","ast-global-header-display":"","ast-banner-title-visibility":"","ast-main-header-display":"","ast-hfb-above-header-display":"","ast-hfb-below-header-display":"","ast-hfb-mobile-header-display":"","site-post-title":"","ast-breadcrumbs-content":"","ast-featured-img":"","footer-sml-layout":"","theme-transparent-header-meta":"default","adv-header-id-meta":"","stick-header-meta":"","header-above-stick-meta":"","header-main-stick-meta":"","header-below-stick-meta":"","astra-migrate-meta-layouts":"set","ast-page-background-enabled":"default","ast-page-background-meta":{"desktop":{"background-color":"var(--ast-global-color-4)","background-image":"","background-repeat":"repeat","background-position":"center center","background-size":"auto","background-attachment":"scroll","background-type":"","background-media":"","overlay-type":"","overlay-color":"","overlay-opacity":"","overlay-gradient":""},"tablet":{"background-color":"","background-image":"","background-repeat":"repeat","background-position":"center center","background-size":"auto","background-attachment":"scroll","background-type":"","background-media":"","overlay-type":"","overlay-color":"","overlay-opacity":"","overlay-gradient":""},"mobile":{"background-color":"","background-image":"","background-repeat":"repeat","background-position":"center center","background-size":"auto","background-attachment":"scroll","background-type":"","background-media":"","overlay-type":"","overlay-color":"","overlay-opacity":"","overlay-gradient":""}},"ast-content-background-meta":{"desktop":{"background-color":"var(--ast-global-color-5)","background-image":"","background-repeat":"repeat","background-position":"center center","background-size":"auto","background-attachment":"scroll","background-type":"","background-media":"","overlay-type":"","overlay-color":"","overlay-opacity":"","overlay-gradient":""},"tablet":{"background-color":"var(--ast-global-color-5)","background-image":"","background-repeat":"repeat","background-position":"center center","background-size":"auto","background-attachment":"scroll","background-type":"","background-media":"","overlay-type":"","overlay-color":"","overlay-opacity":"","overlay-gradient":""},"mobile":{"background-color":"var(--ast-global-color-5)","background-image":"","background-repeat":"repeat","background-position":"center center","background-size":"auto","background-attachment":"scroll","background-type":"","background-media":"","overlay-type":"","overlay-color":"","overlay-opacity":"","overlay-gradient":""}}},"product_brand":[],"product_cat":[993],"product_tag":[],"class_list":{"0":"post-11586","1":"product","2":"type-product","3":"status-publish","4":"has-post-thumbnail","6":"product_cat-skotoy-tilbehor","7":"pa_29720_zh6pxhos-bla","8":"pa_29720_zh6pxhos-gul","9":"pa_29720_zh6pxhos-rod","10":"desktop-align-left","11":"tablet-align-left","12":"mobile-align-left","14":"first","15":"instock","16":"shipping-taxable","17":"purchasable","18":"product-type-variable"},"_links":{"self":[{"href":"https:\/\/keluvo.com\/no\/wp-json\/wp\/v2\/product\/11586","targetHints":{"allow":["GET"]}}],"collection":[{"href":"https:\/\/keluvo.com\/no\/wp-json\/wp\/v2\/product"}],"about":[{"href":"https:\/\/keluvo.com\/no\/wp-json\/wp\/v2\/types\/product"}],"replies":[{"embeddable":true,"href":"https:\/\/keluvo.com\/no\/wp-json\/wp\/v2\/comments?post=11586"}],"wp:featuredmedia":[{"embeddable":true,"href":"https:\/\/keluvo.com\/no\/wp-json\/wp\/v2\/media\/11582"}],"wp:attachment":[{"href":"https:\/\/keluvo.com\/no\/wp-json\/wp\/v2\/media?parent=11586"}],"wp:term":[{"taxonomy":"product_brand","embeddable":true,"href":"https:\/\/keluvo.com\/no\/wp-json\/wp\/v2\/product_brand?post=11586"},{"taxonomy":"product_cat","embeddable":true,"href":"https:\/\/keluvo.com\/no\/wp-json\/wp\/v2\/product_cat?post=11586"},{"taxonomy":"product_tag","embeddable":true,"href":"https:\/\/keluvo.com\/no\/wp-json\/wp\/v2\/product_tag?post=11586"}],"curies":[{"name":"wp","href":"https:\/\/api.w.org\/{rel}","templated":true}]}}