{"id":11571,"date":"2025-04-02T13:54:26","date_gmt":"2025-04-02T11:54:26","guid":{"rendered":"https:\/\/keluvo.com\/no\/produkt\/fiskealarm-2\/"},"modified":"2025-04-07T08:56:14","modified_gmt":"2025-04-07T06:56:14","slug":"fiskealarm-2","status":"publish","type":"product","link":"https:\/\/keluvo.com\/no\/produkt\/fiskealarm-2\/","title":{"rendered":"Fiskealarm"},"content":{"rendered":"<h2 style=\"text-align: center;\" data-start=\"62\" data-end=\"100\">\ud83d\udee0\ufe0f Enkelt Oppsett For Alle Sportsfiskere<\/h2>\n<p class=\"\" style=\"text-align: center;\" data-start=\"101\" data-end=\"220\">Fest alarmen til fiskestanga, legg sn\u00f8ret rundt rotoren og sl\u00e5 den p\u00e5. Enten du er nybegynner eller erfaren fisker, gj\u00f8r denne enheten det enklere \u00e5 oppdage napp.<\/p>\n<p class=\"\" style=\"text-align: center;\" data-start=\"101\" data-end=\"220\"><img decoding=\"async\" class=\"alignnone size-medium wp-image-13280\" src=\"https:\/\/keluvo.com\/template\/wp-content\/uploads\/sites\/5\/2025\/03\/fishingalarmvideo-ezgif.com-gif-to-webp-converter.webp\" alt=\"\" \/>\u200b<\/p>\n<h2 style=\"text-align: center;\" data-start=\"227\" data-end=\"266\">\ud83c\udf26\ufe0f P\u00e5litelig I Alle Milj\u00f8er<\/h2>\n<p class=\"\" style=\"text-align: center;\" data-start=\"267\" data-end=\"386\">Utstyret med en f\u00f8lsom, forsterket fj\u00e6r, minimerer alarmen falske varsler fra mindre vannbevegelser eller bris. Ideell for ulike fiskescenarier, inkludert natt-, avstands-, sj\u00f8-, innsj\u00f8- og elvefiske.<\/p>\n<p class=\"\" style=\"text-align: center;\" data-start=\"267\" data-end=\"386\"><img decoding=\"async\" class=\"alignnone size-medium wp-image-13279\" src=\"https:\/\/keluvo.com\/template\/wp-content\/uploads\/sites\/5\/2025\/03\/710GWa7g1bL._AC_SL1500_.jpg\" alt=\"\" \/>\u200b<\/p>\n<h2 style=\"text-align: center;\" data-start=\"393\" data-end=\"427\">\ud83d\udd0a H\u00f8rbare og visuelle varsler<\/h2>\n<p class=\"\" style=\"text-align: center;\" data-start=\"428\" data-end=\"547\">Med en h\u00f8y alarm og en LED-lysindikator blir du raskt varslet om fiskeaktivitet, slik at du aldri g\u00e5r glipp av en potensiell fangst. Perfekt for nattfiske eller for personer med nedsatt h\u00f8rsel.<\/p>\n<p class=\"\" style=\"text-align: center;\" data-start=\"428\" data-end=\"547\"><img decoding=\"async\" class=\"alignnone size-medium wp-image-13278\" src=\"https:\/\/keluvo.com\/template\/wp-content\/uploads\/sites\/5\/2025\/03\/7194keC7tRL._AC_SL1500_.jpg\" alt=\"\" \/>\u200b<\/p>\n<h2 style=\"text-align: center;\" data-start=\"554\" data-end=\"593\">\ud83d\udd0b Forlenget batterilevetid<\/h2>\n<p class=\"\" style=\"text-align: center;\" data-start=\"594\" data-end=\"677\">Drevet av tre LR44\/AG13-batterier har alarmen omtrent ett \u00e5rs brukstid n\u00e5r den er sl\u00e5tt av mellom \u00f8ktene, slik at du kan nyte lange, bekymringsfrie fiskeopplevelser.<\/p>\n<h2 style=\"text-align: center;\" data-start=\"684\" data-end=\"698\">\u2753 Ofte stilte sp\u00f8rsm\u00e5l<\/h2>\n<p class=\"\" style=\"text-align: center;\" data-start=\"700\" data-end=\"832\"><strong>Hvordan festes alarmen p\u00e5 stangen?<\/strong><br \/>\nDen festes sikkert p\u00e5 ulike stangst\u00f8rrelser ved hjelp av en sklisikker silikonpakning.<\/p>\n<p class=\"\" style=\"text-align: center;\" data-start=\"834\" data-end=\"962\"><strong>Egner den seg for fiske om natten?<\/strong><br \/>\nAbsolutt! LED-indikatoren sikrer synlighet i d\u00e5rlig lys.\u200b<\/p>\n<p class=\"\" style=\"text-align: center;\" data-start=\"964\" data-end=\"1105\"><strong>T\u00e5ler den ulike v\u00e6rforhold?<\/strong><br \/>\nJa, den fungerer like godt i rolige innsj\u00f8er som p\u00e5 vindfulle hav.<\/p>\n","protected":false},"excerpt":{"rendered":"<p>\ud83d\udee0\ufe0f Enkelt Oppsett For Alle Sportsfiskere Fest alarmen til fiskestanga, legg sn\u00f8ret rundt rotoren og sl\u00e5 den p\u00e5. Enten du [&hellip;]<\/p>\n","protected":false},"featured_media":11567,"comment_status":"open","ping_status":"closed","template":"","meta":{"site-sidebar-layout":"default","site-content-layout":"","ast-site-content-layout":"default","site-content-style":"default","site-sidebar-style":"default","ast-global-header-display":"","ast-banner-title-visibility":"","ast-main-header-display":"","ast-hfb-above-header-display":"","ast-hfb-below-header-display":"","ast-hfb-mobile-header-display":"","site-post-title":"","ast-breadcrumbs-content":"","ast-featured-img":"","footer-sml-layout":"","theme-transparent-header-meta":"default","adv-header-id-meta":"","stick-header-meta":"","header-above-stick-meta":"","header-main-stick-meta":"","header-below-stick-meta":"","astra-migrate-meta-layouts":"set","ast-page-background-enabled":"default","ast-page-background-meta":{"desktop":{"background-color":"var(--ast-global-color-4)","background-image":"","background-repeat":"repeat","background-position":"center center","background-size":"auto","background-attachment":"scroll","background-type":"","background-media":"","overlay-type":"","overlay-color":"","overlay-opacity":"","overlay-gradient":""},"tablet":{"background-color":"","background-image":"","background-repeat":"repeat","background-position":"center center","background-size":"auto","background-attachment":"scroll","background-type":"","background-media":"","overlay-type":"","overlay-color":"","overlay-opacity":"","overlay-gradient":""},"mobile":{"background-color":"","background-image":"","background-repeat":"repeat","background-position":"center center","background-size":"auto","background-attachment":"scroll","background-type":"","background-media":"","overlay-type":"","overlay-color":"","overlay-opacity":"","overlay-gradient":""}},"ast-content-background-meta":{"desktop":{"background-color":"var(--ast-global-color-5)","background-image":"","background-repeat":"repeat","background-position":"center center","background-size":"auto","background-attachment":"scroll","background-type":"","background-media":"","overlay-type":"","overlay-color":"","overlay-opacity":"","overlay-gradient":""},"tablet":{"background-color":"var(--ast-global-color-5)","background-image":"","background-repeat":"repeat","background-position":"center center","background-size":"auto","background-attachment":"scroll","background-type":"","background-media":"","overlay-type":"","overlay-color":"","overlay-opacity":"","overlay-gradient":""},"mobile":{"background-color":"var(--ast-global-color-5)","background-image":"","background-repeat":"repeat","background-position":"center center","background-size":"auto","background-attachment":"scroll","background-type":"","background-media":"","overlay-type":"","overlay-color":"","overlay-opacity":"","overlay-gradient":""}}},"product_brand":[],"product_cat":[993],"product_tag":[],"class_list":{"0":"post-11571","1":"product","2":"type-product","3":"status-publish","4":"has-post-thumbnail","6":"product_cat-skotoy-tilbehor","7":"desktop-align-left","8":"tablet-align-left","9":"mobile-align-left","11":"first","12":"instock","13":"shipping-taxable","14":"purchasable","15":"product-type-simple"},"_links":{"self":[{"href":"https:\/\/keluvo.com\/no\/wp-json\/wp\/v2\/product\/11571","targetHints":{"allow":["GET"]}}],"collection":[{"href":"https:\/\/keluvo.com\/no\/wp-json\/wp\/v2\/product"}],"about":[{"href":"https:\/\/keluvo.com\/no\/wp-json\/wp\/v2\/types\/product"}],"replies":[{"embeddable":true,"href":"https:\/\/keluvo.com\/no\/wp-json\/wp\/v2\/comments?post=11571"}],"wp:featuredmedia":[{"embeddable":true,"href":"https:\/\/keluvo.com\/no\/wp-json\/wp\/v2\/media\/11567"}],"wp:attachment":[{"href":"https:\/\/keluvo.com\/no\/wp-json\/wp\/v2\/media?parent=11571"}],"wp:term":[{"taxonomy":"product_brand","embeddable":true,"href":"https:\/\/keluvo.com\/no\/wp-json\/wp\/v2\/product_brand?post=11571"},{"taxonomy":"product_cat","embeddable":true,"href":"https:\/\/keluvo.com\/no\/wp-json\/wp\/v2\/product_cat?post=11571"},{"taxonomy":"product_tag","embeddable":true,"href":"https:\/\/keluvo.com\/no\/wp-json\/wp\/v2\/product_tag?post=11571"}],"curies":[{"name":"wp","href":"https:\/\/api.w.org\/{rel}","templated":true}]}}