{"id":11552,"date":"2025-04-02T10:44:53","date_gmt":"2025-04-02T08:44:53","guid":{"rendered":"https:\/\/keluvo.com\/no\/produkt\/sammenleggbare-lesebriller\/"},"modified":"2025-04-07T08:36:50","modified_gmt":"2025-04-07T06:36:50","slug":"sammenleggbare-lesebriller","status":"publish","type":"product","link":"https:\/\/keluvo.com\/no\/produkt\/sammenleggbare-lesebriller\/","title":{"rendered":"Sammenleggbare lesebriller"},"content":{"rendered":"<h2 style=\"text-align: center;\" data-start=\"90\" data-end=\"132\">\ud83d\udd11 Alltid med deg \u2013 N\u00f8kkelringetui<\/h2>\n<p style=\"text-align: center;\">Aldri mer uten lesebrillene dine! Disse ultratynne og lette lesebrillene passer perfekt i et kompakt n\u00f8kkelringetui, slik at du alltid har dem for h\u00e5nden. Etuiet kommer i elegant sort eller s\u00f8lvfarget b\u00f8rstet metall og s\u00f8rger for at brillene dine er innen rekkevidde n\u00e5r du trenger dem.<\/p>\n<p data-start=\"133\" data-end=\"446\"><img decoding=\"async\" class=\"size-medium wp-image-13247 aligncenter\" src=\"https:\/\/keluvo.com\/template\/wp-content\/uploads\/sites\/5\/2025\/03\/foldablereadingglasses-ezgif.com-gif-to-webp-converter.webp\" alt=\"\" \/><\/p>\n<h2 style=\"text-align: center;\" data-start=\"453\" data-end=\"496\">\ud83d\udd76\ufe0f Lett &amp; komfortabel passform<\/h2>\n<p class=\"\" style=\"text-align: center;\" data-start=\"497\" data-end=\"739\">Disse lesebrillene er designet for maksimal komfort, med et justerbart neseparti som gj\u00f8r at de kan tilpasses perfekt til ansiktet. Det oppgraderte nesestykket i silikon gir ekstra komfort og sikrer en trygg og behagelig passform, selv ved langvarig bruk.<\/p>\n<p data-start=\"497\" data-end=\"739\"><img decoding=\"async\" class=\"size-medium wp-image-13243 aligncenter\" src=\"https:\/\/keluvo.com\/template\/wp-content\/uploads\/sites\/5\/2025\/03\/main-image-4-1.jpeg\" alt=\"\" \/><\/p>\n<h2 style=\"text-align: center;\" data-start=\"746\" data-end=\"789\">\ud83d\udee1\ufe0f Slitesterk og p\u00e5litelig konstruksjon<\/h2>\n<p class=\"\" style=\"text-align: center;\" data-start=\"790\" data-end=\"1064\">Disse brillene er laget av splintsikkert, termoinjeksjonsst\u00f8pt polykarbonat av optisk kvalitet, og er designet for langvarig bruk. Broen er laget av Nitinol, et formminnende metall som er 10 ganger mer elastisk enn fj\u00e6rst\u00e5l, og er beskyttet av silikonr\u00f8r i medisinsk kvalitet for ekstra holdbarhet.<\/p>\n<p data-start=\"790\" data-end=\"1064\"><img decoding=\"async\" class=\"size-medium wp-image-13242 aligncenter\" src=\"https:\/\/keluvo.com\/template\/wp-content\/uploads\/sites\/5\/2025\/03\/main-image-3-2.jpeg\" alt=\"\" \/><\/p>\n<h2 style=\"text-align: center;\" data-start=\"1071\" data-end=\"1108\">\ud83d\udccf Passer til alle nesetyper<\/h2>\n<p class=\"\" style=\"text-align: center;\" data-start=\"1109\" data-end=\"1325\">Brillene er grundig testet p\u00e5 ulike neseformer og -st\u00f8rrelser, og kan plasseres h\u00f8yere eller lavere p\u00e5 nesen alt etter hva du foretrekker. Den gjennomtenkte designen passer de aller fleste brukere.<\/p>\n<h2 data-start=\"1429\" data-end=\"1450\"><img decoding=\"async\" class=\"size-medium wp-image-13248 aligncenter\" src=\"https:\/\/keluvo.com\/template\/wp-content\/uploads\/sites\/5\/2025\/03\/71SNFqZbLaL._AC_SX679_.jpg\" alt=\"\" \/><\/h2>\n<p>&nbsp;<\/p>\n<h2 style=\"text-align: center;\"><strong data-start=\"1429\" data-end=\"1450\">Styrkealternativer:<\/strong><\/h2>\n<p class=\"\" style=\"text-align: center;\" data-start=\"1455\" data-end=\"1495\"><span style=\"font-size: 16px;\">100 dioptrier (anbefalt for 45-49 \u00e5r)<br \/>\n150 dioptrier (anbefalt for 50-54 \u00e5r)<br \/>\n200 dioptrier (anbefalt for 55-59 \u00e5r)<br \/>\n250 dioptrier (anbefalt for 60-64 \u00e5r)<br \/>\n300 dioptrier (anbefalt for 65-69 \u00e5r)<\/span><\/p>\n<h2 style=\"text-align: center;\" data-start=\"1682\" data-end=\"1696\">\u2753 Ofte stilte sp\u00f8rsm\u00e5l<\/h2>\n<p class=\"\" style=\"text-align: center;\" data-start=\"1697\" data-end=\"1875\"><strong>Hvor kompakt er n\u00f8kkelringetuiet?<\/strong><br \/>\nEtuiet er lett og kompakt, p\u00e5 st\u00f8rrelse med en sigarettenner, noe som gj\u00f8r det enkelt \u00e5 ta med seg i lommen eller kofferten.<\/p>\n<p class=\"\" style=\"text-align: center;\" data-start=\"1877\" data-end=\"2053\"><strong>Kan brillene justeres for ulike neseformer?<\/strong><br \/>\nJa, de kan plasseres h\u00f8yere eller lavere p\u00e5 nesen for \u00e5 sikre en komfortabel og sikker passform for de fleste brukere.<\/p>\n<p class=\"\" style=\"text-align: center;\" data-start=\"2055\" data-end=\"2199\"><strong>Hva om de ikke passer meg?<\/strong><br \/>\nVi tilbyr en 30 dagers pengene tilbake-garanti for \u00e5 sikre at du er forn\u00f8yd med passform og komfort.<\/p>\n","protected":false},"excerpt":{"rendered":"<p>\ud83d\udd11 Alltid med deg \u2013 N\u00f8kkelringetui Aldri mer uten lesebrillene dine! Disse ultratynne og lette lesebrillene passer perfekt i et [&hellip;]<\/p>\n","protected":false},"featured_media":11548,"comment_status":"open","ping_status":"closed","template":"","meta":{"site-sidebar-layout":"default","site-content-layout":"","ast-site-content-layout":"default","site-content-style":"default","site-sidebar-style":"default","ast-global-header-display":"","ast-banner-title-visibility":"","ast-main-header-display":"","ast-hfb-above-header-display":"","ast-hfb-below-header-display":"","ast-hfb-mobile-header-display":"","site-post-title":"","ast-breadcrumbs-content":"","ast-featured-img":"","footer-sml-layout":"","theme-transparent-header-meta":"default","adv-header-id-meta":"","stick-header-meta":"","header-above-stick-meta":"","header-main-stick-meta":"","header-below-stick-meta":"","astra-migrate-meta-layouts":"set","ast-page-background-enabled":"default","ast-page-background-meta":{"desktop":{"background-color":"var(--ast-global-color-4)","background-image":"","background-repeat":"repeat","background-position":"center center","background-size":"auto","background-attachment":"scroll","background-type":"","background-media":"","overlay-type":"","overlay-color":"","overlay-opacity":"","overlay-gradient":""},"tablet":{"background-color":"","background-image":"","background-repeat":"repeat","background-position":"center center","background-size":"auto","background-attachment":"scroll","background-type":"","background-media":"","overlay-type":"","overlay-color":"","overlay-opacity":"","overlay-gradient":""},"mobile":{"background-color":"","background-image":"","background-repeat":"repeat","background-position":"center center","background-size":"auto","background-attachment":"scroll","background-type":"","background-media":"","overlay-type":"","overlay-color":"","overlay-opacity":"","overlay-gradient":""}},"ast-content-background-meta":{"desktop":{"background-color":"var(--ast-global-color-5)","background-image":"","background-repeat":"repeat","background-position":"center center","background-size":"auto","background-attachment":"scroll","background-type":"","background-media":"","overlay-type":"","overlay-color":"","overlay-opacity":"","overlay-gradient":""},"tablet":{"background-color":"var(--ast-global-color-5)","background-image":"","background-repeat":"repeat","background-position":"center center","background-size":"auto","background-attachment":"scroll","background-type":"","background-media":"","overlay-type":"","overlay-color":"","overlay-opacity":"","overlay-gradient":""},"mobile":{"background-color":"var(--ast-global-color-5)","background-image":"","background-repeat":"repeat","background-position":"center center","background-size":"auto","background-attachment":"scroll","background-type":"","background-media":"","overlay-type":"","overlay-color":"","overlay-opacity":"","overlay-gradient":""}}},"product_brand":[],"product_cat":[993],"product_tag":[],"class_list":{"0":"post-11552","1":"product","2":"type-product","3":"status-publish","4":"has-post-thumbnail","6":"product_cat-skotoy-tilbehor","7":"pa_19225_086leyxx-2426","8":"pa_19225_086leyxx-1-5","9":"pa_19225_086leyxx-2428","10":"pa_19225_086leyxx-2-5","11":"pa_19225_086leyxx-2430","12":"desktop-align-left","13":"tablet-align-left","14":"mobile-align-left","16":"first","17":"instock","18":"shipping-taxable","19":"purchasable","20":"product-type-variable"},"_links":{"self":[{"href":"https:\/\/keluvo.com\/no\/wp-json\/wp\/v2\/product\/11552","targetHints":{"allow":["GET"]}}],"collection":[{"href":"https:\/\/keluvo.com\/no\/wp-json\/wp\/v2\/product"}],"about":[{"href":"https:\/\/keluvo.com\/no\/wp-json\/wp\/v2\/types\/product"}],"replies":[{"embeddable":true,"href":"https:\/\/keluvo.com\/no\/wp-json\/wp\/v2\/comments?post=11552"}],"wp:featuredmedia":[{"embeddable":true,"href":"https:\/\/keluvo.com\/no\/wp-json\/wp\/v2\/media\/11548"}],"wp:attachment":[{"href":"https:\/\/keluvo.com\/no\/wp-json\/wp\/v2\/media?parent=11552"}],"wp:term":[{"taxonomy":"product_brand","embeddable":true,"href":"https:\/\/keluvo.com\/no\/wp-json\/wp\/v2\/product_brand?post=11552"},{"taxonomy":"product_cat","embeddable":true,"href":"https:\/\/keluvo.com\/no\/wp-json\/wp\/v2\/product_cat?post=11552"},{"taxonomy":"product_tag","embeddable":true,"href":"https:\/\/keluvo.com\/no\/wp-json\/wp\/v2\/product_tag?post=11552"}],"curies":[{"name":"wp","href":"https:\/\/api.w.org\/{rel}","templated":true}]}}