{"id":11512,"date":"2025-04-01T09:26:45","date_gmt":"2025-04-01T07:26:45","guid":{"rendered":"https:\/\/keluvo.com\/no\/produkt\/undertoy-for-hund\/"},"modified":"2025-09-08T10:49:25","modified_gmt":"2025-09-08T07:49:25","slug":"undertoy-for-hund","status":"publish","type":"product","link":"https:\/\/keluvo.com\/no\/produkt\/undertoy-for-hund\/","title":{"rendered":"Undert\u00f8y for hund"},"content":{"rendered":"<h2 style=\"text-align: center\" data-start=\"0\" data-end=\"32\"><strong>Komfortabel Og Sikker Passform<\/strong><\/h2>\n<p class=\"\" style=\"text-align: center\" data-start=\"33\" data-end=\"258\">Hundeundert\u00f8yet er designet med mykt, pustende stoff for \u00e5 sikre maksimal komfort for kj\u00e6ledyret ditt. Den justerbare linningen gir en sikker passform uten \u00e5 for\u00e5rsake ubehag. Hunden din kan bevege seg fritt samtidig som den er beskyttet.<\/p>\n<p data-start=\"33\" data-end=\"258\"><img decoding=\"async\" class=\"alignnone size-medium wp-image-13108 aligncenter\" src=\"https:\/\/keluvo.com\/template\/wp-content\/uploads\/sites\/5\/2025\/04\/O1CN01YhYhWr2Di5q6IcYtL_2171358642-0-cib.jpg_.jpeg\" alt=\"\" \/><\/p>\n<h2 style=\"text-align: center\" data-start=\"260\" data-end=\"287\"><strong>Holder Hjemmet Ditt Rent<\/strong><\/h2>\n<p class=\"\" style=\"text-align: center\" data-start=\"288\" data-end=\"494\">Dette hundeundert\u00f8yet bidrar til \u00e5 forhindre s\u00f8l under kj\u00e6ledyrets brunstsyklus. Det absorberer effektivt fuktighet og holder m\u00f8bler, tepper og gulv rene. En flott l\u00f8sning for \u00e5 opprettholde hygienen i hjemmet ditt.<\/p>\n<p data-start=\"288\" data-end=\"494\"><img decoding=\"async\" class=\"alignnone size-medium wp-image-13107 aligncenter\" src=\"https:\/\/keluvo.com\/template\/wp-content\/uploads\/sites\/5\/2025\/04\/O1CN01KTZKjJ2Di5q5PVO59_2171358642-0-cib.jpg_.jpeg\" alt=\"\" \/><\/p>\n","protected":false},"excerpt":{"rendered":"<p>Komfortabel Og Sikker Passform Hundeundert\u00f8yet er designet med mykt, pustende stoff for \u00e5 sikre maksimal komfort for kj\u00e6ledyret ditt. Den [&hellip;]<\/p>\n","protected":false},"featured_media":11508,"comment_status":"open","ping_status":"closed","template":"","meta":{"site-sidebar-layout":"default","site-content-layout":"","ast-site-content-layout":"default","site-content-style":"default","site-sidebar-style":"default","ast-global-header-display":"","ast-banner-title-visibility":"","ast-main-header-display":"","ast-hfb-above-header-display":"","ast-hfb-below-header-display":"","ast-hfb-mobile-header-display":"","site-post-title":"","ast-breadcrumbs-content":"","ast-featured-img":"","footer-sml-layout":"","theme-transparent-header-meta":"default","adv-header-id-meta":"","stick-header-meta":"","header-above-stick-meta":"","header-main-stick-meta":"","header-below-stick-meta":"","astra-migrate-meta-layouts":"set","ast-page-background-enabled":"default","ast-page-background-meta":{"desktop":{"background-color":"var(--ast-global-color-4)","background-image":"","background-repeat":"repeat","background-position":"center center","background-size":"auto","background-attachment":"scroll","background-type":"","background-media":"","overlay-type":"","overlay-color":"","overlay-opacity":"","overlay-gradient":""},"tablet":{"background-color":"","background-image":"","background-repeat":"repeat","background-position":"center center","background-size":"auto","background-attachment":"scroll","background-type":"","background-media":"","overlay-type":"","overlay-color":"","overlay-opacity":"","overlay-gradient":""},"mobile":{"background-color":"","background-image":"","background-repeat":"repeat","background-position":"center center","background-size":"auto","background-attachment":"scroll","background-type":"","background-media":"","overlay-type":"","overlay-color":"","overlay-opacity":"","overlay-gradient":""}},"ast-content-background-meta":{"desktop":{"background-color":"var(--ast-global-color-5)","background-image":"","background-repeat":"repeat","background-position":"center center","background-size":"auto","background-attachment":"scroll","background-type":"","background-media":"","overlay-type":"","overlay-color":"","overlay-opacity":"","overlay-gradient":""},"tablet":{"background-color":"var(--ast-global-color-5)","background-image":"","background-repeat":"repeat","background-position":"center center","background-size":"auto","background-attachment":"scroll","background-type":"","background-media":"","overlay-type":"","overlay-color":"","overlay-opacity":"","overlay-gradient":""},"mobile":{"background-color":"var(--ast-global-color-5)","background-image":"","background-repeat":"repeat","background-position":"center center","background-size":"auto","background-attachment":"scroll","background-type":"","background-media":"","overlay-type":"","overlay-color":"","overlay-opacity":"","overlay-gradient":""}}},"product_brand":[],"product_cat":[997],"product_tag":[],"class_list":{"0":"post-11512","1":"product","2":"type-product","3":"status-publish","4":"has-post-thumbnail","6":"product_cat-husdyrprodukter","7":"pa_n8snqlkb-bla","8":"pa_n8snqlkb-gronn","9":"pa_n8snqlkb-gul","10":"desktop-align-left","11":"tablet-align-left","12":"mobile-align-left","14":"first","15":"instock","16":"shipping-taxable","17":"purchasable","18":"product-type-variable"},"_links":{"self":[{"href":"https:\/\/keluvo.com\/no\/wp-json\/wp\/v2\/product\/11512","targetHints":{"allow":["GET"]}}],"collection":[{"href":"https:\/\/keluvo.com\/no\/wp-json\/wp\/v2\/product"}],"about":[{"href":"https:\/\/keluvo.com\/no\/wp-json\/wp\/v2\/types\/product"}],"replies":[{"embeddable":true,"href":"https:\/\/keluvo.com\/no\/wp-json\/wp\/v2\/comments?post=11512"}],"wp:featuredmedia":[{"embeddable":true,"href":"https:\/\/keluvo.com\/no\/wp-json\/wp\/v2\/media\/11508"}],"wp:attachment":[{"href":"https:\/\/keluvo.com\/no\/wp-json\/wp\/v2\/media?parent=11512"}],"wp:term":[{"taxonomy":"product_brand","embeddable":true,"href":"https:\/\/keluvo.com\/no\/wp-json\/wp\/v2\/product_brand?post=11512"},{"taxonomy":"product_cat","embeddable":true,"href":"https:\/\/keluvo.com\/no\/wp-json\/wp\/v2\/product_cat?post=11512"},{"taxonomy":"product_tag","embeddable":true,"href":"https:\/\/keluvo.com\/no\/wp-json\/wp\/v2\/product_tag?post=11512"}],"curies":[{"name":"wp","href":"https:\/\/api.w.org\/{rel}","templated":true}]}}