{"id":11436,"date":"2025-04-01T09:12:49","date_gmt":"2025-04-01T07:12:49","guid":{"rendered":"https:\/\/keluvo.com\/no\/produkt\/skulderveske\/"},"modified":"2025-09-15T17:28:15","modified_gmt":"2025-09-15T14:28:15","slug":"skulderveske","status":"publish","type":"product","link":"https:\/\/keluvo.com\/no\/produkt\/skulderveske\/","title":{"rendered":"Skulderveske"},"content":{"rendered":"<h2 style=\"text-align: center\" data-start=\"0\" data-end=\"34\"><strong>Stilig Og Allsidig Design<\/strong><\/h2>\n<p class=\"\" style=\"text-align: center\" data-start=\"35\" data-end=\"225\">Denne skuldervesken er en perfekt blanding av mote og funksjon. Den elegante designen gj\u00f8r at den passer til b\u00e5de uformelle utflukter og formelle arrangementer. Match den enkelt med hvilket som helst antrekk for et trendy utseende.<\/p>\n<p data-start=\"35\" data-end=\"225\"><img decoding=\"async\" class=\"alignnone size-medium wp-image-13158 aligncenter\" src=\"https:\/\/keluvo.com\/template\/wp-content\/uploads\/sites\/5\/2025\/04\/Sd3115775d189483da49f7fa41b585c32j.jpeg\" alt=\"\" \/><\/p>\n<h2 style=\"text-align: center\" data-start=\"227\" data-end=\"260\"><strong>Romslig Og Velorganisert<\/strong><\/h2>\n<p class=\"\" style=\"text-align: center\" data-start=\"261\" data-end=\"434\">Med et romslig hovedrom og flere lommer hjelper denne skuldervesken deg med \u00e5 holde orden p\u00e5 det viktigste. B\u00e6r alt fra telefonen til daglige n\u00f8dvendigheter med letthet.<\/p>\n<p data-start=\"261\" data-end=\"434\"><img decoding=\"async\" class=\"alignnone size-medium wp-image-13155 aligncenter\" src=\"https:\/\/keluvo.com\/template\/wp-content\/uploads\/sites\/5\/2025\/04\/Sa2ea19dc24594769897cdf693a5ff12bV.jpeg\" alt=\"\" \/><\/p>\n","protected":false},"excerpt":{"rendered":"<p>Stilig Og Allsidig Design Denne skuldervesken er en perfekt blanding av mote og funksjon. Den elegante designen gj\u00f8r at den [&hellip;]<\/p>\n","protected":false},"featured_media":11432,"comment_status":"open","ping_status":"closed","template":"","meta":{"site-sidebar-layout":"default","site-content-layout":"","ast-site-content-layout":"default","site-content-style":"default","site-sidebar-style":"default","ast-global-header-display":"","ast-banner-title-visibility":"","ast-main-header-display":"","ast-hfb-above-header-display":"","ast-hfb-below-header-display":"","ast-hfb-mobile-header-display":"","site-post-title":"","ast-breadcrumbs-content":"","ast-featured-img":"","footer-sml-layout":"","theme-transparent-header-meta":"default","adv-header-id-meta":"","stick-header-meta":"","header-above-stick-meta":"","header-main-stick-meta":"","header-below-stick-meta":"","astra-migrate-meta-layouts":"set","ast-page-background-enabled":"default","ast-page-background-meta":{"desktop":{"background-color":"var(--ast-global-color-4)","background-image":"","background-repeat":"repeat","background-position":"center center","background-size":"auto","background-attachment":"scroll","background-type":"","background-media":"","overlay-type":"","overlay-color":"","overlay-opacity":"","overlay-gradient":""},"tablet":{"background-color":"","background-image":"","background-repeat":"repeat","background-position":"center center","background-size":"auto","background-attachment":"scroll","background-type":"","background-media":"","overlay-type":"","overlay-color":"","overlay-opacity":"","overlay-gradient":""},"mobile":{"background-color":"","background-image":"","background-repeat":"repeat","background-position":"center center","background-size":"auto","background-attachment":"scroll","background-type":"","background-media":"","overlay-type":"","overlay-color":"","overlay-opacity":"","overlay-gradient":""}},"ast-content-background-meta":{"desktop":{"background-color":"var(--ast-global-color-5)","background-image":"","background-repeat":"repeat","background-position":"center center","background-size":"auto","background-attachment":"scroll","background-type":"","background-media":"","overlay-type":"","overlay-color":"","overlay-opacity":"","overlay-gradient":""},"tablet":{"background-color":"var(--ast-global-color-5)","background-image":"","background-repeat":"repeat","background-position":"center center","background-size":"auto","background-attachment":"scroll","background-type":"","background-media":"","overlay-type":"","overlay-color":"","overlay-opacity":"","overlay-gradient":""},"mobile":{"background-color":"var(--ast-global-color-5)","background-image":"","background-repeat":"repeat","background-position":"center center","background-size":"auto","background-attachment":"scroll","background-type":"","background-media":"","overlay-type":"","overlay-color":"","overlay-opacity":"","overlay-gradient":""}}},"product_brand":[],"product_cat":[993],"product_tag":[],"class_list":{"0":"post-11436","1":"product","2":"type-product","3":"status-publish","4":"has-post-thumbnail","6":"product_cat-skotoy-tilbehor","7":"pa_v4sr76ew-gra","8":"pa_v4sr76ew-gronn","9":"pa_v4sr76ew-khaki","10":"pa_v4sr76ew-rod","11":"pa_v4sr76ew-svart","12":"desktop-align-left","13":"tablet-align-left","14":"mobile-align-left","16":"first","17":"instock","18":"shipping-taxable","19":"purchasable","20":"product-type-variable"},"_links":{"self":[{"href":"https:\/\/keluvo.com\/no\/wp-json\/wp\/v2\/product\/11436","targetHints":{"allow":["GET"]}}],"collection":[{"href":"https:\/\/keluvo.com\/no\/wp-json\/wp\/v2\/product"}],"about":[{"href":"https:\/\/keluvo.com\/no\/wp-json\/wp\/v2\/types\/product"}],"replies":[{"embeddable":true,"href":"https:\/\/keluvo.com\/no\/wp-json\/wp\/v2\/comments?post=11436"}],"wp:featuredmedia":[{"embeddable":true,"href":"https:\/\/keluvo.com\/no\/wp-json\/wp\/v2\/media\/11432"}],"wp:attachment":[{"href":"https:\/\/keluvo.com\/no\/wp-json\/wp\/v2\/media?parent=11436"}],"wp:term":[{"taxonomy":"product_brand","embeddable":true,"href":"https:\/\/keluvo.com\/no\/wp-json\/wp\/v2\/product_brand?post=11436"},{"taxonomy":"product_cat","embeddable":true,"href":"https:\/\/keluvo.com\/no\/wp-json\/wp\/v2\/product_cat?post=11436"},{"taxonomy":"product_tag","embeddable":true,"href":"https:\/\/keluvo.com\/no\/wp-json\/wp\/v2\/product_tag?post=11436"}],"curies":[{"name":"wp","href":"https:\/\/api.w.org\/{rel}","templated":true}]}}