{"id":11425,"date":"2025-04-01T09:10:30","date_gmt":"2025-04-01T07:10:30","guid":{"rendered":"https:\/\/keluvo.com\/no\/produkt\/pute-i-innersalen-pa-haelen\/"},"modified":"2025-04-15T19:38:33","modified_gmt":"2025-04-15T17:38:33","slug":"pute-i-innersalen-pa-haelen-1","status":"publish","type":"product","link":"https:\/\/keluvo.com\/no\/produkt\/pute-i-innersalen-pa-haelen-1\/","title":{"rendered":"Pute i inners\u00e5len p\u00e5 h\u00e6len"},"content":{"rendered":"<h2 style=\"text-align: center;\" data-start=\"0\" data-end=\"29\"><strong>Ekstra Komfort For H\u00e6lene<\/strong><\/h2>\n<p class=\"\" style=\"text-align: center;\" data-start=\"30\" data-end=\"242\">H\u00e6lputen gir myk polstring for \u00e5 redusere trykket p\u00e5 h\u00e6lene. Den bidrar til \u00e5 forhindre blemmer og ubehag n\u00e5r du bruker h\u00f8ye h\u00e6ler i mange timer. Du f\u00e5r bedre st\u00f8tte og komfort for hvert skritt du tar.<\/p>\n<p data-start=\"30\" data-end=\"242\"><img decoding=\"async\" class=\"alignnone size-medium wp-image-13142 aligncenter\" src=\"https:\/\/keluvo.com\/template\/wp-content\/uploads\/sites\/5\/2025\/04\/Se8b13f5b8ff740a69a2a58c1cf59a4d64.jpg_960x960q75.jpg_.jpeg\" alt=\"\" \/><\/p>\n<h2 style=\"text-align: center;\" data-start=\"244\" data-end=\"274\"><strong>Sikker Og Sklisikker Passform<\/strong><\/h2>\n<p class=\"\" style=\"text-align: center;\" data-start=\"275\" data-end=\"471\">Denne h\u00e6lputen er designet for \u00e5 holde seg p\u00e5 plass og griper godt tak i skoen din. Den forhindrer at h\u00e6lene sklir ut, noe som gj\u00f8r det enklere og mer behagelig \u00e5 g\u00e5. Perfekt for l\u00f8stsittende sko.<\/p>\n<p data-start=\"275\" data-end=\"471\"><img decoding=\"async\" class=\"alignnone size-medium wp-image-13140 aligncenter\" src=\"https:\/\/keluvo.com\/template\/wp-content\/uploads\/sites\/5\/2025\/04\/Sb82b2c55c6534ce99bd6511ffe46a7b0g.jpg_960x960q75.jpg_.jpeg\" alt=\"\" \/><\/p>\n","protected":false},"excerpt":{"rendered":"<p>Ekstra Komfort For H\u00e6lene H\u00e6lputen gir myk polstring for \u00e5 redusere trykket p\u00e5 h\u00e6lene. Den bidrar til \u00e5 forhindre blemmer [&hellip;]<\/p>\n","protected":false},"featured_media":11421,"comment_status":"open","ping_status":"closed","template":"","meta":{"site-sidebar-layout":"default","site-content-layout":"","ast-site-content-layout":"default","site-content-style":"default","site-sidebar-style":"default","ast-global-header-display":"","ast-banner-title-visibility":"","ast-main-header-display":"","ast-hfb-above-header-display":"","ast-hfb-below-header-display":"","ast-hfb-mobile-header-display":"","site-post-title":"","ast-breadcrumbs-content":"","ast-featured-img":"","footer-sml-layout":"","theme-transparent-header-meta":"default","adv-header-id-meta":"","stick-header-meta":"","header-above-stick-meta":"","header-main-stick-meta":"","header-below-stick-meta":"","astra-migrate-meta-layouts":"set","ast-page-background-enabled":"default","ast-page-background-meta":{"desktop":{"background-color":"var(--ast-global-color-4)","background-image":"","background-repeat":"repeat","background-position":"center center","background-size":"auto","background-attachment":"scroll","background-type":"","background-media":"","overlay-type":"","overlay-color":"","overlay-opacity":"","overlay-gradient":""},"tablet":{"background-color":"","background-image":"","background-repeat":"repeat","background-position":"center center","background-size":"auto","background-attachment":"scroll","background-type":"","background-media":"","overlay-type":"","overlay-color":"","overlay-opacity":"","overlay-gradient":""},"mobile":{"background-color":"","background-image":"","background-repeat":"repeat","background-position":"center center","background-size":"auto","background-attachment":"scroll","background-type":"","background-media":"","overlay-type":"","overlay-color":"","overlay-opacity":"","overlay-gradient":""}},"ast-content-background-meta":{"desktop":{"background-color":"var(--ast-global-color-5)","background-image":"","background-repeat":"repeat","background-position":"center center","background-size":"auto","background-attachment":"scroll","background-type":"","background-media":"","overlay-type":"","overlay-color":"","overlay-opacity":"","overlay-gradient":""},"tablet":{"background-color":"var(--ast-global-color-5)","background-image":"","background-repeat":"repeat","background-position":"center center","background-size":"auto","background-attachment":"scroll","background-type":"","background-media":"","overlay-type":"","overlay-color":"","overlay-opacity":"","overlay-gradient":""},"mobile":{"background-color":"var(--ast-global-color-5)","background-image":"","background-repeat":"repeat","background-position":"center center","background-size":"auto","background-attachment":"scroll","background-type":"","background-media":"","overlay-type":"","overlay-color":"","overlay-opacity":"","overlay-gradient":""}}},"product_brand":[],"product_cat":[993],"product_tag":[],"class_list":{"0":"post-11425","1":"product","2":"type-product","3":"status-publish","4":"has-post-thumbnail","6":"product_cat-skotoy-tilbehor","7":"pa_ymmvccai-beige","8":"pa_ymmvccai-rosa","9":"pa_ymmvccai-svart","10":"desktop-align-left","11":"tablet-align-left","12":"mobile-align-left","14":"first","15":"instock","16":"shipping-taxable","17":"purchasable","18":"product-type-variable"},"_links":{"self":[{"href":"https:\/\/keluvo.com\/no\/wp-json\/wp\/v2\/product\/11425","targetHints":{"allow":["GET"]}}],"collection":[{"href":"https:\/\/keluvo.com\/no\/wp-json\/wp\/v2\/product"}],"about":[{"href":"https:\/\/keluvo.com\/no\/wp-json\/wp\/v2\/types\/product"}],"replies":[{"embeddable":true,"href":"https:\/\/keluvo.com\/no\/wp-json\/wp\/v2\/comments?post=11425"}],"wp:featuredmedia":[{"embeddable":true,"href":"https:\/\/keluvo.com\/no\/wp-json\/wp\/v2\/media\/11421"}],"wp:attachment":[{"href":"https:\/\/keluvo.com\/no\/wp-json\/wp\/v2\/media?parent=11425"}],"wp:term":[{"taxonomy":"product_brand","embeddable":true,"href":"https:\/\/keluvo.com\/no\/wp-json\/wp\/v2\/product_brand?post=11425"},{"taxonomy":"product_cat","embeddable":true,"href":"https:\/\/keluvo.com\/no\/wp-json\/wp\/v2\/product_cat?post=11425"},{"taxonomy":"product_tag","embeddable":true,"href":"https:\/\/keluvo.com\/no\/wp-json\/wp\/v2\/product_tag?post=11425"}],"curies":[{"name":"wp","href":"https:\/\/api.w.org\/{rel}","templated":true}]}}