{"id":11400,"date":"2025-04-01T09:07:18","date_gmt":"2025-04-01T07:07:18","guid":{"rendered":"https:\/\/keluvo.com\/no\/produkt\/kroker-for-opphengskobling\/"},"modified":"2025-09-15T17:29:22","modified_gmt":"2025-09-15T14:29:22","slug":"kroker-for-opphengskobling","status":"publish","type":"product","link":"https:\/\/keluvo.com\/no\/produkt\/kroker-for-opphengskobling\/","title":{"rendered":"Kroker for opphengskobling"},"content":{"rendered":"<h2 style=\"text-align: center\"><strong>Maksimer Plassen I Skapet<\/strong><\/h2>\n<p style=\"text-align: center\">Med knagger med knaggrekker kan du henge opp flere kleshengere i en kaskadestil, slik at du sparer verdifull plass i skapet. Disse krokene er perfekte for \u00e5 organisere kl\u00e6rne dine og holde garderoben ryddig.<\/p>\n<p><img decoding=\"async\" class=\"alignnone size-medium wp-image-5399 aligncenter\" src=\"https:\/\/keluvo.com\/template\/wp-content\/uploads\/sites\/5\/2024\/12\/S2558aeb7ebfa421398f42f959149585cg.jpg_960x960q75.jpg_.webp\" \/><\/p>\n<h2 style=\"text-align: center\"><strong>Slitesterk Og Lett<\/strong><\/h2>\n<p style=\"text-align: center\">Laget av plast av h\u00f8y kvalitet, er knaggene robuste nok til \u00e5 holde kl\u00e6rne dine sikkert p\u00e5 plass. Til tross for holdbarheten er de lette og kompakte, noe som gj\u00f8r dem enkle \u00e5 bruke og b\u00e6re.<\/p>\n<p><img decoding=\"async\" class=\"alignnone size-medium wp-image-5396 aligncenter\" src=\"https:\/\/keluvo.com\/template\/wp-content\/uploads\/sites\/5\/2024\/12\/S5c11964917f84a42a54a4bd8f9377166A.webp\" alt=\"\" \/><\/p>\n","protected":false},"excerpt":{"rendered":"<p>Maksimer Plassen I Skapet Med knagger med knaggrekker kan du henge opp flere kleshengere i en kaskadestil, slik at du [&hellip;]<\/p>\n","protected":false},"featured_media":11396,"comment_status":"open","ping_status":"closed","template":"","meta":{"site-sidebar-layout":"default","site-content-layout":"","ast-site-content-layout":"default","site-content-style":"default","site-sidebar-style":"default","ast-global-header-display":"","ast-banner-title-visibility":"","ast-main-header-display":"","ast-hfb-above-header-display":"","ast-hfb-below-header-display":"","ast-hfb-mobile-header-display":"","site-post-title":"","ast-breadcrumbs-content":"","ast-featured-img":"","footer-sml-layout":"","theme-transparent-header-meta":"default","adv-header-id-meta":"","stick-header-meta":"","header-above-stick-meta":"","header-main-stick-meta":"","header-below-stick-meta":"","astra-migrate-meta-layouts":"set","ast-page-background-enabled":"default","ast-page-background-meta":{"desktop":{"background-color":"var(--ast-global-color-4)","background-image":"","background-repeat":"repeat","background-position":"center center","background-size":"auto","background-attachment":"scroll","background-type":"","background-media":"","overlay-type":"","overlay-color":"","overlay-opacity":"","overlay-gradient":""},"tablet":{"background-color":"","background-image":"","background-repeat":"repeat","background-position":"center center","background-size":"auto","background-attachment":"scroll","background-type":"","background-media":"","overlay-type":"","overlay-color":"","overlay-opacity":"","overlay-gradient":""},"mobile":{"background-color":"","background-image":"","background-repeat":"repeat","background-position":"center center","background-size":"auto","background-attachment":"scroll","background-type":"","background-media":"","overlay-type":"","overlay-color":"","overlay-opacity":"","overlay-gradient":""}},"ast-content-background-meta":{"desktop":{"background-color":"var(--ast-global-color-5)","background-image":"","background-repeat":"repeat","background-position":"center center","background-size":"auto","background-attachment":"scroll","background-type":"","background-media":"","overlay-type":"","overlay-color":"","overlay-opacity":"","overlay-gradient":""},"tablet":{"background-color":"var(--ast-global-color-5)","background-image":"","background-repeat":"repeat","background-position":"center center","background-size":"auto","background-attachment":"scroll","background-type":"","background-media":"","overlay-type":"","overlay-color":"","overlay-opacity":"","overlay-gradient":""},"mobile":{"background-color":"var(--ast-global-color-5)","background-image":"","background-repeat":"repeat","background-position":"center center","background-size":"auto","background-attachment":"scroll","background-type":"","background-media":"","overlay-type":"","overlay-color":"","overlay-opacity":"","overlay-gradient":""}}},"product_brand":[],"product_cat":[1001],"product_tag":[],"class_list":{"0":"post-11400","1":"product","2":"type-product","3":"status-publish","4":"has-post-thumbnail","6":"product_cat-husholdningsartikler","7":"pa_lnvalk4b-bla","8":"pa_lnvalk4b-gronn","9":"pa_lnvalk4b-hvit","10":"pa_lnvalk4b-rosa","11":"pa_zxm0p95d-5-stk","12":"pa_zxm0p95d-10-stk","13":"desktop-align-left","14":"tablet-align-left","15":"mobile-align-left","17":"first","18":"instock","19":"shipping-taxable","20":"purchasable","21":"product-type-variable"},"_links":{"self":[{"href":"https:\/\/keluvo.com\/no\/wp-json\/wp\/v2\/product\/11400","targetHints":{"allow":["GET"]}}],"collection":[{"href":"https:\/\/keluvo.com\/no\/wp-json\/wp\/v2\/product"}],"about":[{"href":"https:\/\/keluvo.com\/no\/wp-json\/wp\/v2\/types\/product"}],"replies":[{"embeddable":true,"href":"https:\/\/keluvo.com\/no\/wp-json\/wp\/v2\/comments?post=11400"}],"wp:featuredmedia":[{"embeddable":true,"href":"https:\/\/keluvo.com\/no\/wp-json\/wp\/v2\/media\/11396"}],"wp:attachment":[{"href":"https:\/\/keluvo.com\/no\/wp-json\/wp\/v2\/media?parent=11400"}],"wp:term":[{"taxonomy":"product_brand","embeddable":true,"href":"https:\/\/keluvo.com\/no\/wp-json\/wp\/v2\/product_brand?post=11400"},{"taxonomy":"product_cat","embeddable":true,"href":"https:\/\/keluvo.com\/no\/wp-json\/wp\/v2\/product_cat?post=11400"},{"taxonomy":"product_tag","embeddable":true,"href":"https:\/\/keluvo.com\/no\/wp-json\/wp\/v2\/product_tag?post=11400"}],"curies":[{"name":"wp","href":"https:\/\/api.w.org\/{rel}","templated":true}]}}