{"id":11367,"date":"2025-03-31T18:54:05","date_gmt":"2025-03-31T16:54:05","guid":{"rendered":"https:\/\/keluvo.com\/no\/produkt\/dekaler-for-musehull\/"},"modified":"2025-03-31T18:54:54","modified_gmt":"2025-03-31T16:54:54","slug":"dekaler-for-musehull","status":"publish","type":"product","link":"https:\/\/keluvo.com\/no\/produkt\/dekaler-for-musehull\/","title":{"rendered":"Dekaler for musehull"},"content":{"rendered":"<h2 style=\"text-align: center\"><strong>Morsom Og Kreativ Design<\/strong><\/h2>\n<p style=\"text-align: center\">Musehullsdekaler gir et lekent preg til ethvert rom med sin sjarmerende tegneseriestil. Disse klistremerkene er perfekte for soverom, bad eller til og med kofferter, og gj\u00f8r at rommet f\u00f8les morsommere og mer livlig. De f\u00e5r b\u00e5de barn og voksne til \u00e5 smile.<\/p>\n<p><img decoding=\"async\" class=\"alignnone size-medium wp-image-6345 aligncenter\" src=\"https:\/\/keluvo.com\/template\/wp-content\/uploads\/sites\/5\/2025\/01\/S99bd63ba863d4b1caa84ce7254d6382ej.jpg_960x960q75.jpg_.webp\" \/><\/p>\n<h2 style=\"text-align: center\"><strong>Slitesterke Og Holdbare<\/strong><\/h2>\n<p style=\"text-align: center\">Laget av materialer av h\u00f8y kvalitet, er musehullsdekaler ripesikre og designet for \u00e5 vare lenge. De livlige fargene og den detaljerte designen holder seg friske over tid, slik at dekorasjonen din ser flott ut i \u00e5revis. Perfekt for \u00e5 tilf\u00f8re hjemmet eller personlige gjenstander litt sjarm.<\/p>\n<p><img decoding=\"async\" class=\"alignnone size-medium wp-image-6346 aligncenter\" src=\"https:\/\/keluvo.com\/template\/wp-content\/uploads\/sites\/5\/2025\/01\/Saedfb2e974e546c588ba2b5b98bf61ffK.jpg_960x960q75.jpg_.webp\" \/><\/p>\n","protected":false},"excerpt":{"rendered":"<p>Morsom Og Kreativ Design Musehullsdekaler gir et lekent preg til ethvert rom med sin sjarmerende tegneseriestil. Disse klistremerkene er perfekte [&hellip;]<\/p>\n","protected":false},"featured_media":11363,"comment_status":"open","ping_status":"closed","template":"","meta":{"site-sidebar-layout":"default","site-content-layout":"","ast-site-content-layout":"default","site-content-style":"default","site-sidebar-style":"default","ast-global-header-display":"","ast-banner-title-visibility":"","ast-main-header-display":"","ast-hfb-above-header-display":"","ast-hfb-below-header-display":"","ast-hfb-mobile-header-display":"","site-post-title":"","ast-breadcrumbs-content":"","ast-featured-img":"","footer-sml-layout":"","theme-transparent-header-meta":"default","adv-header-id-meta":"","stick-header-meta":"","header-above-stick-meta":"","header-main-stick-meta":"","header-below-stick-meta":"","astra-migrate-meta-layouts":"set","ast-page-background-enabled":"default","ast-page-background-meta":{"desktop":{"background-color":"var(--ast-global-color-4)","background-image":"","background-repeat":"repeat","background-position":"center center","background-size":"auto","background-attachment":"scroll","background-type":"","background-media":"","overlay-type":"","overlay-color":"","overlay-opacity":"","overlay-gradient":""},"tablet":{"background-color":"","background-image":"","background-repeat":"repeat","background-position":"center center","background-size":"auto","background-attachment":"scroll","background-type":"","background-media":"","overlay-type":"","overlay-color":"","overlay-opacity":"","overlay-gradient":""},"mobile":{"background-color":"","background-image":"","background-repeat":"repeat","background-position":"center center","background-size":"auto","background-attachment":"scroll","background-type":"","background-media":"","overlay-type":"","overlay-color":"","overlay-opacity":"","overlay-gradient":""}},"ast-content-background-meta":{"desktop":{"background-color":"var(--ast-global-color-5)","background-image":"","background-repeat":"repeat","background-position":"center center","background-size":"auto","background-attachment":"scroll","background-type":"","background-media":"","overlay-type":"","overlay-color":"","overlay-opacity":"","overlay-gradient":""},"tablet":{"background-color":"var(--ast-global-color-5)","background-image":"","background-repeat":"repeat","background-position":"center center","background-size":"auto","background-attachment":"scroll","background-type":"","background-media":"","overlay-type":"","overlay-color":"","overlay-opacity":"","overlay-gradient":""},"mobile":{"background-color":"var(--ast-global-color-5)","background-image":"","background-repeat":"repeat","background-position":"center center","background-size":"auto","background-attachment":"scroll","background-type":"","background-media":"","overlay-type":"","overlay-color":"","overlay-opacity":"","overlay-gradient":""}}},"product_brand":[],"product_cat":[1001],"product_tag":[],"class_list":{"0":"post-11367","1":"product","2":"type-product","3":"status-publish","4":"has-post-thumbnail","6":"product_cat-husholdningsartikler","7":"pa_174wmph3-a","8":"pa_174wmph3-b","9":"pa_174wmph3-c","10":"pa_174wmph3-d","11":"pa_174wmph3-e","12":"desktop-align-left","13":"tablet-align-left","14":"mobile-align-left","16":"first","17":"instock","18":"shipping-taxable","19":"purchasable","20":"product-type-variable"},"_links":{"self":[{"href":"https:\/\/keluvo.com\/no\/wp-json\/wp\/v2\/product\/11367","targetHints":{"allow":["GET"]}}],"collection":[{"href":"https:\/\/keluvo.com\/no\/wp-json\/wp\/v2\/product"}],"about":[{"href":"https:\/\/keluvo.com\/no\/wp-json\/wp\/v2\/types\/product"}],"replies":[{"embeddable":true,"href":"https:\/\/keluvo.com\/no\/wp-json\/wp\/v2\/comments?post=11367"}],"wp:featuredmedia":[{"embeddable":true,"href":"https:\/\/keluvo.com\/no\/wp-json\/wp\/v2\/media\/11363"}],"wp:attachment":[{"href":"https:\/\/keluvo.com\/no\/wp-json\/wp\/v2\/media?parent=11367"}],"wp:term":[{"taxonomy":"product_brand","embeddable":true,"href":"https:\/\/keluvo.com\/no\/wp-json\/wp\/v2\/product_brand?post=11367"},{"taxonomy":"product_cat","embeddable":true,"href":"https:\/\/keluvo.com\/no\/wp-json\/wp\/v2\/product_cat?post=11367"},{"taxonomy":"product_tag","embeddable":true,"href":"https:\/\/keluvo.com\/no\/wp-json\/wp\/v2\/product_tag?post=11367"}],"curies":[{"name":"wp","href":"https:\/\/api.w.org\/{rel}","templated":true}]}}