{"id":11358,"date":"2025-03-31T18:52:06","date_gmt":"2025-03-31T16:52:06","guid":{"rendered":"https:\/\/keluvo.com\/no\/produkt\/spatel-i-silikon\/"},"modified":"2025-03-31T18:52:15","modified_gmt":"2025-03-31T16:52:15","slug":"spatel-i-silikon","status":"publish","type":"product","link":"https:\/\/keluvo.com\/no\/produkt\/spatel-i-silikon\/","title":{"rendered":"Spatel i silikon"},"content":{"rendered":"<h2 style=\"text-align: center\" data-start=\"0\" data-end=\"24\"><strong>Enkel Fjerning Av Fugemasse<\/strong><\/h2>\n<p class=\"\" style=\"text-align: center\" data-start=\"25\" data-end=\"291\">Silikonspatelen er utformet for \u00e5 fjerne gammel fugemasse raskt og enkelt. Den skarpe kanten bidrar til \u00e5 skrape bort innt\u00f8rket fugemasse uten \u00e5 skade overflatene. Dette gj\u00f8r den perfekt for reparasjoner p\u00e5 bad, kj\u00f8kken og vinduer. Et flott verkt\u00f8y for b\u00e5de hjemmebruk og profesjonell bruk.<\/p>\n<p data-start=\"25\" data-end=\"291\"><img decoding=\"async\" class=\"alignnone size-medium wp-image-12942 aligncenter\" src=\"https:\/\/keluvo.com\/template\/wp-content\/uploads\/sites\/5\/2025\/03\/S369e1c14f435467a83c163e57fd4c5c7T.jpg_960x960q75.jpg_.jpeg\" alt=\"\" \/><\/p>\n<h2 style=\"text-align: center\" data-start=\"293\" data-end=\"327\"><strong>Jevn Og Presis Etterbehandling<\/strong><\/h2>\n<p class=\"\" style=\"text-align: center\" data-start=\"328\" data-end=\"586\">Med fem utskiftbare silikonputer skaper silikonspatelen jevne og glatte fugeflater. Du kan velge forskjellige vinkler for en perfekt finish. Dette gir rene og profesjonelle tetningskanter. Slutt p\u00e5 rotete eller ujevn fuging.<\/p>\n<p style=\"text-align: center\" data-start=\"328\" data-end=\"586\"><img decoding=\"async\" class=\"alignnone size-medium wp-image-12941\" src=\"https:\/\/keluvo.com\/template\/wp-content\/uploads\/sites\/5\/2025\/03\/He9def6ea0d344539ae410d51d1098077u.jpg_960x960q75.jpg_.jpeg\" alt=\"\" \/><\/p>\n","protected":false},"excerpt":{"rendered":"<p>Enkel Fjerning Av Fugemasse Silikonspatelen er utformet for \u00e5 fjerne gammel fugemasse raskt og enkelt. Den skarpe kanten bidrar til [&hellip;]<\/p>\n","protected":false},"featured_media":11354,"comment_status":"open","ping_status":"closed","template":"","meta":{"site-sidebar-layout":"default","site-content-layout":"","ast-site-content-layout":"default","site-content-style":"default","site-sidebar-style":"default","ast-global-header-display":"","ast-banner-title-visibility":"","ast-main-header-display":"","ast-hfb-above-header-display":"","ast-hfb-below-header-display":"","ast-hfb-mobile-header-display":"","site-post-title":"","ast-breadcrumbs-content":"","ast-featured-img":"","footer-sml-layout":"","theme-transparent-header-meta":"default","adv-header-id-meta":"","stick-header-meta":"","header-above-stick-meta":"","header-main-stick-meta":"","header-below-stick-meta":"","astra-migrate-meta-layouts":"set","ast-page-background-enabled":"default","ast-page-background-meta":{"desktop":{"background-color":"var(--ast-global-color-4)","background-image":"","background-repeat":"repeat","background-position":"center center","background-size":"auto","background-attachment":"scroll","background-type":"","background-media":"","overlay-type":"","overlay-color":"","overlay-opacity":"","overlay-gradient":""},"tablet":{"background-color":"","background-image":"","background-repeat":"repeat","background-position":"center center","background-size":"auto","background-attachment":"scroll","background-type":"","background-media":"","overlay-type":"","overlay-color":"","overlay-opacity":"","overlay-gradient":""},"mobile":{"background-color":"","background-image":"","background-repeat":"repeat","background-position":"center center","background-size":"auto","background-attachment":"scroll","background-type":"","background-media":"","overlay-type":"","overlay-color":"","overlay-opacity":"","overlay-gradient":""}},"ast-content-background-meta":{"desktop":{"background-color":"var(--ast-global-color-5)","background-image":"","background-repeat":"repeat","background-position":"center center","background-size":"auto","background-attachment":"scroll","background-type":"","background-media":"","overlay-type":"","overlay-color":"","overlay-opacity":"","overlay-gradient":""},"tablet":{"background-color":"var(--ast-global-color-5)","background-image":"","background-repeat":"repeat","background-position":"center center","background-size":"auto","background-attachment":"scroll","background-type":"","background-media":"","overlay-type":"","overlay-color":"","overlay-opacity":"","overlay-gradient":""},"mobile":{"background-color":"var(--ast-global-color-5)","background-image":"","background-repeat":"repeat","background-position":"center center","background-size":"auto","background-attachment":"scroll","background-type":"","background-media":"","overlay-type":"","overlay-color":"","overlay-opacity":"","overlay-gradient":""}}},"product_brand":[],"product_cat":[996],"product_tag":[],"class_list":{"0":"post-11358","1":"product","2":"type-product","3":"status-publish","4":"has-post-thumbnail","6":"product_cat-verktoy","7":"pa_18vr3bsr-metall","8":"pa_18vr3bsr-plast","9":"desktop-align-left","10":"tablet-align-left","11":"mobile-align-left","13":"first","14":"instock","15":"shipping-taxable","16":"purchasable","17":"product-type-variable"},"_links":{"self":[{"href":"https:\/\/keluvo.com\/no\/wp-json\/wp\/v2\/product\/11358","targetHints":{"allow":["GET"]}}],"collection":[{"href":"https:\/\/keluvo.com\/no\/wp-json\/wp\/v2\/product"}],"about":[{"href":"https:\/\/keluvo.com\/no\/wp-json\/wp\/v2\/types\/product"}],"replies":[{"embeddable":true,"href":"https:\/\/keluvo.com\/no\/wp-json\/wp\/v2\/comments?post=11358"}],"wp:featuredmedia":[{"embeddable":true,"href":"https:\/\/keluvo.com\/no\/wp-json\/wp\/v2\/media\/11354"}],"wp:attachment":[{"href":"https:\/\/keluvo.com\/no\/wp-json\/wp\/v2\/media?parent=11358"}],"wp:term":[{"taxonomy":"product_brand","embeddable":true,"href":"https:\/\/keluvo.com\/no\/wp-json\/wp\/v2\/product_brand?post=11358"},{"taxonomy":"product_cat","embeddable":true,"href":"https:\/\/keluvo.com\/no\/wp-json\/wp\/v2\/product_cat?post=11358"},{"taxonomy":"product_tag","embeddable":true,"href":"https:\/\/keluvo.com\/no\/wp-json\/wp\/v2\/product_tag?post=11358"}],"curies":[{"name":"wp","href":"https:\/\/api.w.org\/{rel}","templated":true}]}}