{"id":11308,"date":"2025-03-31T18:44:22","date_gmt":"2025-03-31T16:44:22","guid":{"rendered":"https:\/\/keluvo.com\/no\/produkt\/blomstervase-i-silikon\/"},"modified":"2025-03-31T18:44:31","modified_gmt":"2025-03-31T16:44:31","slug":"blomstervase-i-silikon","status":"publish","type":"product","link":"https:\/\/keluvo.com\/no\/produkt\/blomstervase-i-silikon\/","title":{"rendered":"Blomstervase i silikon"},"content":{"rendered":"<h2 style=\"text-align: center\" data-start=\"0\" data-end=\"31\"><strong>Festes P\u00e5 Glatte Overflater<\/strong><\/h2>\n<p class=\"\" style=\"text-align: center\" data-start=\"32\" data-end=\"258\">Blomstervasen i silikon festes enkelt p\u00e5 glatte overflater som vinduer, speil og kj\u00f8leskap. Ingen spiker eller lim er n\u00f8dvendig, noe som gj\u00f8r den til en dekor uten rot. Bare trykk den p\u00e5 overflaten, s\u00e5 sitter den sikkert p\u00e5 plass.<\/p>\n<p data-start=\"32\" data-end=\"258\"><img decoding=\"async\" class=\"alignnone size-medium wp-image-12887 aligncenter\" src=\"https:\/\/keluvo.com\/template\/wp-content\/uploads\/sites\/5\/2025\/03\/4f85c9a3-ffc3-426d-8eb6-1c88fe1bdd0c.webp\" alt=\"\" \/><\/p>\n<h2 style=\"text-align: center\" data-start=\"260\" data-end=\"293\"><strong>Gjenbrukbar Og Enkel \u00c5 Fjerne<\/strong><\/h2>\n<p class=\"\" style=\"text-align: center\" data-start=\"294\" data-end=\"479\">Denne vasen kan fjernes og brukes igjen uten \u00e5 etterlate merker. For \u00e5 bruke den p\u00e5 nytt er det bare \u00e5 rengj\u00f8re baksiden og feste den p\u00e5 en glatt overflate. Det er en flott m\u00e5te \u00e5 endre innredningen p\u00e5 uten \u00e5 skade den.<\/p>\n<p style=\"text-align: center\" data-start=\"294\" data-end=\"479\"><img decoding=\"async\" class=\"alignnone size-medium wp-image-12890\" src=\"https:\/\/keluvo.com\/template\/wp-content\/uploads\/sites\/5\/2025\/03\/H5edfd2d9af3f454d965fdf0546d56e6e2.jpg_960x960q75.jpg_.jpeg\" alt=\"\" \/><\/p>\n","protected":false},"excerpt":{"rendered":"<p>Festes P\u00e5 Glatte Overflater Blomstervasen i silikon festes enkelt p\u00e5 glatte overflater som vinduer, speil og kj\u00f8leskap. Ingen spiker eller [&hellip;]<\/p>\n","protected":false},"featured_media":11304,"comment_status":"open","ping_status":"closed","template":"","meta":{"site-sidebar-layout":"default","site-content-layout":"","ast-site-content-layout":"default","site-content-style":"default","site-sidebar-style":"default","ast-global-header-display":"","ast-banner-title-visibility":"","ast-main-header-display":"","ast-hfb-above-header-display":"","ast-hfb-below-header-display":"","ast-hfb-mobile-header-display":"","site-post-title":"","ast-breadcrumbs-content":"","ast-featured-img":"","footer-sml-layout":"","theme-transparent-header-meta":"default","adv-header-id-meta":"","stick-header-meta":"","header-above-stick-meta":"","header-main-stick-meta":"","header-below-stick-meta":"","astra-migrate-meta-layouts":"set","ast-page-background-enabled":"default","ast-page-background-meta":{"desktop":{"background-color":"var(--ast-global-color-4)","background-image":"","background-repeat":"repeat","background-position":"center center","background-size":"auto","background-attachment":"scroll","background-type":"","background-media":"","overlay-type":"","overlay-color":"","overlay-opacity":"","overlay-gradient":""},"tablet":{"background-color":"","background-image":"","background-repeat":"repeat","background-position":"center center","background-size":"auto","background-attachment":"scroll","background-type":"","background-media":"","overlay-type":"","overlay-color":"","overlay-opacity":"","overlay-gradient":""},"mobile":{"background-color":"","background-image":"","background-repeat":"repeat","background-position":"center center","background-size":"auto","background-attachment":"scroll","background-type":"","background-media":"","overlay-type":"","overlay-color":"","overlay-opacity":"","overlay-gradient":""}},"ast-content-background-meta":{"desktop":{"background-color":"var(--ast-global-color-5)","background-image":"","background-repeat":"repeat","background-position":"center center","background-size":"auto","background-attachment":"scroll","background-type":"","background-media":"","overlay-type":"","overlay-color":"","overlay-opacity":"","overlay-gradient":""},"tablet":{"background-color":"var(--ast-global-color-5)","background-image":"","background-repeat":"repeat","background-position":"center center","background-size":"auto","background-attachment":"scroll","background-type":"","background-media":"","overlay-type":"","overlay-color":"","overlay-opacity":"","overlay-gradient":""},"mobile":{"background-color":"var(--ast-global-color-5)","background-image":"","background-repeat":"repeat","background-position":"center center","background-size":"auto","background-attachment":"scroll","background-type":"","background-media":"","overlay-type":"","overlay-color":"","overlay-opacity":"","overlay-gradient":""}}},"product_brand":[],"product_cat":[993],"product_tag":[],"class_list":{"0":"post-11308","1":"product","2":"type-product","3":"status-publish","4":"has-post-thumbnail","6":"product_cat-skotoy-tilbehor","7":"pa_eslhmlph-bla","8":"pa_eslhmlph-hvit","9":"pa_eslhmlph-rosa","10":"desktop-align-left","11":"tablet-align-left","12":"mobile-align-left","14":"first","15":"instock","16":"shipping-taxable","17":"purchasable","18":"product-type-variable"},"_links":{"self":[{"href":"https:\/\/keluvo.com\/no\/wp-json\/wp\/v2\/product\/11308","targetHints":{"allow":["GET"]}}],"collection":[{"href":"https:\/\/keluvo.com\/no\/wp-json\/wp\/v2\/product"}],"about":[{"href":"https:\/\/keluvo.com\/no\/wp-json\/wp\/v2\/types\/product"}],"replies":[{"embeddable":true,"href":"https:\/\/keluvo.com\/no\/wp-json\/wp\/v2\/comments?post=11308"}],"wp:featuredmedia":[{"embeddable":true,"href":"https:\/\/keluvo.com\/no\/wp-json\/wp\/v2\/media\/11304"}],"wp:attachment":[{"href":"https:\/\/keluvo.com\/no\/wp-json\/wp\/v2\/media?parent=11308"}],"wp:term":[{"taxonomy":"product_brand","embeddable":true,"href":"https:\/\/keluvo.com\/no\/wp-json\/wp\/v2\/product_brand?post=11308"},{"taxonomy":"product_cat","embeddable":true,"href":"https:\/\/keluvo.com\/no\/wp-json\/wp\/v2\/product_cat?post=11308"},{"taxonomy":"product_tag","embeddable":true,"href":"https:\/\/keluvo.com\/no\/wp-json\/wp\/v2\/product_tag?post=11308"}],"curies":[{"name":"wp","href":"https:\/\/api.w.org\/{rel}","templated":true}]}}