{"id":11295,"date":"2025-03-31T18:42:01","date_gmt":"2025-03-31T16:42:01","guid":{"rendered":"https:\/\/keluvo.com\/no\/produkt\/dashbordmatte-for-bil\/"},"modified":"2025-03-31T18:42:21","modified_gmt":"2025-03-31T16:42:21","slug":"dashbordmatte-for-bil","status":"publish","type":"product","link":"https:\/\/keluvo.com\/no\/produkt\/dashbordmatte-for-bil\/","title":{"rendered":"Dashbordmatte for bil"},"content":{"rendered":"<h2 style=\"text-align: center\" data-start=\"0\" data-end=\"27\"><strong>Sterk Antiskli-Base<\/strong><\/h2>\n<p class=\"\" style=\"text-align: center\" data-start=\"28\" data-end=\"229\">Dashbordmatten har en bikakebunn som fester seg godt til dashbordet. Den forhindrer at gjenstander sklir, selv ved br\u00e5stopp. Det trengs ikke lim eller tape, noe som gj\u00f8r den enkel \u00e5 bruke og fjerne.<\/p>\n<p data-start=\"28\" data-end=\"229\"><img decoding=\"async\" class=\"alignnone size-medium wp-image-12906 aligncenter\" src=\"https:\/\/keluvo.com\/template\/wp-content\/uploads\/sites\/5\/2025\/03\/Sa62a4524ae304357b62236105aedff67o.jpg_960x960q75.jpg_.jpeg\" alt=\"\" \/><\/p>\n<h2 style=\"text-align: center\" data-start=\"231\" data-end=\"263\"><strong>360\u00b0 Roterende Telefonholder<\/strong><\/h2>\n<p class=\"\" style=\"text-align: center\" data-start=\"264\" data-end=\"461\">Denne matten har en svaneformet telefonholder som kan rotere 360\u00b0. Juster telefonen i alle vinkler for enkel visning mens du kj\u00f8rer. Den holder telefonen stabil og innen rekkevidde for navigering eller samtaler.<\/p>\n<p data-start=\"264\" data-end=\"461\"><img decoding=\"async\" class=\"alignnone size-medium wp-image-12902 aligncenter\" src=\"https:\/\/keluvo.com\/template\/wp-content\/uploads\/sites\/5\/2025\/03\/S85dd1a9ecb4b4eadb35b00d313491da2b.jpg_960x960q75.jpg_.jpeg\" alt=\"\" \/><\/p>\n","protected":false},"excerpt":{"rendered":"<p>Sterk Antiskli-Base Dashbordmatten har en bikakebunn som fester seg godt til dashbordet. Den forhindrer at gjenstander sklir, selv ved br\u00e5stopp. [&hellip;]<\/p>\n","protected":false},"featured_media":11291,"comment_status":"open","ping_status":"closed","template":"","meta":{"site-sidebar-layout":"default","site-content-layout":"","ast-site-content-layout":"default","site-content-style":"default","site-sidebar-style":"default","ast-global-header-display":"","ast-banner-title-visibility":"","ast-main-header-display":"","ast-hfb-above-header-display":"","ast-hfb-below-header-display":"","ast-hfb-mobile-header-display":"","site-post-title":"","ast-breadcrumbs-content":"","ast-featured-img":"","footer-sml-layout":"","theme-transparent-header-meta":"default","adv-header-id-meta":"","stick-header-meta":"","header-above-stick-meta":"","header-main-stick-meta":"","header-below-stick-meta":"","astra-migrate-meta-layouts":"set","ast-page-background-enabled":"default","ast-page-background-meta":{"desktop":{"background-color":"var(--ast-global-color-4)","background-image":"","background-repeat":"repeat","background-position":"center center","background-size":"auto","background-attachment":"scroll","background-type":"","background-media":"","overlay-type":"","overlay-color":"","overlay-opacity":"","overlay-gradient":""},"tablet":{"background-color":"","background-image":"","background-repeat":"repeat","background-position":"center center","background-size":"auto","background-attachment":"scroll","background-type":"","background-media":"","overlay-type":"","overlay-color":"","overlay-opacity":"","overlay-gradient":""},"mobile":{"background-color":"","background-image":"","background-repeat":"repeat","background-position":"center center","background-size":"auto","background-attachment":"scroll","background-type":"","background-media":"","overlay-type":"","overlay-color":"","overlay-opacity":"","overlay-gradient":""}},"ast-content-background-meta":{"desktop":{"background-color":"var(--ast-global-color-5)","background-image":"","background-repeat":"repeat","background-position":"center center","background-size":"auto","background-attachment":"scroll","background-type":"","background-media":"","overlay-type":"","overlay-color":"","overlay-opacity":"","overlay-gradient":""},"tablet":{"background-color":"var(--ast-global-color-5)","background-image":"","background-repeat":"repeat","background-position":"center center","background-size":"auto","background-attachment":"scroll","background-type":"","background-media":"","overlay-type":"","overlay-color":"","overlay-opacity":"","overlay-gradient":""},"mobile":{"background-color":"var(--ast-global-color-5)","background-image":"","background-repeat":"repeat","background-position":"center center","background-size":"auto","background-attachment":"scroll","background-type":"","background-media":"","overlay-type":"","overlay-color":"","overlay-opacity":"","overlay-gradient":""}}},"product_brand":[],"product_cat":[998],"product_tag":[],"class_list":{"0":"post-11295","1":"product","2":"type-product","3":"status-publish","4":"has-post-thumbnail","6":"product_cat-bilprodukter","7":"pa_y8nk01hw-bla","8":"pa_y8nk01hw-rod","9":"pa_y8nk01hw-rod-med-tegneserie","10":"pa_y8nk01hw-svart","11":"desktop-align-left","12":"tablet-align-left","13":"mobile-align-left","15":"first","16":"instock","17":"shipping-taxable","18":"purchasable","19":"product-type-variable"},"_links":{"self":[{"href":"https:\/\/keluvo.com\/no\/wp-json\/wp\/v2\/product\/11295","targetHints":{"allow":["GET"]}}],"collection":[{"href":"https:\/\/keluvo.com\/no\/wp-json\/wp\/v2\/product"}],"about":[{"href":"https:\/\/keluvo.com\/no\/wp-json\/wp\/v2\/types\/product"}],"replies":[{"embeddable":true,"href":"https:\/\/keluvo.com\/no\/wp-json\/wp\/v2\/comments?post=11295"}],"wp:featuredmedia":[{"embeddable":true,"href":"https:\/\/keluvo.com\/no\/wp-json\/wp\/v2\/media\/11291"}],"wp:attachment":[{"href":"https:\/\/keluvo.com\/no\/wp-json\/wp\/v2\/media?parent=11295"}],"wp:term":[{"taxonomy":"product_brand","embeddable":true,"href":"https:\/\/keluvo.com\/no\/wp-json\/wp\/v2\/product_brand?post=11295"},{"taxonomy":"product_cat","embeddable":true,"href":"https:\/\/keluvo.com\/no\/wp-json\/wp\/v2\/product_cat?post=11295"},{"taxonomy":"product_tag","embeddable":true,"href":"https:\/\/keluvo.com\/no\/wp-json\/wp\/v2\/product_tag?post=11295"}],"curies":[{"name":"wp","href":"https:\/\/api.w.org\/{rel}","templated":true}]}}