{"id":11279,"date":"2025-03-31T18:39:51","date_gmt":"2025-03-31T16:39:51","guid":{"rendered":"https:\/\/keluvo.com\/no\/produkt\/tradlos-telefonlader-2\/"},"modified":"2025-03-31T18:40:30","modified_gmt":"2025-03-31T16:40:30","slug":"tradlos-telefonlader-2","status":"publish","type":"product","link":"https:\/\/keluvo.com\/no\/produkt\/tradlos-telefonlader-2\/","title":{"rendered":"Tr\u00e5dl\u00f8s telefonlader"},"content":{"rendered":"<h2 style=\"text-align: center\"><strong>Automatiske Klemmer For Enkel Bruk<\/strong><\/h2>\n<p style=\"text-align: center\">Den tr\u00e5dl\u00f8se billaderen har avansert automatisk sensorteknologi, noe som gj\u00f8r den utrolig brukervennlig. N\u00e5r telefonen plasseres i n\u00e6rheten av holderen, lukkes klemmene automatisk for \u00e5 sikre den. Med et enkelt trykk p\u00e5 holderen l\u00f8sner klemmene, slik at du enkelt kan hente telefonen, selv mens du kj\u00f8rer.<\/p>\n<p><img decoding=\"async\" class=\"alignnone size-medium wp-image-6248 aligncenter\" src=\"https:\/\/keluvo.com\/template\/wp-content\/uploads\/sites\/5\/2025\/01\/491fe4c7-9967-4c4d-85c4-048210694567.webp\" alt=\"\" \/><\/p>\n<h2 style=\"text-align: center\"><strong>Rask Og P\u00e5litelig Lading<\/strong><\/h2>\n<p style=\"text-align: center\">Denne laderen er designet for Qi-aktiverte enheter og gir sikker og effektiv hurtiglading med alternativer fra 5 W til 30 W. Den justerer str\u00f8mmen intelligent etter enhetens behov, noe som sikrer optimal ytelse. For best resultat kan du koble den sammen med en QC3.0-adapter for billader (ikke inkludert) for uavbrutt hurtiglading.<\/p>\n<p><img decoding=\"async\" class=\"alignnone size-medium wp-image-6221 aligncenter\" src=\"https:\/\/keluvo.com\/template\/wp-content\/uploads\/sites\/5\/2025\/01\/a5e4392a-5e6b-42e5-a0da-52c3f25bcca4.webp\" alt=\"\" \/><\/p>\n","protected":false},"excerpt":{"rendered":"<p>Automatiske Klemmer For Enkel Bruk Den tr\u00e5dl\u00f8se billaderen har avansert automatisk sensorteknologi, noe som gj\u00f8r den utrolig brukervennlig. N\u00e5r telefonen [&hellip;]<\/p>\n","protected":false},"featured_media":11275,"comment_status":"open","ping_status":"closed","template":"","meta":{"site-sidebar-layout":"default","site-content-layout":"","ast-site-content-layout":"default","site-content-style":"default","site-sidebar-style":"default","ast-global-header-display":"","ast-banner-title-visibility":"","ast-main-header-display":"","ast-hfb-above-header-display":"","ast-hfb-below-header-display":"","ast-hfb-mobile-header-display":"","site-post-title":"","ast-breadcrumbs-content":"","ast-featured-img":"","footer-sml-layout":"","theme-transparent-header-meta":"default","adv-header-id-meta":"","stick-header-meta":"","header-above-stick-meta":"","header-main-stick-meta":"","header-below-stick-meta":"","astra-migrate-meta-layouts":"set","ast-page-background-enabled":"default","ast-page-background-meta":{"desktop":{"background-color":"var(--ast-global-color-4)","background-image":"","background-repeat":"repeat","background-position":"center center","background-size":"auto","background-attachment":"scroll","background-type":"","background-media":"","overlay-type":"","overlay-color":"","overlay-opacity":"","overlay-gradient":""},"tablet":{"background-color":"","background-image":"","background-repeat":"repeat","background-position":"center center","background-size":"auto","background-attachment":"scroll","background-type":"","background-media":"","overlay-type":"","overlay-color":"","overlay-opacity":"","overlay-gradient":""},"mobile":{"background-color":"","background-image":"","background-repeat":"repeat","background-position":"center center","background-size":"auto","background-attachment":"scroll","background-type":"","background-media":"","overlay-type":"","overlay-color":"","overlay-opacity":"","overlay-gradient":""}},"ast-content-background-meta":{"desktop":{"background-color":"var(--ast-global-color-5)","background-image":"","background-repeat":"repeat","background-position":"center center","background-size":"auto","background-attachment":"scroll","background-type":"","background-media":"","overlay-type":"","overlay-color":"","overlay-opacity":"","overlay-gradient":""},"tablet":{"background-color":"var(--ast-global-color-5)","background-image":"","background-repeat":"repeat","background-position":"center center","background-size":"auto","background-attachment":"scroll","background-type":"","background-media":"","overlay-type":"","overlay-color":"","overlay-opacity":"","overlay-gradient":""},"mobile":{"background-color":"var(--ast-global-color-5)","background-image":"","background-repeat":"repeat","background-position":"center center","background-size":"auto","background-attachment":"scroll","background-type":"","background-media":"","overlay-type":"","overlay-color":"","overlay-opacity":"","overlay-gradient":""}}},"product_brand":[],"product_cat":[998],"product_tag":[],"class_list":{"0":"post-11279","1":"product","2":"type-product","3":"status-publish","4":"has-post-thumbnail","6":"product_cat-bilprodukter","7":"pa_cxhp8wlr-bla","8":"pa_cxhp8wlr-gul","9":"pa_cxhp8wlr-rod","10":"pa_cxhp8wlr-svart","11":"desktop-align-left","12":"tablet-align-left","13":"mobile-align-left","15":"first","16":"instock","17":"shipping-taxable","18":"purchasable","19":"product-type-variable"},"_links":{"self":[{"href":"https:\/\/keluvo.com\/no\/wp-json\/wp\/v2\/product\/11279","targetHints":{"allow":["GET"]}}],"collection":[{"href":"https:\/\/keluvo.com\/no\/wp-json\/wp\/v2\/product"}],"about":[{"href":"https:\/\/keluvo.com\/no\/wp-json\/wp\/v2\/types\/product"}],"replies":[{"embeddable":true,"href":"https:\/\/keluvo.com\/no\/wp-json\/wp\/v2\/comments?post=11279"}],"wp:featuredmedia":[{"embeddable":true,"href":"https:\/\/keluvo.com\/no\/wp-json\/wp\/v2\/media\/11275"}],"wp:attachment":[{"href":"https:\/\/keluvo.com\/no\/wp-json\/wp\/v2\/media?parent=11279"}],"wp:term":[{"taxonomy":"product_brand","embeddable":true,"href":"https:\/\/keluvo.com\/no\/wp-json\/wp\/v2\/product_brand?post=11279"},{"taxonomy":"product_cat","embeddable":true,"href":"https:\/\/keluvo.com\/no\/wp-json\/wp\/v2\/product_cat?post=11279"},{"taxonomy":"product_tag","embeddable":true,"href":"https:\/\/keluvo.com\/no\/wp-json\/wp\/v2\/product_tag?post=11279"}],"curies":[{"name":"wp","href":"https:\/\/api.w.org\/{rel}","templated":true}]}}