{"id":11273,"date":"2025-03-31T18:37:59","date_gmt":"2025-03-31T16:37:59","guid":{"rendered":"https:\/\/keluvo.com\/no\/produkt\/bordfotballspill\/"},"modified":"2025-03-31T18:37:59","modified_gmt":"2025-03-31T16:37:59","slug":"bordfotballspill","status":"publish","type":"product","link":"https:\/\/keluvo.com\/no\/produkt\/bordfotballspill\/","title":{"rendered":"Bordfotballspill"},"content":{"rendered":"<h2 style=\"text-align: center\" data-start=\"0\" data-end=\"22\"><strong>Moro For Alle Aldre<\/strong><\/h2>\n<p class=\"\" style=\"text-align: center\" data-start=\"23\" data-end=\"241\">Bordfotballspillet er en flott m\u00e5te \u00e5 nyte vennskapelig konkurranse p\u00e5. Det er designet for to spillere, noe som gj\u00f8r det perfekt for b\u00e5de barn og voksne. Dette spillet bidrar til \u00e5 forbedre h\u00e5nd-\u00f8ye-koordinasjonen samtidig som det gir timevis med moro.<\/p>\n<p data-start=\"23\" data-end=\"241\"><img decoding=\"async\" class=\"alignnone size-medium wp-image-12912 aligncenter\" src=\"https:\/\/keluvo.com\/template\/wp-content\/uploads\/sites\/5\/2025\/03\/7aec4fda-54ce-45cd-8c80-f85942286c83.webp\" alt=\"\" \/><\/p>\n<h2 style=\"text-align: center\" data-start=\"243\" data-end=\"271\"><strong>Robust Og Sikker Design<\/strong><\/h2>\n<p class=\"\" style=\"text-align: center\" data-start=\"272\" data-end=\"498\">Laget av ABS-materiale av h\u00f8y kvalitet, er dette bordfotballspillet bygget for \u00e5 vare. Den sterke strukturen sikrer holdbarhet, mens de glatte kantene gj\u00f8r det trygt for barn \u00e5 leke. Nyt bekymringsfri spilling med en robust design.<\/p>\n<p style=\"text-align: center\" data-start=\"272\" data-end=\"498\"><img decoding=\"async\" class=\"alignnone size-medium wp-image-12917\" src=\"https:\/\/keluvo.com\/template\/wp-content\/uploads\/sites\/5\/2025\/03\/Sb46bd320e7e1497ba74621f333be0f329.jpg_960x960q75.jpg_.jpeg\" alt=\"\" \/><\/p>\n","protected":false},"excerpt":{"rendered":"<p>Moro For Alle Aldre Bordfotballspillet er en flott m\u00e5te \u00e5 nyte vennskapelig konkurranse p\u00e5. Det er designet for to spillere, [&hellip;]<\/p>\n","protected":false},"featured_media":11269,"comment_status":"open","ping_status":"closed","template":"","meta":{"site-sidebar-layout":"default","site-content-layout":"","ast-site-content-layout":"default","site-content-style":"default","site-sidebar-style":"default","ast-global-header-display":"","ast-banner-title-visibility":"","ast-main-header-display":"","ast-hfb-above-header-display":"","ast-hfb-below-header-display":"","ast-hfb-mobile-header-display":"","site-post-title":"","ast-breadcrumbs-content":"","ast-featured-img":"","footer-sml-layout":"","theme-transparent-header-meta":"default","adv-header-id-meta":"","stick-header-meta":"","header-above-stick-meta":"","header-main-stick-meta":"","header-below-stick-meta":"","astra-migrate-meta-layouts":"set","ast-page-background-enabled":"default","ast-page-background-meta":{"desktop":{"background-color":"var(--ast-global-color-4)","background-image":"","background-repeat":"repeat","background-position":"center center","background-size":"auto","background-attachment":"scroll","background-type":"","background-media":"","overlay-type":"","overlay-color":"","overlay-opacity":"","overlay-gradient":""},"tablet":{"background-color":"","background-image":"","background-repeat":"repeat","background-position":"center center","background-size":"auto","background-attachment":"scroll","background-type":"","background-media":"","overlay-type":"","overlay-color":"","overlay-opacity":"","overlay-gradient":""},"mobile":{"background-color":"","background-image":"","background-repeat":"repeat","background-position":"center center","background-size":"auto","background-attachment":"scroll","background-type":"","background-media":"","overlay-type":"","overlay-color":"","overlay-opacity":"","overlay-gradient":""}},"ast-content-background-meta":{"desktop":{"background-color":"var(--ast-global-color-5)","background-image":"","background-repeat":"repeat","background-position":"center center","background-size":"auto","background-attachment":"scroll","background-type":"","background-media":"","overlay-type":"","overlay-color":"","overlay-opacity":"","overlay-gradient":""},"tablet":{"background-color":"var(--ast-global-color-5)","background-image":"","background-repeat":"repeat","background-position":"center center","background-size":"auto","background-attachment":"scroll","background-type":"","background-media":"","overlay-type":"","overlay-color":"","overlay-opacity":"","overlay-gradient":""},"mobile":{"background-color":"var(--ast-global-color-5)","background-image":"","background-repeat":"repeat","background-position":"center center","background-size":"auto","background-attachment":"scroll","background-type":"","background-media":"","overlay-type":"","overlay-color":"","overlay-opacity":"","overlay-gradient":""}}},"product_brand":[],"product_cat":[990],"product_tag":[],"class_list":{"0":"post-11273","1":"product","2":"type-product","3":"status-publish","4":"has-post-thumbnail","6":"product_cat-leker-barne-og-babyprodukter","7":"desktop-align-left","8":"tablet-align-left","9":"mobile-align-left","11":"first","12":"instock","13":"shipping-taxable","14":"purchasable","15":"product-type-simple"},"_links":{"self":[{"href":"https:\/\/keluvo.com\/no\/wp-json\/wp\/v2\/product\/11273","targetHints":{"allow":["GET"]}}],"collection":[{"href":"https:\/\/keluvo.com\/no\/wp-json\/wp\/v2\/product"}],"about":[{"href":"https:\/\/keluvo.com\/no\/wp-json\/wp\/v2\/types\/product"}],"replies":[{"embeddable":true,"href":"https:\/\/keluvo.com\/no\/wp-json\/wp\/v2\/comments?post=11273"}],"wp:featuredmedia":[{"embeddable":true,"href":"https:\/\/keluvo.com\/no\/wp-json\/wp\/v2\/media\/11269"}],"wp:attachment":[{"href":"https:\/\/keluvo.com\/no\/wp-json\/wp\/v2\/media?parent=11273"}],"wp:term":[{"taxonomy":"product_brand","embeddable":true,"href":"https:\/\/keluvo.com\/no\/wp-json\/wp\/v2\/product_brand?post=11273"},{"taxonomy":"product_cat","embeddable":true,"href":"https:\/\/keluvo.com\/no\/wp-json\/wp\/v2\/product_cat?post=11273"},{"taxonomy":"product_tag","embeddable":true,"href":"https:\/\/keluvo.com\/no\/wp-json\/wp\/v2\/product_tag?post=11273"}],"curies":[{"name":"wp","href":"https:\/\/api.w.org\/{rel}","templated":true}]}}