{"id":11187,"date":"2025-03-28T23:34:14","date_gmt":"2025-03-28T21:34:14","guid":{"rendered":"https:\/\/keluvo.com\/no\/produkt\/spade-for-rensing-av-ugress\/"},"modified":"2025-03-28T23:34:27","modified_gmt":"2025-03-28T21:34:27","slug":"spade-for-rensing-av-ugress","status":"publish","type":"product","link":"https:\/\/keluvo.com\/no\/produkt\/spade-for-rensing-av-ugress\/","title":{"rendered":"Spade for rensing av ugress"},"content":{"rendered":"<h2 style=\"text-align: center\" data-start=\"0\" data-end=\"33\"><strong>Sterkt Og Slitesterkt Materiale<\/strong><\/h2>\n<p class=\"\" style=\"text-align: center\" data-start=\"34\" data-end=\"282\">Ugrasrensespaden er laget av manganst\u00e5l av h\u00f8y kvalitet, noe som gj\u00f8r den sterk og holdbar. Den skarpe kanten gj\u00f8r det enkelt \u00e5 grave og skj\u00e6re gjennom t\u00f8ft ugress. Den er designet for tung bruk og er perfekt for b\u00e5de hage- og g\u00e5rdsarbeid.<\/p>\n<p data-start=\"34\" data-end=\"282\"><img decoding=\"async\" class=\"alignnone size-medium wp-image-12995 aligncenter\" src=\"https:\/\/keluvo.com\/template\/wp-content\/uploads\/sites\/5\/2025\/03\/f15dbaed-dcf0-4cd5-9543-fb095aeb0ab4.webp\" alt=\"\" \/><\/p>\n<h2 style=\"text-align: center\" data-start=\"284\" data-end=\"316\"><strong>Enkel Og Rask Fjerning Av Ugress<\/strong><\/h2>\n<p class=\"\" style=\"text-align: center\" data-start=\"317\" data-end=\"551\">Med ugressrensespaden er det raskt og enkelt \u00e5 fjerne u\u00f8nskede planter. Det brede bladet dekker et st\u00f8rre omr\u00e5de, noe som reduserer tiden som brukes p\u00e5 luking. Du trenger ikke \u00e5 b\u00f8ye deg eller st\u00e5 p\u00e5 kn\u00e6rne &#8211; det er bare \u00e5 feste et h\u00e5ndtak for komfortabel og effektiv bruk.<\/p>\n<p data-start=\"317\" data-end=\"551\"><img decoding=\"async\" class=\"alignnone size-medium wp-image-12996 aligncenter\" src=\"https:\/\/keluvo.com\/template\/wp-content\/uploads\/sites\/5\/2025\/03\/S1e82d15c147f428f8188ead6e12e54bey.jpg_960x960q75.jpg_.jpeg\" alt=\"\" \/><\/p>\n","protected":false},"excerpt":{"rendered":"<p>Sterkt Og Slitesterkt Materiale Ugrasrensespaden er laget av manganst\u00e5l av h\u00f8y kvalitet, noe som gj\u00f8r den sterk og holdbar. Den [&hellip;]<\/p>\n","protected":false},"featured_media":11183,"comment_status":"open","ping_status":"closed","template":"","meta":{"site-sidebar-layout":"default","site-content-layout":"","ast-site-content-layout":"default","site-content-style":"default","site-sidebar-style":"default","ast-global-header-display":"","ast-banner-title-visibility":"","ast-main-header-display":"","ast-hfb-above-header-display":"","ast-hfb-below-header-display":"","ast-hfb-mobile-header-display":"","site-post-title":"","ast-breadcrumbs-content":"","ast-featured-img":"","footer-sml-layout":"","theme-transparent-header-meta":"default","adv-header-id-meta":"","stick-header-meta":"","header-above-stick-meta":"","header-main-stick-meta":"","header-below-stick-meta":"","astra-migrate-meta-layouts":"set","ast-page-background-enabled":"default","ast-page-background-meta":{"desktop":{"background-color":"var(--ast-global-color-4)","background-image":"","background-repeat":"repeat","background-position":"center center","background-size":"auto","background-attachment":"scroll","background-type":"","background-media":"","overlay-type":"","overlay-color":"","overlay-opacity":"","overlay-gradient":""},"tablet":{"background-color":"","background-image":"","background-repeat":"repeat","background-position":"center center","background-size":"auto","background-attachment":"scroll","background-type":"","background-media":"","overlay-type":"","overlay-color":"","overlay-opacity":"","overlay-gradient":""},"mobile":{"background-color":"","background-image":"","background-repeat":"repeat","background-position":"center center","background-size":"auto","background-attachment":"scroll","background-type":"","background-media":"","overlay-type":"","overlay-color":"","overlay-opacity":"","overlay-gradient":""}},"ast-content-background-meta":{"desktop":{"background-color":"var(--ast-global-color-5)","background-image":"","background-repeat":"repeat","background-position":"center center","background-size":"auto","background-attachment":"scroll","background-type":"","background-media":"","overlay-type":"","overlay-color":"","overlay-opacity":"","overlay-gradient":""},"tablet":{"background-color":"var(--ast-global-color-5)","background-image":"","background-repeat":"repeat","background-position":"center center","background-size":"auto","background-attachment":"scroll","background-type":"","background-media":"","overlay-type":"","overlay-color":"","overlay-opacity":"","overlay-gradient":""},"mobile":{"background-color":"var(--ast-global-color-5)","background-image":"","background-repeat":"repeat","background-position":"center center","background-size":"auto","background-attachment":"scroll","background-type":"","background-media":"","overlay-type":"","overlay-color":"","overlay-opacity":"","overlay-gradient":""}}},"product_brand":[],"product_cat":[996],"product_tag":[],"class_list":{"0":"post-11187","1":"product","2":"type-product","3":"status-publish","4":"has-post-thumbnail","6":"product_cat-verktoy","7":"pa_rcxx8vmu-20-cm","8":"pa_rcxx8vmu-25-cm","9":"pa_rcxx8vmu-30-cm","10":"desktop-align-left","11":"tablet-align-left","12":"mobile-align-left","14":"first","15":"instock","16":"shipping-taxable","17":"purchasable","18":"product-type-variable"},"_links":{"self":[{"href":"https:\/\/keluvo.com\/no\/wp-json\/wp\/v2\/product\/11187","targetHints":{"allow":["GET"]}}],"collection":[{"href":"https:\/\/keluvo.com\/no\/wp-json\/wp\/v2\/product"}],"about":[{"href":"https:\/\/keluvo.com\/no\/wp-json\/wp\/v2\/types\/product"}],"replies":[{"embeddable":true,"href":"https:\/\/keluvo.com\/no\/wp-json\/wp\/v2\/comments?post=11187"}],"wp:featuredmedia":[{"embeddable":true,"href":"https:\/\/keluvo.com\/no\/wp-json\/wp\/v2\/media\/11183"}],"wp:attachment":[{"href":"https:\/\/keluvo.com\/no\/wp-json\/wp\/v2\/media?parent=11187"}],"wp:term":[{"taxonomy":"product_brand","embeddable":true,"href":"https:\/\/keluvo.com\/no\/wp-json\/wp\/v2\/product_brand?post=11187"},{"taxonomy":"product_cat","embeddable":true,"href":"https:\/\/keluvo.com\/no\/wp-json\/wp\/v2\/product_cat?post=11187"},{"taxonomy":"product_tag","embeddable":true,"href":"https:\/\/keluvo.com\/no\/wp-json\/wp\/v2\/product_tag?post=11187"}],"curies":[{"name":"wp","href":"https:\/\/api.w.org\/{rel}","templated":true}]}}