{"id":11182,"date":"2025-03-28T23:32:55","date_gmt":"2025-03-28T21:32:55","guid":{"rendered":"https:\/\/keluvo.com\/no\/produkt\/musikk-dansende-leketoy\/"},"modified":"2025-03-28T23:32:55","modified_gmt":"2025-03-28T21:32:55","slug":"musikk-dansende-leketoy","status":"publish","type":"product","link":"https:\/\/keluvo.com\/no\/produkt\/musikk-dansende-leketoy\/","title":{"rendered":"Musikk dansende leket\u00f8y"},"content":{"rendered":"<h2 style=\"text-align: center\" data-start=\"0\" data-end=\"26\"><strong>Morsom Musikk Og Lyder<\/strong><\/h2>\n<p class=\"\" style=\"text-align: center\" data-start=\"27\" data-end=\"248\">Musikkdanseleken spiller munter og dynamisk musikk som barna vil elske. Den har lydeffekter av h\u00f8y kvalitet med en klar og livlig rytme. Dette gj\u00f8r leken mer spennende og engasjerende for barn i alle aldre.<\/p>\n<p data-start=\"27\" data-end=\"248\"><img decoding=\"async\" class=\"alignnone size-medium wp-image-13039 aligncenter\" src=\"https:\/\/keluvo.com\/template\/wp-content\/uploads\/sites\/5\/2025\/03\/1ff0086c-e3a2-417a-8e5d-fa2dcd6ac15f.webp\" alt=\"\" \/><\/p>\n<h2 style=\"text-align: center\" data-start=\"250\" data-end=\"282\"><strong>Sterke Og Fargerike Lys<\/strong><\/h2>\n<p class=\"\" style=\"text-align: center\" data-start=\"283\" data-end=\"536\">Med blinkende lys som skifter farge i takt med rytmen, skaper den musikalske danseleken en morsom og livlig atmosf\u00e6re. De gl\u00f8dende effektene gj\u00f8r det enda morsommere, spesielt i m\u00f8rkere rom. Barna vil elske \u00e5 se lysene danse i takt med musikken.<\/p>\n<p data-start=\"283\" data-end=\"536\"><img decoding=\"async\" class=\"alignnone size-medium wp-image-13041 aligncenter\" src=\"https:\/\/keluvo.com\/template\/wp-content\/uploads\/sites\/5\/2025\/03\/Sad7fbbf40f0149888f47d301218a6cb5l.jpg_960x960q75.jpg_.jpeg\" alt=\"\" \/><\/p>\n","protected":false},"excerpt":{"rendered":"<p>Morsom Musikk Og Lyder Musikkdanseleken spiller munter og dynamisk musikk som barna vil elske. Den har lydeffekter av h\u00f8y kvalitet [&hellip;]<\/p>\n","protected":false},"featured_media":11178,"comment_status":"open","ping_status":"closed","template":"","meta":{"site-sidebar-layout":"default","site-content-layout":"","ast-site-content-layout":"default","site-content-style":"default","site-sidebar-style":"default","ast-global-header-display":"","ast-banner-title-visibility":"","ast-main-header-display":"","ast-hfb-above-header-display":"","ast-hfb-below-header-display":"","ast-hfb-mobile-header-display":"","site-post-title":"","ast-breadcrumbs-content":"","ast-featured-img":"","footer-sml-layout":"","theme-transparent-header-meta":"default","adv-header-id-meta":"","stick-header-meta":"","header-above-stick-meta":"","header-main-stick-meta":"","header-below-stick-meta":"","astra-migrate-meta-layouts":"set","ast-page-background-enabled":"default","ast-page-background-meta":{"desktop":{"background-color":"var(--ast-global-color-4)","background-image":"","background-repeat":"repeat","background-position":"center center","background-size":"auto","background-attachment":"scroll","background-type":"","background-media":"","overlay-type":"","overlay-color":"","overlay-opacity":"","overlay-gradient":""},"tablet":{"background-color":"","background-image":"","background-repeat":"repeat","background-position":"center center","background-size":"auto","background-attachment":"scroll","background-type":"","background-media":"","overlay-type":"","overlay-color":"","overlay-opacity":"","overlay-gradient":""},"mobile":{"background-color":"","background-image":"","background-repeat":"repeat","background-position":"center center","background-size":"auto","background-attachment":"scroll","background-type":"","background-media":"","overlay-type":"","overlay-color":"","overlay-opacity":"","overlay-gradient":""}},"ast-content-background-meta":{"desktop":{"background-color":"var(--ast-global-color-5)","background-image":"","background-repeat":"repeat","background-position":"center center","background-size":"auto","background-attachment":"scroll","background-type":"","background-media":"","overlay-type":"","overlay-color":"","overlay-opacity":"","overlay-gradient":""},"tablet":{"background-color":"var(--ast-global-color-5)","background-image":"","background-repeat":"repeat","background-position":"center center","background-size":"auto","background-attachment":"scroll","background-type":"","background-media":"","overlay-type":"","overlay-color":"","overlay-opacity":"","overlay-gradient":""},"mobile":{"background-color":"var(--ast-global-color-5)","background-image":"","background-repeat":"repeat","background-position":"center center","background-size":"auto","background-attachment":"scroll","background-type":"","background-media":"","overlay-type":"","overlay-color":"","overlay-opacity":"","overlay-gradient":""}}},"product_brand":[],"product_cat":[990],"product_tag":[],"class_list":{"0":"post-11182","1":"product","2":"type-product","3":"status-publish","4":"has-post-thumbnail","6":"product_cat-leker-barne-og-babyprodukter","7":"desktop-align-left","8":"tablet-align-left","9":"mobile-align-left","11":"first","12":"instock","13":"shipping-taxable","14":"purchasable","15":"product-type-simple"},"_links":{"self":[{"href":"https:\/\/keluvo.com\/no\/wp-json\/wp\/v2\/product\/11182","targetHints":{"allow":["GET"]}}],"collection":[{"href":"https:\/\/keluvo.com\/no\/wp-json\/wp\/v2\/product"}],"about":[{"href":"https:\/\/keluvo.com\/no\/wp-json\/wp\/v2\/types\/product"}],"replies":[{"embeddable":true,"href":"https:\/\/keluvo.com\/no\/wp-json\/wp\/v2\/comments?post=11182"}],"wp:featuredmedia":[{"embeddable":true,"href":"https:\/\/keluvo.com\/no\/wp-json\/wp\/v2\/media\/11178"}],"wp:attachment":[{"href":"https:\/\/keluvo.com\/no\/wp-json\/wp\/v2\/media?parent=11182"}],"wp:term":[{"taxonomy":"product_brand","embeddable":true,"href":"https:\/\/keluvo.com\/no\/wp-json\/wp\/v2\/product_brand?post=11182"},{"taxonomy":"product_cat","embeddable":true,"href":"https:\/\/keluvo.com\/no\/wp-json\/wp\/v2\/product_cat?post=11182"},{"taxonomy":"product_tag","embeddable":true,"href":"https:\/\/keluvo.com\/no\/wp-json\/wp\/v2\/product_tag?post=11182"}],"curies":[{"name":"wp","href":"https:\/\/api.w.org\/{rel}","templated":true}]}}