{"id":11177,"date":"2025-03-28T23:31:36","date_gmt":"2025-03-28T21:31:36","guid":{"rendered":"https:\/\/keluvo.com\/no\/produkt\/avisoleringsverktoy-for-ledninger\/"},"modified":"2025-03-28T23:31:36","modified_gmt":"2025-03-28T21:31:36","slug":"avisoleringsverktoy-for-ledninger","status":"publish","type":"product","link":"https:\/\/keluvo.com\/no\/produkt\/avisoleringsverktoy-for-ledninger\/","title":{"rendered":"Avisoleringsverkt\u00f8y for ledninger"},"content":{"rendered":"<h2 style=\"text-align: center\" data-start=\"0\" data-end=\"32\"><strong>Enkel Og Presis Stripping<\/strong><\/h2>\n<p class=\"\" style=\"text-align: center\" data-start=\"33\" data-end=\"255\">Ved hjelp av strippeverkt\u00f8yet kan du raskt og n\u00f8yaktig fjerne isolasjon fra ledninger. De skarpe skj\u00e6rekantene sikrer rene resultater uten \u00e5 skade ledningen. Perfekt for elektrikere, gj\u00f8r-det-selv-entusiaster og reparasjoner i hjemmet.<\/p>\n<p data-start=\"33\" data-end=\"255\"><img decoding=\"async\" class=\"alignnone size-medium wp-image-13035 aligncenter\" src=\"https:\/\/keluvo.com\/template\/wp-content\/uploads\/sites\/5\/2025\/03\/S6aa7ffbf77f3427cba6cdcba1775a9ad3.jpg_960x960q75.jpg_.jpeg\" alt=\"\" \/><\/p>\n<h2 style=\"text-align: center\" data-start=\"257\" data-end=\"287\"><strong>Holdbar Og Sterk Konstruksjon<\/strong><\/h2>\n<p class=\"\" style=\"text-align: center\" data-start=\"288\" data-end=\"524\">Laget av materialer av h\u00f8y kvalitet, er avisoleringsverkt\u00f8yet bygget for \u00e5 vare. Den robuste konstruksjonen sikrer p\u00e5litelig ytelse, selv ved hyppig bruk. Verkt\u00f8yet er motstandsdyktig mot slitasje, noe som gj\u00f8r det til et p\u00e5litelig valg for ethvert prosjekt.<\/p>\n<p data-start=\"288\" data-end=\"524\"><img decoding=\"async\" class=\"alignnone size-medium wp-image-13036 aligncenter\" src=\"https:\/\/keluvo.com\/template\/wp-content\/uploads\/sites\/5\/2025\/03\/S840ab8d90aa1468b9b35e58095585820a.jpg_960x960q75.jpg_.jpeg\" alt=\"\" \/><\/p>\n","protected":false},"excerpt":{"rendered":"<p>Enkel Og Presis Stripping Ved hjelp av strippeverkt\u00f8yet kan du raskt og n\u00f8yaktig fjerne isolasjon fra ledninger. De skarpe skj\u00e6rekantene [&hellip;]<\/p>\n","protected":false},"featured_media":11173,"comment_status":"open","ping_status":"closed","template":"","meta":{"site-sidebar-layout":"default","site-content-layout":"","ast-site-content-layout":"default","site-content-style":"default","site-sidebar-style":"default","ast-global-header-display":"","ast-banner-title-visibility":"","ast-main-header-display":"","ast-hfb-above-header-display":"","ast-hfb-below-header-display":"","ast-hfb-mobile-header-display":"","site-post-title":"","ast-breadcrumbs-content":"","ast-featured-img":"","footer-sml-layout":"","theme-transparent-header-meta":"default","adv-header-id-meta":"","stick-header-meta":"","header-above-stick-meta":"","header-main-stick-meta":"","header-below-stick-meta":"","astra-migrate-meta-layouts":"set","ast-page-background-enabled":"default","ast-page-background-meta":{"desktop":{"background-color":"var(--ast-global-color-4)","background-image":"","background-repeat":"repeat","background-position":"center center","background-size":"auto","background-attachment":"scroll","background-type":"","background-media":"","overlay-type":"","overlay-color":"","overlay-opacity":"","overlay-gradient":""},"tablet":{"background-color":"","background-image":"","background-repeat":"repeat","background-position":"center center","background-size":"auto","background-attachment":"scroll","background-type":"","background-media":"","overlay-type":"","overlay-color":"","overlay-opacity":"","overlay-gradient":""},"mobile":{"background-color":"","background-image":"","background-repeat":"repeat","background-position":"center center","background-size":"auto","background-attachment":"scroll","background-type":"","background-media":"","overlay-type":"","overlay-color":"","overlay-opacity":"","overlay-gradient":""}},"ast-content-background-meta":{"desktop":{"background-color":"var(--ast-global-color-5)","background-image":"","background-repeat":"repeat","background-position":"center center","background-size":"auto","background-attachment":"scroll","background-type":"","background-media":"","overlay-type":"","overlay-color":"","overlay-opacity":"","overlay-gradient":""},"tablet":{"background-color":"var(--ast-global-color-5)","background-image":"","background-repeat":"repeat","background-position":"center center","background-size":"auto","background-attachment":"scroll","background-type":"","background-media":"","overlay-type":"","overlay-color":"","overlay-opacity":"","overlay-gradient":""},"mobile":{"background-color":"var(--ast-global-color-5)","background-image":"","background-repeat":"repeat","background-position":"center center","background-size":"auto","background-attachment":"scroll","background-type":"","background-media":"","overlay-type":"","overlay-color":"","overlay-opacity":"","overlay-gradient":""}}},"product_brand":[],"product_cat":[996],"product_tag":[],"class_list":{"0":"post-11177","1":"product","2":"type-product","3":"status-publish","4":"has-post-thumbnail","6":"product_cat-verktoy","7":"desktop-align-left","8":"tablet-align-left","9":"mobile-align-left","11":"first","12":"instock","13":"shipping-taxable","14":"purchasable","15":"product-type-simple"},"_links":{"self":[{"href":"https:\/\/keluvo.com\/no\/wp-json\/wp\/v2\/product\/11177","targetHints":{"allow":["GET"]}}],"collection":[{"href":"https:\/\/keluvo.com\/no\/wp-json\/wp\/v2\/product"}],"about":[{"href":"https:\/\/keluvo.com\/no\/wp-json\/wp\/v2\/types\/product"}],"replies":[{"embeddable":true,"href":"https:\/\/keluvo.com\/no\/wp-json\/wp\/v2\/comments?post=11177"}],"wp:featuredmedia":[{"embeddable":true,"href":"https:\/\/keluvo.com\/no\/wp-json\/wp\/v2\/media\/11173"}],"wp:attachment":[{"href":"https:\/\/keluvo.com\/no\/wp-json\/wp\/v2\/media?parent=11177"}],"wp:term":[{"taxonomy":"product_brand","embeddable":true,"href":"https:\/\/keluvo.com\/no\/wp-json\/wp\/v2\/product_brand?post=11177"},{"taxonomy":"product_cat","embeddable":true,"href":"https:\/\/keluvo.com\/no\/wp-json\/wp\/v2\/product_cat?post=11177"},{"taxonomy":"product_tag","embeddable":true,"href":"https:\/\/keluvo.com\/no\/wp-json\/wp\/v2\/product_tag?post=11177"}],"curies":[{"name":"wp","href":"https:\/\/api.w.org\/{rel}","templated":true}]}}