{"id":11172,"date":"2025-03-28T23:30:16","date_gmt":"2025-03-28T21:30:16","guid":{"rendered":"https:\/\/keluvo.com\/no\/produkt\/hengende-poter\/"},"modified":"2025-03-28T23:30:16","modified_gmt":"2025-03-28T21:30:16","slug":"hengende-poter","status":"publish","type":"product","link":"https:\/\/keluvo.com\/no\/produkt\/hengende-poter\/","title":{"rendered":"Hengende poter"},"content":{"rendered":"<h2 style=\"text-align: center\" data-start=\"0\" data-end=\"37\"><strong>Vakkert Fargeskiftende Lys<\/strong><\/h2>\n<p class=\"\" style=\"text-align: center\" data-start=\"38\" data-end=\"278\">De hengende potene lyser opp med myke, skiftende farger, noe som skaper en varm og magisk atmosf\u00e6re. LED-lysene sl\u00e5r seg automatisk p\u00e5 i m\u00f8rket og veksler mellom ulike farger. Perfekt til \u00e5 dekorere hager, balkonger eller innend\u00f8rsarealer.<\/p>\n<p data-start=\"38\" data-end=\"278\"><img decoding=\"async\" class=\"alignnone size-medium wp-image-13009 aligncenter\" src=\"https:\/\/keluvo.com\/template\/wp-content\/uploads\/sites\/5\/2025\/03\/S531cea443f1a40e7aeda9d7dc93ef8e3x.jpg_960x960q75.jpg_.jpeg\" alt=\"\" \/><\/p>\n<h2 style=\"text-align: center\" data-start=\"280\" data-end=\"316\"><strong>Solcelledrevet Og Langvarig<\/strong><\/h2>\n<p class=\"\" style=\"text-align: center\" data-start=\"317\" data-end=\"525\">Denne hengende potedekorasjonen lades i sollys og fungerer i opptil 8 timer om natten. Det innebygde solcellepanelet gj\u00f8r den energieffektiv og enkel \u00e5 bruke. Du trenger verken batterier eller ledninger &#8211; bare heng opp og nyt.<\/p>\n<p data-start=\"317\" data-end=\"525\"><img decoding=\"async\" class=\"alignnone size-medium wp-image-13008 aligncenter\" src=\"https:\/\/keluvo.com\/template\/wp-content\/uploads\/sites\/5\/2025\/03\/S88ceb8d302064f499d000647a76820edG.jpg_960x960q75.jpg_.jpeg\" alt=\"\" \/><\/p>\n","protected":false},"excerpt":{"rendered":"<p>Vakkert Fargeskiftende Lys De hengende potene lyser opp med myke, skiftende farger, noe som skaper en varm og magisk atmosf\u00e6re. [&hellip;]<\/p>\n","protected":false},"featured_media":11168,"comment_status":"open","ping_status":"closed","template":"","meta":{"site-sidebar-layout":"default","site-content-layout":"","ast-site-content-layout":"default","site-content-style":"default","site-sidebar-style":"default","ast-global-header-display":"","ast-banner-title-visibility":"","ast-main-header-display":"","ast-hfb-above-header-display":"","ast-hfb-below-header-display":"","ast-hfb-mobile-header-display":"","site-post-title":"","ast-breadcrumbs-content":"","ast-featured-img":"","footer-sml-layout":"","theme-transparent-header-meta":"default","adv-header-id-meta":"","stick-header-meta":"","header-above-stick-meta":"","header-main-stick-meta":"","header-below-stick-meta":"","astra-migrate-meta-layouts":"set","ast-page-background-enabled":"default","ast-page-background-meta":{"desktop":{"background-color":"var(--ast-global-color-4)","background-image":"","background-repeat":"repeat","background-position":"center center","background-size":"auto","background-attachment":"scroll","background-type":"","background-media":"","overlay-type":"","overlay-color":"","overlay-opacity":"","overlay-gradient":""},"tablet":{"background-color":"","background-image":"","background-repeat":"repeat","background-position":"center center","background-size":"auto","background-attachment":"scroll","background-type":"","background-media":"","overlay-type":"","overlay-color":"","overlay-opacity":"","overlay-gradient":""},"mobile":{"background-color":"","background-image":"","background-repeat":"repeat","background-position":"center center","background-size":"auto","background-attachment":"scroll","background-type":"","background-media":"","overlay-type":"","overlay-color":"","overlay-opacity":"","overlay-gradient":""}},"ast-content-background-meta":{"desktop":{"background-color":"var(--ast-global-color-5)","background-image":"","background-repeat":"repeat","background-position":"center center","background-size":"auto","background-attachment":"scroll","background-type":"","background-media":"","overlay-type":"","overlay-color":"","overlay-opacity":"","overlay-gradient":""},"tablet":{"background-color":"var(--ast-global-color-5)","background-image":"","background-repeat":"repeat","background-position":"center center","background-size":"auto","background-attachment":"scroll","background-type":"","background-media":"","overlay-type":"","overlay-color":"","overlay-opacity":"","overlay-gradient":""},"mobile":{"background-color":"var(--ast-global-color-5)","background-image":"","background-repeat":"repeat","background-position":"center center","background-size":"auto","background-attachment":"scroll","background-type":"","background-media":"","overlay-type":"","overlay-color":"","overlay-opacity":"","overlay-gradient":""}}},"product_brand":[],"product_cat":[993],"product_tag":[],"class_list":{"0":"post-11172","1":"product","2":"type-product","3":"status-publish","4":"has-post-thumbnail","6":"product_cat-skotoy-tilbehor","7":"desktop-align-left","8":"tablet-align-left","9":"mobile-align-left","11":"first","12":"instock","13":"shipping-taxable","14":"purchasable","15":"product-type-simple"},"_links":{"self":[{"href":"https:\/\/keluvo.com\/no\/wp-json\/wp\/v2\/product\/11172","targetHints":{"allow":["GET"]}}],"collection":[{"href":"https:\/\/keluvo.com\/no\/wp-json\/wp\/v2\/product"}],"about":[{"href":"https:\/\/keluvo.com\/no\/wp-json\/wp\/v2\/types\/product"}],"replies":[{"embeddable":true,"href":"https:\/\/keluvo.com\/no\/wp-json\/wp\/v2\/comments?post=11172"}],"wp:featuredmedia":[{"embeddable":true,"href":"https:\/\/keluvo.com\/no\/wp-json\/wp\/v2\/media\/11168"}],"wp:attachment":[{"href":"https:\/\/keluvo.com\/no\/wp-json\/wp\/v2\/media?parent=11172"}],"wp:term":[{"taxonomy":"product_brand","embeddable":true,"href":"https:\/\/keluvo.com\/no\/wp-json\/wp\/v2\/product_brand?post=11172"},{"taxonomy":"product_cat","embeddable":true,"href":"https:\/\/keluvo.com\/no\/wp-json\/wp\/v2\/product_cat?post=11172"},{"taxonomy":"product_tag","embeddable":true,"href":"https:\/\/keluvo.com\/no\/wp-json\/wp\/v2\/product_tag?post=11172"}],"curies":[{"name":"wp","href":"https:\/\/api.w.org\/{rel}","templated":true}]}}