{"id":11167,"date":"2025-03-28T23:28:34","date_gmt":"2025-03-28T21:28:34","guid":{"rendered":"https:\/\/keluvo.com\/no\/produkt\/boltuttrekkersett\/"},"modified":"2025-03-28T23:28:34","modified_gmt":"2025-03-28T21:28:34","slug":"boltuttrekkersett","status":"publish","type":"product","link":"https:\/\/keluvo.com\/no\/produkt\/boltuttrekkersett\/","title":{"rendered":"Boltuttrekkersett"},"content":{"rendered":"<h2 style=\"text-align: center\" data-start=\"0\" data-end=\"34\"><strong>Fjerner Skadede Bolter P\u00e5 En Enkel M\u00e5te<\/strong><\/h2>\n<p class=\"\" style=\"text-align: center\" data-start=\"35\" data-end=\"285\">Bolteuttrekkersettet er utviklet for \u00e5 fjerne \u00f8delagte, rustne eller strippede bolter med minimal innsats. De sterke tennene gir et sikkert grep, noe som gj\u00f8r uttrekking rask og effektiv. Perfekt for reparasjoner i hjemmet, bilarbeid og gj\u00f8r-det-selv-prosjekter.<\/p>\n<p class=\"\" style=\"text-align: center\" data-start=\"320\" data-end=\"543\"><img decoding=\"async\" class=\"alignnone size-medium wp-image-13058\" src=\"https:\/\/keluvo.com\/template\/wp-content\/uploads\/sites\/5\/2025\/03\/S456a7ae67695465f955f1c36203434393.jpg_960x960q75.jpg_.jpeg\" alt=\"\" \/><\/p>\n<h2 style=\"text-align: center\" data-start=\"545\" data-end=\"574\"><strong>Passer Til Ulike Boltst\u00f8rrelser<\/strong><\/h2>\n<p class=\"\" style=\"text-align: center\" data-start=\"575\" data-end=\"783\">Med flere uttrekkst\u00f8rrelser kan dette settet h\u00e5ndtere bolter fra 1\/8 tomme til 7\/8 tomme. Den venstre spiralutformingen gir ekstra grep for enkel fjerning. Dette allsidige settet er et must i enhver verkt\u00f8ykasse.<\/p>\n<p data-start=\"575\" data-end=\"783\"><img decoding=\"async\" class=\"alignnone size-medium wp-image-13057 aligncenter\" src=\"https:\/\/keluvo.com\/template\/wp-content\/uploads\/sites\/5\/2025\/03\/S411b3984a9e04c95ba70ba15a5624e68t.jpg_960x960q75.jpg_.jpeg\" alt=\"\" \/><\/p>\n","protected":false},"excerpt":{"rendered":"<p>Fjerner Skadede Bolter P\u00e5 En Enkel M\u00e5te Bolteuttrekkersettet er utviklet for \u00e5 fjerne \u00f8delagte, rustne eller strippede bolter med minimal [&hellip;]<\/p>\n","protected":false},"featured_media":11163,"comment_status":"open","ping_status":"closed","template":"","meta":{"site-sidebar-layout":"default","site-content-layout":"","ast-site-content-layout":"default","site-content-style":"default","site-sidebar-style":"default","ast-global-header-display":"","ast-banner-title-visibility":"","ast-main-header-display":"","ast-hfb-above-header-display":"","ast-hfb-below-header-display":"","ast-hfb-mobile-header-display":"","site-post-title":"","ast-breadcrumbs-content":"","ast-featured-img":"","footer-sml-layout":"","theme-transparent-header-meta":"default","adv-header-id-meta":"","stick-header-meta":"","header-above-stick-meta":"","header-main-stick-meta":"","header-below-stick-meta":"","astra-migrate-meta-layouts":"set","ast-page-background-enabled":"default","ast-page-background-meta":{"desktop":{"background-color":"var(--ast-global-color-4)","background-image":"","background-repeat":"repeat","background-position":"center center","background-size":"auto","background-attachment":"scroll","background-type":"","background-media":"","overlay-type":"","overlay-color":"","overlay-opacity":"","overlay-gradient":""},"tablet":{"background-color":"","background-image":"","background-repeat":"repeat","background-position":"center center","background-size":"auto","background-attachment":"scroll","background-type":"","background-media":"","overlay-type":"","overlay-color":"","overlay-opacity":"","overlay-gradient":""},"mobile":{"background-color":"","background-image":"","background-repeat":"repeat","background-position":"center center","background-size":"auto","background-attachment":"scroll","background-type":"","background-media":"","overlay-type":"","overlay-color":"","overlay-opacity":"","overlay-gradient":""}},"ast-content-background-meta":{"desktop":{"background-color":"var(--ast-global-color-5)","background-image":"","background-repeat":"repeat","background-position":"center center","background-size":"auto","background-attachment":"scroll","background-type":"","background-media":"","overlay-type":"","overlay-color":"","overlay-opacity":"","overlay-gradient":""},"tablet":{"background-color":"var(--ast-global-color-5)","background-image":"","background-repeat":"repeat","background-position":"center center","background-size":"auto","background-attachment":"scroll","background-type":"","background-media":"","overlay-type":"","overlay-color":"","overlay-opacity":"","overlay-gradient":""},"mobile":{"background-color":"var(--ast-global-color-5)","background-image":"","background-repeat":"repeat","background-position":"center center","background-size":"auto","background-attachment":"scroll","background-type":"","background-media":"","overlay-type":"","overlay-color":"","overlay-opacity":"","overlay-gradient":""}}},"product_brand":[],"product_cat":[996],"product_tag":[],"class_list":{"0":"post-11167","1":"product","2":"type-product","3":"status-publish","4":"has-post-thumbnail","6":"product_cat-verktoy","7":"desktop-align-left","8":"tablet-align-left","9":"mobile-align-left","11":"first","12":"instock","13":"shipping-taxable","14":"purchasable","15":"product-type-simple"},"_links":{"self":[{"href":"https:\/\/keluvo.com\/no\/wp-json\/wp\/v2\/product\/11167","targetHints":{"allow":["GET"]}}],"collection":[{"href":"https:\/\/keluvo.com\/no\/wp-json\/wp\/v2\/product"}],"about":[{"href":"https:\/\/keluvo.com\/no\/wp-json\/wp\/v2\/types\/product"}],"replies":[{"embeddable":true,"href":"https:\/\/keluvo.com\/no\/wp-json\/wp\/v2\/comments?post=11167"}],"wp:featuredmedia":[{"embeddable":true,"href":"https:\/\/keluvo.com\/no\/wp-json\/wp\/v2\/media\/11163"}],"wp:attachment":[{"href":"https:\/\/keluvo.com\/no\/wp-json\/wp\/v2\/media?parent=11167"}],"wp:term":[{"taxonomy":"product_brand","embeddable":true,"href":"https:\/\/keluvo.com\/no\/wp-json\/wp\/v2\/product_brand?post=11167"},{"taxonomy":"product_cat","embeddable":true,"href":"https:\/\/keluvo.com\/no\/wp-json\/wp\/v2\/product_cat?post=11167"},{"taxonomy":"product_tag","embeddable":true,"href":"https:\/\/keluvo.com\/no\/wp-json\/wp\/v2\/product_tag?post=11167"}],"curies":[{"name":"wp","href":"https:\/\/api.w.org\/{rel}","templated":true}]}}