{"id":11146,"date":"2025-03-28T23:24:20","date_gmt":"2025-03-28T21:24:20","guid":{"rendered":"https:\/\/keluvo.com\/no\/produkt\/leker-med-skyting-av-ender\/"},"modified":"2025-03-28T23:24:20","modified_gmt":"2025-03-28T21:24:20","slug":"leker-med-skyting-av-ender","status":"publish","type":"product","link":"https:\/\/keluvo.com\/no\/produkt\/leker-med-skyting-av-ender\/","title":{"rendered":"Leker med skyting av ender"},"content":{"rendered":"<h2 style=\"text-align: center\" data-start=\"0\" data-end=\"30\"><strong>Morsomt Og Interaktivt Spill<\/strong><\/h2>\n<p class=\"\" style=\"text-align: center\" data-start=\"31\" data-end=\"294\">Leken med skyteand er en flott m\u00e5te for barn \u00e5 trene p\u00e5 \u00e5 skyte p\u00e5 blink. Spillerne skyter myke skumkuler inn i munnen p\u00e5 anda for \u00e5 f\u00e5 poeng. Dette spillet bidrar til \u00e5 forbedre fokus og h\u00e5nd-\u00f8ye-koordinasjon samtidig som de har det g\u00f8y. Perfekt for solo- eller flerspillerspill.<\/p>\n<p data-start=\"31\" data-end=\"294\"><img decoding=\"async\" class=\"alignnone size-medium wp-image-13084 aligncenter\" src=\"https:\/\/keluvo.com\/template\/wp-content\/uploads\/sites\/5\/2025\/03\/855baafc-a740-4be6-b796-bb29efb96ad8.webp\" alt=\"\" \/><\/p>\n<h2 style=\"text-align: center\" data-start=\"296\" data-end=\"330\"><strong>Sikker Og Barnevennlig Design<\/strong><\/h2>\n<p class=\"\" style=\"text-align: center\" data-start=\"331\" data-end=\"564\">Leken er laget av slitesterkt ABS-materiale og er trygg for barn. De glatte kantene sikrer at det ikke er noen skarpe deler som kan skade sm\u00e5 hender. De luftdrevne kanonene bruker myke skumkuler, noe som gj\u00f8r spillet morsomt og trygt for alle aldre.<\/p>\n<p data-start=\"331\" data-end=\"564\"><img decoding=\"async\" class=\"alignnone size-medium wp-image-13086 aligncenter\" src=\"https:\/\/keluvo.com\/template\/wp-content\/uploads\/sites\/5\/2025\/03\/cc1da5be-925d-4943-9528-c4a028217202.webp\" alt=\"\" \/><\/p>\n","protected":false},"excerpt":{"rendered":"<p>Morsomt Og Interaktivt Spill Leken med skyteand er en flott m\u00e5te for barn \u00e5 trene p\u00e5 \u00e5 skyte p\u00e5 blink. [&hellip;]<\/p>\n","protected":false},"featured_media":11142,"comment_status":"open","ping_status":"closed","template":"","meta":{"site-sidebar-layout":"default","site-content-layout":"","ast-site-content-layout":"default","site-content-style":"default","site-sidebar-style":"default","ast-global-header-display":"","ast-banner-title-visibility":"","ast-main-header-display":"","ast-hfb-above-header-display":"","ast-hfb-below-header-display":"","ast-hfb-mobile-header-display":"","site-post-title":"","ast-breadcrumbs-content":"","ast-featured-img":"","footer-sml-layout":"","theme-transparent-header-meta":"default","adv-header-id-meta":"","stick-header-meta":"","header-above-stick-meta":"","header-main-stick-meta":"","header-below-stick-meta":"","astra-migrate-meta-layouts":"set","ast-page-background-enabled":"default","ast-page-background-meta":{"desktop":{"background-color":"var(--ast-global-color-4)","background-image":"","background-repeat":"repeat","background-position":"center center","background-size":"auto","background-attachment":"scroll","background-type":"","background-media":"","overlay-type":"","overlay-color":"","overlay-opacity":"","overlay-gradient":""},"tablet":{"background-color":"","background-image":"","background-repeat":"repeat","background-position":"center center","background-size":"auto","background-attachment":"scroll","background-type":"","background-media":"","overlay-type":"","overlay-color":"","overlay-opacity":"","overlay-gradient":""},"mobile":{"background-color":"","background-image":"","background-repeat":"repeat","background-position":"center center","background-size":"auto","background-attachment":"scroll","background-type":"","background-media":"","overlay-type":"","overlay-color":"","overlay-opacity":"","overlay-gradient":""}},"ast-content-background-meta":{"desktop":{"background-color":"var(--ast-global-color-5)","background-image":"","background-repeat":"repeat","background-position":"center center","background-size":"auto","background-attachment":"scroll","background-type":"","background-media":"","overlay-type":"","overlay-color":"","overlay-opacity":"","overlay-gradient":""},"tablet":{"background-color":"var(--ast-global-color-5)","background-image":"","background-repeat":"repeat","background-position":"center center","background-size":"auto","background-attachment":"scroll","background-type":"","background-media":"","overlay-type":"","overlay-color":"","overlay-opacity":"","overlay-gradient":""},"mobile":{"background-color":"var(--ast-global-color-5)","background-image":"","background-repeat":"repeat","background-position":"center center","background-size":"auto","background-attachment":"scroll","background-type":"","background-media":"","overlay-type":"","overlay-color":"","overlay-opacity":"","overlay-gradient":""}}},"product_brand":[],"product_cat":[990],"product_tag":[],"class_list":{"0":"post-11146","1":"product","2":"type-product","3":"status-publish","4":"has-post-thumbnail","6":"product_cat-leker-barne-og-babyprodukter","7":"desktop-align-left","8":"tablet-align-left","9":"mobile-align-left","11":"first","12":"instock","13":"shipping-taxable","14":"purchasable","15":"product-type-simple"},"_links":{"self":[{"href":"https:\/\/keluvo.com\/no\/wp-json\/wp\/v2\/product\/11146","targetHints":{"allow":["GET"]}}],"collection":[{"href":"https:\/\/keluvo.com\/no\/wp-json\/wp\/v2\/product"}],"about":[{"href":"https:\/\/keluvo.com\/no\/wp-json\/wp\/v2\/types\/product"}],"replies":[{"embeddable":true,"href":"https:\/\/keluvo.com\/no\/wp-json\/wp\/v2\/comments?post=11146"}],"wp:featuredmedia":[{"embeddable":true,"href":"https:\/\/keluvo.com\/no\/wp-json\/wp\/v2\/media\/11142"}],"wp:attachment":[{"href":"https:\/\/keluvo.com\/no\/wp-json\/wp\/v2\/media?parent=11146"}],"wp:term":[{"taxonomy":"product_brand","embeddable":true,"href":"https:\/\/keluvo.com\/no\/wp-json\/wp\/v2\/product_brand?post=11146"},{"taxonomy":"product_cat","embeddable":true,"href":"https:\/\/keluvo.com\/no\/wp-json\/wp\/v2\/product_cat?post=11146"},{"taxonomy":"product_tag","embeddable":true,"href":"https:\/\/keluvo.com\/no\/wp-json\/wp\/v2\/product_tag?post=11146"}],"curies":[{"name":"wp","href":"https:\/\/api.w.org\/{rel}","templated":true}]}}