{"id":11041,"date":"2025-03-27T02:02:49","date_gmt":"2025-03-27T00:02:49","guid":{"rendered":"https:\/\/keluvo.com\/no\/produkt\/sovepose-for-baby\/"},"modified":"2025-03-27T02:03:13","modified_gmt":"2025-03-27T00:03:13","slug":"sovepose-for-baby","status":"publish","type":"product","link":"https:\/\/keluvo.com\/no\/produkt\/sovepose-for-baby\/","title":{"rendered":"Sovepose for baby"},"content":{"rendered":"<h2 style=\"text-align: center\" data-start=\"0\" data-end=\"26\"><strong>Varm Og Koselig Design<\/strong><\/h2>\n<p class=\"\" style=\"text-align: center\" data-start=\"27\" data-end=\"304\">Babysoveposen er laget av myk kashmirimitasjon, noe som holder babyen varm og komfortabel. Den er perfekt for kj\u00f8ligere \u00e5rstider som h\u00f8st, vinter og tidlig v\u00e5r. Det tykke materialet bidrar til \u00e5 beskytte den lille mot kald luft. Babyen din vil f\u00f8le seg trygg og komfortabel i den.<\/p>\n<p data-start=\"27\" data-end=\"304\"><img decoding=\"async\" class=\"alignnone size-medium wp-image-12810 aligncenter\" src=\"https:\/\/keluvo.com\/template\/wp-content\/uploads\/sites\/5\/2025\/03\/Scf2b0c1221764c809213d785fb5b3fb8y.jpeg\" alt=\"\" \/><\/p>\n<h2 style=\"text-align: center\" data-start=\"306\" data-end=\"340\"><strong>Justerbar For Perfekt Passform<\/strong><\/h2>\n<p class=\"\" style=\"text-align: center\" data-start=\"341\" data-end=\"601\">Denne babysoveposen har et justerbart design for \u00e5 pakke babyen sikkert inn. Du kan enkelt feste den og s\u00f8rge for at babyen holder seg komfortabel. Den tettsittende passformen hjelper babyen din med \u00e5 sove bedre ved \u00e5 skape en koselig f\u00f8lelse. Den er designet for nyf\u00f8dte og sm\u00e5 babyer.<\/p>\n<p data-start=\"341\" data-end=\"601\"><img decoding=\"async\" class=\"alignnone size-medium wp-image-12805 aligncenter\" src=\"https:\/\/keluvo.com\/template\/wp-content\/uploads\/sites\/5\/2025\/03\/S1f12aef57dda4ea3ac02e1989c2c8c4cb.jpeg\" alt=\"\" \/><\/p>\n","protected":false},"excerpt":{"rendered":"<p>Varm Og Koselig Design Babysoveposen er laget av myk kashmirimitasjon, noe som holder babyen varm og komfortabel. Den er perfekt [&hellip;]<\/p>\n","protected":false},"featured_media":11037,"comment_status":"open","ping_status":"closed","template":"","meta":{"site-sidebar-layout":"default","site-content-layout":"","ast-site-content-layout":"default","site-content-style":"default","site-sidebar-style":"default","ast-global-header-display":"","ast-banner-title-visibility":"","ast-main-header-display":"","ast-hfb-above-header-display":"","ast-hfb-below-header-display":"","ast-hfb-mobile-header-display":"","site-post-title":"","ast-breadcrumbs-content":"","ast-featured-img":"","footer-sml-layout":"","theme-transparent-header-meta":"default","adv-header-id-meta":"","stick-header-meta":"","header-above-stick-meta":"","header-main-stick-meta":"","header-below-stick-meta":"","astra-migrate-meta-layouts":"set","ast-page-background-enabled":"default","ast-page-background-meta":{"desktop":{"background-color":"var(--ast-global-color-4)","background-image":"","background-repeat":"repeat","background-position":"center center","background-size":"auto","background-attachment":"scroll","background-type":"","background-media":"","overlay-type":"","overlay-color":"","overlay-opacity":"","overlay-gradient":""},"tablet":{"background-color":"","background-image":"","background-repeat":"repeat","background-position":"center center","background-size":"auto","background-attachment":"scroll","background-type":"","background-media":"","overlay-type":"","overlay-color":"","overlay-opacity":"","overlay-gradient":""},"mobile":{"background-color":"","background-image":"","background-repeat":"repeat","background-position":"center center","background-size":"auto","background-attachment":"scroll","background-type":"","background-media":"","overlay-type":"","overlay-color":"","overlay-opacity":"","overlay-gradient":""}},"ast-content-background-meta":{"desktop":{"background-color":"var(--ast-global-color-5)","background-image":"","background-repeat":"repeat","background-position":"center center","background-size":"auto","background-attachment":"scroll","background-type":"","background-media":"","overlay-type":"","overlay-color":"","overlay-opacity":"","overlay-gradient":""},"tablet":{"background-color":"var(--ast-global-color-5)","background-image":"","background-repeat":"repeat","background-position":"center center","background-size":"auto","background-attachment":"scroll","background-type":"","background-media":"","overlay-type":"","overlay-color":"","overlay-opacity":"","overlay-gradient":""},"mobile":{"background-color":"var(--ast-global-color-5)","background-image":"","background-repeat":"repeat","background-position":"center center","background-size":"auto","background-attachment":"scroll","background-type":"","background-media":"","overlay-type":"","overlay-color":"","overlay-opacity":"","overlay-gradient":""}}},"product_brand":[],"product_cat":[990],"product_tag":[],"class_list":{"0":"post-11041","1":"product","2":"type-product","3":"status-publish","4":"has-post-thumbnail","6":"product_cat-leker-barne-og-babyprodukter","7":"pa_tt5w3vkx-brun","8":"pa_tt5w3vkx-gra","9":"pa_tt5w3vkx-hvit","10":"pa_tt5w3vkx-lysebla","11":"pa_tt5w3vkx-rosa","12":"desktop-align-left","13":"tablet-align-left","14":"mobile-align-left","16":"first","17":"instock","18":"shipping-taxable","19":"purchasable","20":"product-type-variable"},"_links":{"self":[{"href":"https:\/\/keluvo.com\/no\/wp-json\/wp\/v2\/product\/11041","targetHints":{"allow":["GET"]}}],"collection":[{"href":"https:\/\/keluvo.com\/no\/wp-json\/wp\/v2\/product"}],"about":[{"href":"https:\/\/keluvo.com\/no\/wp-json\/wp\/v2\/types\/product"}],"replies":[{"embeddable":true,"href":"https:\/\/keluvo.com\/no\/wp-json\/wp\/v2\/comments?post=11041"}],"wp:featuredmedia":[{"embeddable":true,"href":"https:\/\/keluvo.com\/no\/wp-json\/wp\/v2\/media\/11037"}],"wp:attachment":[{"href":"https:\/\/keluvo.com\/no\/wp-json\/wp\/v2\/media?parent=11041"}],"wp:term":[{"taxonomy":"product_brand","embeddable":true,"href":"https:\/\/keluvo.com\/no\/wp-json\/wp\/v2\/product_brand?post=11041"},{"taxonomy":"product_cat","embeddable":true,"href":"https:\/\/keluvo.com\/no\/wp-json\/wp\/v2\/product_cat?post=11041"},{"taxonomy":"product_tag","embeddable":true,"href":"https:\/\/keluvo.com\/no\/wp-json\/wp\/v2\/product_tag?post=11041"}],"curies":[{"name":"wp","href":"https:\/\/api.w.org\/{rel}","templated":true}]}}