{"id":11006,"date":"2025-03-27T01:58:19","date_gmt":"2025-03-26T23:58:19","guid":{"rendered":"https:\/\/keluvo.com\/no\/produkt\/sammenleggbar-hagesag\/"},"modified":"2025-03-27T01:58:41","modified_gmt":"2025-03-26T23:58:41","slug":"sammenleggbar-hagesag","status":"publish","type":"product","link":"https:\/\/keluvo.com\/no\/produkt\/sammenleggbar-hagesag\/","title":{"rendered":"Sammenleggbar hagesag"},"content":{"rendered":"<h2 style=\"text-align: center\" data-start=\"0\" data-end=\"31\"><strong>Sterk Og Holdbar Design<\/strong><\/h2>\n<p class=\"\" style=\"text-align: center\" data-start=\"32\" data-end=\"281\">Den sammenleggbare hagesagen er laget av metall av h\u00f8y kvalitet, noe som gir den sterk hardhet og langvarig bruk. Den takler t\u00f8ffe oppgaver som kutting av tykke greiner eller stokker uten \u00e5 brekke. Dette gj\u00f8r den til et p\u00e5litelig verkt\u00f8y for alle dine behov for utend\u00f8rs saging.<\/p>\n<p data-start=\"32\" data-end=\"281\"><img decoding=\"async\" class=\"alignnone size-medium wp-image-12830 aligncenter\" src=\"https:\/\/keluvo.com\/template\/wp-content\/uploads\/sites\/5\/2025\/03\/Sfc40888870a74a07a30f510af579a48bY.jpg_960x960q75.jpg_.jpeg\" alt=\"\" \/><\/p>\n<h2 style=\"text-align: center\" data-start=\"283\" data-end=\"310\"><strong>Rask Og Enkel Saging<\/strong><\/h2>\n<p class=\"\" style=\"text-align: center\" data-start=\"311\" data-end=\"541\">Med sin tresidige girsliping skj\u00e6rer denne sagen raskere og jevnere enn vanlige sager. Den setter seg ikke s\u00e5 lett fast og fungerer godt p\u00e5 b\u00e5de t\u00f8rt og v\u00e5tt treverk. Det betyr at du kan bli ferdig med oppgavene dine raskt og med mindre anstrengelse.<\/p>\n<p data-start=\"311\" data-end=\"541\"><img decoding=\"async\" class=\"alignnone size-medium wp-image-12826 aligncenter\" src=\"https:\/\/keluvo.com\/template\/wp-content\/uploads\/sites\/5\/2025\/03\/S7af7961567754f7aa4e9bf3a290bb84cr.jpg_960x960q75.jpg_.jpeg\" alt=\"\" \/><\/p>\n","protected":false},"excerpt":{"rendered":"<p>Sterk Og Holdbar Design Den sammenleggbare hagesagen er laget av metall av h\u00f8y kvalitet, noe som gir den sterk hardhet [&hellip;]<\/p>\n","protected":false},"featured_media":11002,"comment_status":"open","ping_status":"closed","template":"","meta":{"site-sidebar-layout":"default","site-content-layout":"","ast-site-content-layout":"default","site-content-style":"default","site-sidebar-style":"default","ast-global-header-display":"","ast-banner-title-visibility":"","ast-main-header-display":"","ast-hfb-above-header-display":"","ast-hfb-below-header-display":"","ast-hfb-mobile-header-display":"","site-post-title":"","ast-breadcrumbs-content":"","ast-featured-img":"","footer-sml-layout":"","theme-transparent-header-meta":"default","adv-header-id-meta":"","stick-header-meta":"","header-above-stick-meta":"","header-main-stick-meta":"","header-below-stick-meta":"","astra-migrate-meta-layouts":"set","ast-page-background-enabled":"default","ast-page-background-meta":{"desktop":{"background-color":"var(--ast-global-color-4)","background-image":"","background-repeat":"repeat","background-position":"center center","background-size":"auto","background-attachment":"scroll","background-type":"","background-media":"","overlay-type":"","overlay-color":"","overlay-opacity":"","overlay-gradient":""},"tablet":{"background-color":"","background-image":"","background-repeat":"repeat","background-position":"center center","background-size":"auto","background-attachment":"scroll","background-type":"","background-media":"","overlay-type":"","overlay-color":"","overlay-opacity":"","overlay-gradient":""},"mobile":{"background-color":"","background-image":"","background-repeat":"repeat","background-position":"center center","background-size":"auto","background-attachment":"scroll","background-type":"","background-media":"","overlay-type":"","overlay-color":"","overlay-opacity":"","overlay-gradient":""}},"ast-content-background-meta":{"desktop":{"background-color":"var(--ast-global-color-5)","background-image":"","background-repeat":"repeat","background-position":"center center","background-size":"auto","background-attachment":"scroll","background-type":"","background-media":"","overlay-type":"","overlay-color":"","overlay-opacity":"","overlay-gradient":""},"tablet":{"background-color":"var(--ast-global-color-5)","background-image":"","background-repeat":"repeat","background-position":"center center","background-size":"auto","background-attachment":"scroll","background-type":"","background-media":"","overlay-type":"","overlay-color":"","overlay-opacity":"","overlay-gradient":""},"mobile":{"background-color":"var(--ast-global-color-5)","background-image":"","background-repeat":"repeat","background-position":"center center","background-size":"auto","background-attachment":"scroll","background-type":"","background-media":"","overlay-type":"","overlay-color":"","overlay-opacity":"","overlay-gradient":""}}},"product_brand":[],"product_cat":[996],"product_tag":[],"class_list":{"0":"post-11006","1":"product","2":"type-product","3":"status-publish","4":"has-post-thumbnail","6":"product_cat-verktoy","7":"pa_rdg69xy6-13cm","8":"pa_rdg69xy6-15-cm","9":"pa_rdg69xy6-18-cm","10":"pa_rdg69xy6-21-cm","11":"pa_rdg69xy6-25-cm","12":"pa_rdg69xy6-30-cm","13":"desktop-align-left","14":"tablet-align-left","15":"mobile-align-left","17":"first","18":"instock","19":"shipping-taxable","20":"purchasable","21":"product-type-variable"},"_links":{"self":[{"href":"https:\/\/keluvo.com\/no\/wp-json\/wp\/v2\/product\/11006","targetHints":{"allow":["GET"]}}],"collection":[{"href":"https:\/\/keluvo.com\/no\/wp-json\/wp\/v2\/product"}],"about":[{"href":"https:\/\/keluvo.com\/no\/wp-json\/wp\/v2\/types\/product"}],"replies":[{"embeddable":true,"href":"https:\/\/keluvo.com\/no\/wp-json\/wp\/v2\/comments?post=11006"}],"wp:featuredmedia":[{"embeddable":true,"href":"https:\/\/keluvo.com\/no\/wp-json\/wp\/v2\/media\/11002"}],"wp:attachment":[{"href":"https:\/\/keluvo.com\/no\/wp-json\/wp\/v2\/media?parent=11006"}],"wp:term":[{"taxonomy":"product_brand","embeddable":true,"href":"https:\/\/keluvo.com\/no\/wp-json\/wp\/v2\/product_brand?post=11006"},{"taxonomy":"product_cat","embeddable":true,"href":"https:\/\/keluvo.com\/no\/wp-json\/wp\/v2\/product_cat?post=11006"},{"taxonomy":"product_tag","embeddable":true,"href":"https:\/\/keluvo.com\/no\/wp-json\/wp\/v2\/product_tag?post=11006"}],"curies":[{"name":"wp","href":"https:\/\/api.w.org\/{rel}","templated":true}]}}