{"id":10996,"date":"2025-03-27T01:56:00","date_gmt":"2025-03-26T23:56:00","guid":{"rendered":"https:\/\/keluvo.com\/no\/produkt\/sett-med-vaskeskruenokkel\/"},"modified":"2025-03-27T01:56:00","modified_gmt":"2025-03-26T23:56:00","slug":"sett-med-vaskeskruenokkel","status":"publish","type":"product","link":"https:\/\/keluvo.com\/no\/produkt\/sett-med-vaskeskruenokkel\/","title":{"rendered":"Sett med vaskeskruen\u00f8kkel"},"content":{"rendered":"<h2 style=\"text-align: center\" data-start=\"0\" data-end=\"33\"><strong>Sterkt Og Slitesterkt Materiale<\/strong><\/h2>\n<p class=\"\" style=\"text-align: center\" data-start=\"34\" data-end=\"248\">Settet med vasken\u00f8kler er laget av karbonst\u00e5l, noe som gj\u00f8r det sterkt og holdbart. Det takler t\u00f8ffe r\u00f8rleggeroppgaver uten \u00e5 b\u00f8ye seg eller g\u00e5 i stykker. Dette gj\u00f8r det til et p\u00e5litelig verkt\u00f8y for reparasjoner i hjemmet og for profesjonell bruk.<\/p>\n<p data-start=\"38\" data-end=\"374\"><img decoding=\"async\" class=\"alignnone size-medium wp-image-12819 aligncenter\" src=\"https:\/\/keluvo.com\/template\/wp-content\/uploads\/sites\/5\/2025\/03\/S26290f7fa80b44af8b79e6811b9ee896T.jpg_960x960q75.jpg_.jpeg\" alt=\"\" \/><\/p>\n<h2 style=\"text-align: center\" data-start=\"250\" data-end=\"267\"><strong>Enkel \u00c5 Bruke<\/strong><\/h2>\n<p class=\"\" style=\"text-align: center\" data-start=\"268\" data-end=\"498\">Settet er designet for \u00e5 passe til ulike st\u00f8rrelser p\u00e5 vasker og r\u00f8r, noe som gj\u00f8r det enkelt \u00e5 bruke. Den firkloede og sekskantede utformingen gj\u00f8r det enkelt \u00e5 gripe og vri muttere og bolter. Dette gj\u00f8r r\u00f8rleggerarbeid raskere og mer praktisk.<\/p>\n<p data-start=\"411\" data-end=\"694\"><img decoding=\"async\" class=\"alignnone size-medium wp-image-12821 aligncenter\" src=\"https:\/\/keluvo.com\/template\/wp-content\/uploads\/sites\/5\/2025\/03\/Sb4035ee2d2b842eaab728063e38a0b275.jpg_960x960q75.jpg_.jpeg\" alt=\"\" \/><\/p>\n","protected":false},"excerpt":{"rendered":"<p>Sterkt Og Slitesterkt Materiale Settet med vasken\u00f8kler er laget av karbonst\u00e5l, noe som gj\u00f8r det sterkt og holdbart. Det takler [&hellip;]<\/p>\n","protected":false},"featured_media":10992,"comment_status":"open","ping_status":"closed","template":"","meta":{"site-sidebar-layout":"default","site-content-layout":"","ast-site-content-layout":"default","site-content-style":"default","site-sidebar-style":"default","ast-global-header-display":"","ast-banner-title-visibility":"","ast-main-header-display":"","ast-hfb-above-header-display":"","ast-hfb-below-header-display":"","ast-hfb-mobile-header-display":"","site-post-title":"","ast-breadcrumbs-content":"","ast-featured-img":"","footer-sml-layout":"","theme-transparent-header-meta":"default","adv-header-id-meta":"","stick-header-meta":"","header-above-stick-meta":"","header-main-stick-meta":"","header-below-stick-meta":"","astra-migrate-meta-layouts":"set","ast-page-background-enabled":"default","ast-page-background-meta":{"desktop":{"background-color":"var(--ast-global-color-4)","background-image":"","background-repeat":"repeat","background-position":"center center","background-size":"auto","background-attachment":"scroll","background-type":"","background-media":"","overlay-type":"","overlay-color":"","overlay-opacity":"","overlay-gradient":""},"tablet":{"background-color":"","background-image":"","background-repeat":"repeat","background-position":"center center","background-size":"auto","background-attachment":"scroll","background-type":"","background-media":"","overlay-type":"","overlay-color":"","overlay-opacity":"","overlay-gradient":""},"mobile":{"background-color":"","background-image":"","background-repeat":"repeat","background-position":"center center","background-size":"auto","background-attachment":"scroll","background-type":"","background-media":"","overlay-type":"","overlay-color":"","overlay-opacity":"","overlay-gradient":""}},"ast-content-background-meta":{"desktop":{"background-color":"var(--ast-global-color-5)","background-image":"","background-repeat":"repeat","background-position":"center center","background-size":"auto","background-attachment":"scroll","background-type":"","background-media":"","overlay-type":"","overlay-color":"","overlay-opacity":"","overlay-gradient":""},"tablet":{"background-color":"var(--ast-global-color-5)","background-image":"","background-repeat":"repeat","background-position":"center center","background-size":"auto","background-attachment":"scroll","background-type":"","background-media":"","overlay-type":"","overlay-color":"","overlay-opacity":"","overlay-gradient":""},"mobile":{"background-color":"var(--ast-global-color-5)","background-image":"","background-repeat":"repeat","background-position":"center center","background-size":"auto","background-attachment":"scroll","background-type":"","background-media":"","overlay-type":"","overlay-color":"","overlay-opacity":"","overlay-gradient":""}}},"product_brand":[],"product_cat":[996],"product_tag":[],"class_list":{"0":"post-10996","1":"product","2":"type-product","3":"status-publish","4":"has-post-thumbnail","6":"product_cat-verktoy","7":"desktop-align-left","8":"tablet-align-left","9":"mobile-align-left","11":"first","12":"instock","13":"shipping-taxable","14":"purchasable","15":"product-type-simple"},"_links":{"self":[{"href":"https:\/\/keluvo.com\/no\/wp-json\/wp\/v2\/product\/10996","targetHints":{"allow":["GET"]}}],"collection":[{"href":"https:\/\/keluvo.com\/no\/wp-json\/wp\/v2\/product"}],"about":[{"href":"https:\/\/keluvo.com\/no\/wp-json\/wp\/v2\/types\/product"}],"replies":[{"embeddable":true,"href":"https:\/\/keluvo.com\/no\/wp-json\/wp\/v2\/comments?post=10996"}],"wp:featuredmedia":[{"embeddable":true,"href":"https:\/\/keluvo.com\/no\/wp-json\/wp\/v2\/media\/10992"}],"wp:attachment":[{"href":"https:\/\/keluvo.com\/no\/wp-json\/wp\/v2\/media?parent=10996"}],"wp:term":[{"taxonomy":"product_brand","embeddable":true,"href":"https:\/\/keluvo.com\/no\/wp-json\/wp\/v2\/product_brand?post=10996"},{"taxonomy":"product_cat","embeddable":true,"href":"https:\/\/keluvo.com\/no\/wp-json\/wp\/v2\/product_cat?post=10996"},{"taxonomy":"product_tag","embeddable":true,"href":"https:\/\/keluvo.com\/no\/wp-json\/wp\/v2\/product_tag?post=10996"}],"curies":[{"name":"wp","href":"https:\/\/api.w.org\/{rel}","templated":true}]}}