{"id":10949,"date":"2025-03-25T22:37:31","date_gmt":"2025-03-25T20:37:31","guid":{"rendered":"https:\/\/keluvo.com\/no\/produkt\/massasjeapparat\/"},"modified":"2025-03-25T22:37:31","modified_gmt":"2025-03-25T20:37:31","slug":"massasjeapparat","status":"publish","type":"product","link":"https:\/\/keluvo.com\/no\/produkt\/massasjeapparat\/","title":{"rendered":"Massasjeapparat"},"content":{"rendered":"<h2 style=\"text-align: center\" data-start=\"0\" data-end=\"32\"><strong data-start=\"3\" data-end=\"30\">Slapp Av N\u00e5r Som Helst, Hvor Som Helst<\/strong><\/h2>\n<p style=\"text-align: center\" data-start=\"33\" data-end=\"309\">Massasjeenheten er perfekt for bruk hjemme, p\u00e5 kontoret eller til og med i bilen. Den bidrar til \u00e5 redusere stress og lindrer hverdagens belastninger for\u00e5rsaket av reiser, arbeid og andre daglige aktiviteter. Med sin allsidige design kan du nyte en beroligende massasje uansett hvor du er.<\/p>\n<p data-start=\"33\" data-end=\"309\"><img decoding=\"async\" class=\"alignnone size-medium wp-image-11954 aligncenter\" src=\"https:\/\/keluvo.com\/template\/wp-content\/uploads\/sites\/5\/2025\/02\/H411e1265d1884ccf9fa5e0b64546ad539.jpg_960x960q75.jpg_.jpeg\" alt=\"\" \/><\/p>\n<h2 style=\"text-align: center\" data-start=\"311\" data-end=\"348\"><strong data-start=\"314\" data-end=\"346\">Komfortabel Og Sikker Massasje<\/strong><\/h2>\n<p style=\"text-align: center\" data-start=\"349\" data-end=\"613\">Massasjeapparatet er utstyrt med 5 innebygde vibrerende motorer som gir en behagelig og avslappende massasje for rygg, nakke, korsrygg og l\u00e5r. Den innebygde termiske overbelastningsbeskyttelsen s\u00f8rger for sikker bruk, slik at du kan nyte en bekymringsfri massasje\u00f8kt hver gang.<\/p>\n<p data-start=\"349\" data-end=\"613\"><img decoding=\"async\" class=\"aligncenter wp-image-11958 size-medium\" src=\"https:\/\/keluvo.com\/template\/wp-content\/uploads\/sites\/5\/2025\/02\/Hf0ff1fb944dc433c935645c1729b4a73z.jpg_960x960q75.jpg_-e1739785801228.jpeg\" alt=\"\" \/><\/p>\n","protected":false},"excerpt":{"rendered":"<p>Slapp Av N\u00e5r Som Helst, Hvor Som Helst Massasjeenheten er perfekt for bruk hjemme, p\u00e5 kontoret eller til og med [&hellip;]<\/p>\n","protected":false},"featured_media":10945,"comment_status":"open","ping_status":"closed","template":"","meta":{"site-sidebar-layout":"default","site-content-layout":"","ast-site-content-layout":"default","site-content-style":"default","site-sidebar-style":"default","ast-global-header-display":"","ast-banner-title-visibility":"","ast-main-header-display":"","ast-hfb-above-header-display":"","ast-hfb-below-header-display":"","ast-hfb-mobile-header-display":"","site-post-title":"","ast-breadcrumbs-content":"","ast-featured-img":"","footer-sml-layout":"","theme-transparent-header-meta":"default","adv-header-id-meta":"","stick-header-meta":"","header-above-stick-meta":"","header-main-stick-meta":"","header-below-stick-meta":"","astra-migrate-meta-layouts":"set","ast-page-background-enabled":"default","ast-page-background-meta":{"desktop":{"background-color":"var(--ast-global-color-4)","background-image":"","background-repeat":"repeat","background-position":"center center","background-size":"auto","background-attachment":"scroll","background-type":"","background-media":"","overlay-type":"","overlay-color":"","overlay-opacity":"","overlay-gradient":""},"tablet":{"background-color":"","background-image":"","background-repeat":"repeat","background-position":"center center","background-size":"auto","background-attachment":"scroll","background-type":"","background-media":"","overlay-type":"","overlay-color":"","overlay-opacity":"","overlay-gradient":""},"mobile":{"background-color":"","background-image":"","background-repeat":"repeat","background-position":"center center","background-size":"auto","background-attachment":"scroll","background-type":"","background-media":"","overlay-type":"","overlay-color":"","overlay-opacity":"","overlay-gradient":""}},"ast-content-background-meta":{"desktop":{"background-color":"var(--ast-global-color-5)","background-image":"","background-repeat":"repeat","background-position":"center center","background-size":"auto","background-attachment":"scroll","background-type":"","background-media":"","overlay-type":"","overlay-color":"","overlay-opacity":"","overlay-gradient":""},"tablet":{"background-color":"var(--ast-global-color-5)","background-image":"","background-repeat":"repeat","background-position":"center center","background-size":"auto","background-attachment":"scroll","background-type":"","background-media":"","overlay-type":"","overlay-color":"","overlay-opacity":"","overlay-gradient":""},"mobile":{"background-color":"var(--ast-global-color-5)","background-image":"","background-repeat":"repeat","background-position":"center center","background-size":"auto","background-attachment":"scroll","background-type":"","background-media":"","overlay-type":"","overlay-color":"","overlay-opacity":"","overlay-gradient":""}}},"product_brand":[],"product_cat":[993],"product_tag":[],"class_list":{"0":"post-10949","1":"product","2":"type-product","3":"status-publish","4":"has-post-thumbnail","6":"product_cat-skotoy-tilbehor","7":"desktop-align-left","8":"tablet-align-left","9":"mobile-align-left","11":"first","12":"instock","13":"shipping-taxable","14":"purchasable","15":"product-type-simple"},"_links":{"self":[{"href":"https:\/\/keluvo.com\/no\/wp-json\/wp\/v2\/product\/10949","targetHints":{"allow":["GET"]}}],"collection":[{"href":"https:\/\/keluvo.com\/no\/wp-json\/wp\/v2\/product"}],"about":[{"href":"https:\/\/keluvo.com\/no\/wp-json\/wp\/v2\/types\/product"}],"replies":[{"embeddable":true,"href":"https:\/\/keluvo.com\/no\/wp-json\/wp\/v2\/comments?post=10949"}],"wp:featuredmedia":[{"embeddable":true,"href":"https:\/\/keluvo.com\/no\/wp-json\/wp\/v2\/media\/10945"}],"wp:attachment":[{"href":"https:\/\/keluvo.com\/no\/wp-json\/wp\/v2\/media?parent=10949"}],"wp:term":[{"taxonomy":"product_brand","embeddable":true,"href":"https:\/\/keluvo.com\/no\/wp-json\/wp\/v2\/product_brand?post=10949"},{"taxonomy":"product_cat","embeddable":true,"href":"https:\/\/keluvo.com\/no\/wp-json\/wp\/v2\/product_cat?post=10949"},{"taxonomy":"product_tag","embeddable":true,"href":"https:\/\/keluvo.com\/no\/wp-json\/wp\/v2\/product_tag?post=10949"}],"curies":[{"name":"wp","href":"https:\/\/api.w.org\/{rel}","templated":true}]}}