{"id":10938,"date":"2025-03-25T22:36:00","date_gmt":"2025-03-25T20:36:00","guid":{"rendered":"https:\/\/keluvo.com\/no\/produkt\/solbrilleholder\/"},"modified":"2025-03-25T22:36:17","modified_gmt":"2025-03-25T20:36:17","slug":"solbrilleholder","status":"publish","type":"product","link":"https:\/\/keluvo.com\/no\/produkt\/solbrilleholder\/","title":{"rendered":"Solbrilleholder"},"content":{"rendered":"<h2 style=\"text-align: center\" data-start=\"0\" data-end=\"35\"><strong data-start=\"4\" data-end=\"33\">Holder Brillene Dine Trygt P\u00e5 Plass<\/strong><\/h2>\n<p style=\"text-align: center\" data-start=\"36\" data-end=\"265\">Solbrilleholderen festes p\u00e5 bilens solskjerm, slik at brillene dine er lett tilgjengelige. Den forhindrer at brillene dine blir borte eller skadet mens du kj\u00f8rer. En enkel og trygg m\u00e5te \u00e5 oppbevare brillene p\u00e5 n\u00e5r du er ute og kj\u00f8rer.<\/p>\n<p data-start=\"36\" data-end=\"265\"><img decoding=\"async\" class=\"alignnone size-medium wp-image-12764 aligncenter\" src=\"https:\/\/keluvo.com\/template\/wp-content\/uploads\/sites\/5\/2025\/03\/069a7428-756b-4b18-9542-cb5ada263e42.webp\" alt=\"\" \/><\/p>\n<h2 style=\"text-align: center\" data-start=\"267\" data-end=\"292\"><strong data-start=\"271\" data-end=\"290\">Enkel \u00c5 Montere<\/strong><\/h2>\n<p style=\"text-align: center\" data-start=\"293\" data-end=\"511\">Solbrilleholderen kan festes p\u00e5 sekunder takket v\u00e6re klipsdesignet. Ingen verkt\u00f8y eller ekstra deler er n\u00f8dvendig, noe som gj\u00f8r den til et problemfritt tillegg til bilen din. Bare fest den p\u00e5 visiret og begynn \u00e5 bruke den med en gang.<\/p>\n<p data-start=\"293\" data-end=\"511\"><img decoding=\"async\" class=\"alignnone size-medium wp-image-12767 aligncenter\" src=\"https:\/\/keluvo.com\/template\/wp-content\/uploads\/sites\/5\/2025\/03\/S0dc904ff682b4870bbe372de70fcc652f.jpg_960x960q75.jpg_.jpeg\" alt=\"\" \/><\/p>\n","protected":false},"excerpt":{"rendered":"<p>Holder Brillene Dine Trygt P\u00e5 Plass Solbrilleholderen festes p\u00e5 bilens solskjerm, slik at brillene dine er lett tilgjengelige. Den forhindrer [&hellip;]<\/p>\n","protected":false},"featured_media":10934,"comment_status":"open","ping_status":"closed","template":"","meta":{"site-sidebar-layout":"default","site-content-layout":"","ast-site-content-layout":"default","site-content-style":"default","site-sidebar-style":"default","ast-global-header-display":"","ast-banner-title-visibility":"","ast-main-header-display":"","ast-hfb-above-header-display":"","ast-hfb-below-header-display":"","ast-hfb-mobile-header-display":"","site-post-title":"","ast-breadcrumbs-content":"","ast-featured-img":"","footer-sml-layout":"","theme-transparent-header-meta":"default","adv-header-id-meta":"","stick-header-meta":"","header-above-stick-meta":"","header-main-stick-meta":"","header-below-stick-meta":"","astra-migrate-meta-layouts":"set","ast-page-background-enabled":"default","ast-page-background-meta":{"desktop":{"background-color":"var(--ast-global-color-4)","background-image":"","background-repeat":"repeat","background-position":"center center","background-size":"auto","background-attachment":"scroll","background-type":"","background-media":"","overlay-type":"","overlay-color":"","overlay-opacity":"","overlay-gradient":""},"tablet":{"background-color":"","background-image":"","background-repeat":"repeat","background-position":"center center","background-size":"auto","background-attachment":"scroll","background-type":"","background-media":"","overlay-type":"","overlay-color":"","overlay-opacity":"","overlay-gradient":""},"mobile":{"background-color":"","background-image":"","background-repeat":"repeat","background-position":"center center","background-size":"auto","background-attachment":"scroll","background-type":"","background-media":"","overlay-type":"","overlay-color":"","overlay-opacity":"","overlay-gradient":""}},"ast-content-background-meta":{"desktop":{"background-color":"var(--ast-global-color-5)","background-image":"","background-repeat":"repeat","background-position":"center center","background-size":"auto","background-attachment":"scroll","background-type":"","background-media":"","overlay-type":"","overlay-color":"","overlay-opacity":"","overlay-gradient":""},"tablet":{"background-color":"var(--ast-global-color-5)","background-image":"","background-repeat":"repeat","background-position":"center center","background-size":"auto","background-attachment":"scroll","background-type":"","background-media":"","overlay-type":"","overlay-color":"","overlay-opacity":"","overlay-gradient":""},"mobile":{"background-color":"var(--ast-global-color-5)","background-image":"","background-repeat":"repeat","background-position":"center center","background-size":"auto","background-attachment":"scroll","background-type":"","background-media":"","overlay-type":"","overlay-color":"","overlay-opacity":"","overlay-gradient":""}}},"product_brand":[],"product_cat":[993],"product_tag":[],"class_list":{"0":"post-10938","1":"product","2":"type-product","3":"status-publish","4":"has-post-thumbnail","6":"product_cat-skotoy-tilbehor","7":"pa_xwelmphc-brun","8":"pa_xwelmphc-gra","9":"pa_xwelmphc-svart","10":"desktop-align-left","11":"tablet-align-left","12":"mobile-align-left","14":"first","15":"instock","16":"shipping-taxable","17":"purchasable","18":"product-type-variable"},"_links":{"self":[{"href":"https:\/\/keluvo.com\/no\/wp-json\/wp\/v2\/product\/10938","targetHints":{"allow":["GET"]}}],"collection":[{"href":"https:\/\/keluvo.com\/no\/wp-json\/wp\/v2\/product"}],"about":[{"href":"https:\/\/keluvo.com\/no\/wp-json\/wp\/v2\/types\/product"}],"replies":[{"embeddable":true,"href":"https:\/\/keluvo.com\/no\/wp-json\/wp\/v2\/comments?post=10938"}],"wp:featuredmedia":[{"embeddable":true,"href":"https:\/\/keluvo.com\/no\/wp-json\/wp\/v2\/media\/10934"}],"wp:attachment":[{"href":"https:\/\/keluvo.com\/no\/wp-json\/wp\/v2\/media?parent=10938"}],"wp:term":[{"taxonomy":"product_brand","embeddable":true,"href":"https:\/\/keluvo.com\/no\/wp-json\/wp\/v2\/product_brand?post=10938"},{"taxonomy":"product_cat","embeddable":true,"href":"https:\/\/keluvo.com\/no\/wp-json\/wp\/v2\/product_cat?post=10938"},{"taxonomy":"product_tag","embeddable":true,"href":"https:\/\/keluvo.com\/no\/wp-json\/wp\/v2\/product_tag?post=10938"}],"curies":[{"name":"wp","href":"https:\/\/api.w.org\/{rel}","templated":true}]}}