{"id":10923,"date":"2025-03-25T22:34:13","date_gmt":"2025-03-25T20:34:13","guid":{"rendered":"https:\/\/keluvo.com\/no\/produkt\/lesebriller\/"},"modified":"2025-04-02T10:41:13","modified_gmt":"2025-04-02T08:41:13","slug":"lesebriller","status":"publish","type":"product","link":"https:\/\/keluvo.com\/no\/produkt\/lesebriller\/","title":{"rendered":"Lesebriller"},"content":{"rendered":"<h2 style=\"text-align: center\" data-start=\"0\" data-end=\"37\"><strong data-start=\"4\" data-end=\"35\">Lett Og Komfortabel<\/strong><\/h2>\n<p class=\"\" style=\"text-align: center\" data-start=\"38\" data-end=\"244\">Disse lesebrillene er ultratynne og superlette, noe som reduserer trykket p\u00e5 nesen. Den unike designen sikrer en sikker passform uten ubehag. Du f\u00e5r klart syn uten \u00e5 m\u00e5tte b\u00e6re tradisjonelle briller.<\/p>\n<p data-start=\"38\" data-end=\"244\"><img decoding=\"async\" class=\"alignnone size-medium wp-image-12777 aligncenter\" src=\"https:\/\/keluvo.com\/template\/wp-content\/uploads\/sites\/5\/2025\/03\/S7bba7bafa0984ab78d795a8c155ad4200.jpg_960x960q75.jpg_.jpeg\" alt=\"\" \/><\/p>\n<h2 style=\"text-align: center\" data-start=\"246\" data-end=\"269\"><strong data-start=\"250\" data-end=\"267\">Enkle \u00c5 Ta Med Seg<\/strong><\/h2>\n<p class=\"\" style=\"text-align: center\" data-start=\"270\" data-end=\"493\">Disse lesebrillene er designet for \u00e5 v\u00e6re praktiske, og leveres i et kompakt etui som passer i lommen eller lommeboken. Den slanke designen gj\u00f8r dem perfekte for reise eller daglig bruk. Du har alltid brillene klare n\u00e5r du trenger dem.<\/p>\n<p data-start=\"270\" data-end=\"493\"><img decoding=\"async\" class=\"alignnone size-medium wp-image-12781 aligncenter\" src=\"https:\/\/keluvo.com\/template\/wp-content\/uploads\/sites\/5\/2025\/03\/Sfef20cbd560747ae9c67b2b00d9a66d52.jpg_960x960q75.jpg_.jpeg\" alt=\"\" \/><\/p>\n","protected":false},"excerpt":{"rendered":"<p>Lett Og Komfortabel Disse lesebrillene er ultratynne og superlette, noe som reduserer trykket p\u00e5 nesen. Den unike designen sikrer en [&hellip;]<\/p>\n","protected":false},"featured_media":10919,"comment_status":"open","ping_status":"closed","template":"","meta":{"site-sidebar-layout":"default","site-content-layout":"","ast-site-content-layout":"default","site-content-style":"default","site-sidebar-style":"default","ast-global-header-display":"","ast-banner-title-visibility":"","ast-main-header-display":"","ast-hfb-above-header-display":"","ast-hfb-below-header-display":"","ast-hfb-mobile-header-display":"","site-post-title":"","ast-breadcrumbs-content":"","ast-featured-img":"","footer-sml-layout":"","theme-transparent-header-meta":"default","adv-header-id-meta":"","stick-header-meta":"","header-above-stick-meta":"","header-main-stick-meta":"","header-below-stick-meta":"","astra-migrate-meta-layouts":"set","ast-page-background-enabled":"default","ast-page-background-meta":{"desktop":{"background-color":"var(--ast-global-color-4)","background-image":"","background-repeat":"repeat","background-position":"center center","background-size":"auto","background-attachment":"scroll","background-type":"","background-media":"","overlay-type":"","overlay-color":"","overlay-opacity":"","overlay-gradient":""},"tablet":{"background-color":"","background-image":"","background-repeat":"repeat","background-position":"center center","background-size":"auto","background-attachment":"scroll","background-type":"","background-media":"","overlay-type":"","overlay-color":"","overlay-opacity":"","overlay-gradient":""},"mobile":{"background-color":"","background-image":"","background-repeat":"repeat","background-position":"center center","background-size":"auto","background-attachment":"scroll","background-type":"","background-media":"","overlay-type":"","overlay-color":"","overlay-opacity":"","overlay-gradient":""}},"ast-content-background-meta":{"desktop":{"background-color":"var(--ast-global-color-5)","background-image":"","background-repeat":"repeat","background-position":"center center","background-size":"auto","background-attachment":"scroll","background-type":"","background-media":"","overlay-type":"","overlay-color":"","overlay-opacity":"","overlay-gradient":""},"tablet":{"background-color":"var(--ast-global-color-5)","background-image":"","background-repeat":"repeat","background-position":"center center","background-size":"auto","background-attachment":"scroll","background-type":"","background-media":"","overlay-type":"","overlay-color":"","overlay-opacity":"","overlay-gradient":""},"mobile":{"background-color":"var(--ast-global-color-5)","background-image":"","background-repeat":"repeat","background-position":"center center","background-size":"auto","background-attachment":"scroll","background-type":"","background-media":"","overlay-type":"","overlay-color":"","overlay-opacity":"","overlay-gradient":""}}},"product_brand":[],"product_cat":[993],"product_tag":[],"class_list":{"0":"post-10923","1":"product","2":"type-product","3":"status-publish","4":"has-post-thumbnail","6":"product_cat-skotoy-tilbehor","7":"pa_u9qbvn8t-2317","8":"pa_u9qbvn8t-1-5","9":"pa_u9qbvn8t-2319","10":"pa_u9qbvn8t-2-5","11":"pa_u9qbvn8t-2321","12":"desktop-align-left","13":"tablet-align-left","14":"mobile-align-left","16":"first","17":"instock","18":"shipping-taxable","19":"purchasable","20":"product-type-variable"},"_links":{"self":[{"href":"https:\/\/keluvo.com\/no\/wp-json\/wp\/v2\/product\/10923","targetHints":{"allow":["GET"]}}],"collection":[{"href":"https:\/\/keluvo.com\/no\/wp-json\/wp\/v2\/product"}],"about":[{"href":"https:\/\/keluvo.com\/no\/wp-json\/wp\/v2\/types\/product"}],"replies":[{"embeddable":true,"href":"https:\/\/keluvo.com\/no\/wp-json\/wp\/v2\/comments?post=10923"}],"wp:featuredmedia":[{"embeddable":true,"href":"https:\/\/keluvo.com\/no\/wp-json\/wp\/v2\/media\/10919"}],"wp:attachment":[{"href":"https:\/\/keluvo.com\/no\/wp-json\/wp\/v2\/media?parent=10923"}],"wp:term":[{"taxonomy":"product_brand","embeddable":true,"href":"https:\/\/keluvo.com\/no\/wp-json\/wp\/v2\/product_brand?post=10923"},{"taxonomy":"product_cat","embeddable":true,"href":"https:\/\/keluvo.com\/no\/wp-json\/wp\/v2\/product_cat?post=10923"},{"taxonomy":"product_tag","embeddable":true,"href":"https:\/\/keluvo.com\/no\/wp-json\/wp\/v2\/product_tag?post=10923"}],"curies":[{"name":"wp","href":"https:\/\/api.w.org\/{rel}","templated":true}]}}