{"id":10837,"date":"2025-03-24T14:03:26","date_gmt":"2025-03-24T12:03:26","guid":{"rendered":"https:\/\/keluvo.com\/no\/produkt\/tradlost-hoppetau\/"},"modified":"2025-03-24T14:03:39","modified_gmt":"2025-03-24T12:03:39","slug":"tradlost-hoppetau","status":"publish","type":"product","link":"https:\/\/keluvo.com\/no\/produkt\/tradlost-hoppetau\/","title":{"rendered":"Tr\u00e5dl\u00f8st hoppetau"},"content":{"rendered":"<h2 style=\"text-align: center\"><strong>F\u00f8lg Med P\u00e5 Treningsfremgangen<\/strong><\/h2>\n<p style=\"text-align: center\">Den tr\u00e5dl\u00f8se hoppetauet har en LCD-skjerm som viser vekt, tidtaking, antall og kaloriforbruk. Dette gj\u00f8r det enkelt \u00e5 overv\u00e5ke trenings\u00f8ktene dine og holde motivasjonen oppe mens du jobber mot treningsm\u00e5lene dine.<\/p>\n<p><img decoding=\"async\" class=\"alignnone size-medium wp-image-5320 aligncenter\" src=\"https:\/\/keluvo.com\/template\/wp-content\/uploads\/sites\/5\/2024\/12\/S1d907f75a2c3422ab1bbb8f78f993cd9I.jpg_960x960q75.jpg_.webp\" \/><\/p>\n<h2 style=\"text-align: center\"><strong>B\u00e6rbart Og Flokerfritt<\/strong><\/h2>\n<p style=\"text-align: center\">Med sin taufrie design er det tr\u00e5dl\u00f8se hoppetauet perfekt for innend\u00f8rs og utend\u00f8rs bruk. Den kompakte st\u00f8rrelsen gj\u00f8r at du kan ta det med deg hvor som helst, noe som gj\u00f8r det ideelt for trenings\u00f8kter hjemme, p\u00e5 treningssenteret eller p\u00e5 farten.<\/p>\n<p><img decoding=\"async\" class=\"alignnone size-medium wp-image-5313 aligncenter\" src=\"https:\/\/keluvo.com\/template\/wp-content\/uploads\/sites\/5\/2024\/12\/fc6dd4f6-75ec-4495-b0b6-d1a37cd900e0.webp\" alt=\"\" \/><\/p>\n","protected":false},"excerpt":{"rendered":"<p>F\u00f8lg Med P\u00e5 Treningsfremgangen Den tr\u00e5dl\u00f8se hoppetauet har en LCD-skjerm som viser vekt, tidtaking, antall og kaloriforbruk. Dette gj\u00f8r det [&hellip;]<\/p>\n","protected":false},"featured_media":10833,"comment_status":"open","ping_status":"closed","template":"","meta":{"site-sidebar-layout":"default","site-content-layout":"","ast-site-content-layout":"default","site-content-style":"default","site-sidebar-style":"default","ast-global-header-display":"","ast-banner-title-visibility":"","ast-main-header-display":"","ast-hfb-above-header-display":"","ast-hfb-below-header-display":"","ast-hfb-mobile-header-display":"","site-post-title":"","ast-breadcrumbs-content":"","ast-featured-img":"","footer-sml-layout":"","theme-transparent-header-meta":"default","adv-header-id-meta":"","stick-header-meta":"","header-above-stick-meta":"","header-main-stick-meta":"","header-below-stick-meta":"","astra-migrate-meta-layouts":"set","ast-page-background-enabled":"default","ast-page-background-meta":{"desktop":{"background-color":"var(--ast-global-color-4)","background-image":"","background-repeat":"repeat","background-position":"center center","background-size":"auto","background-attachment":"scroll","background-type":"","background-media":"","overlay-type":"","overlay-color":"","overlay-opacity":"","overlay-gradient":""},"tablet":{"background-color":"","background-image":"","background-repeat":"repeat","background-position":"center center","background-size":"auto","background-attachment":"scroll","background-type":"","background-media":"","overlay-type":"","overlay-color":"","overlay-opacity":"","overlay-gradient":""},"mobile":{"background-color":"","background-image":"","background-repeat":"repeat","background-position":"center center","background-size":"auto","background-attachment":"scroll","background-type":"","background-media":"","overlay-type":"","overlay-color":"","overlay-opacity":"","overlay-gradient":""}},"ast-content-background-meta":{"desktop":{"background-color":"var(--ast-global-color-5)","background-image":"","background-repeat":"repeat","background-position":"center center","background-size":"auto","background-attachment":"scroll","background-type":"","background-media":"","overlay-type":"","overlay-color":"","overlay-opacity":"","overlay-gradient":""},"tablet":{"background-color":"var(--ast-global-color-5)","background-image":"","background-repeat":"repeat","background-position":"center center","background-size":"auto","background-attachment":"scroll","background-type":"","background-media":"","overlay-type":"","overlay-color":"","overlay-opacity":"","overlay-gradient":""},"mobile":{"background-color":"var(--ast-global-color-5)","background-image":"","background-repeat":"repeat","background-position":"center center","background-size":"auto","background-attachment":"scroll","background-type":"","background-media":"","overlay-type":"","overlay-color":"","overlay-opacity":"","overlay-gradient":""}}},"product_brand":[],"product_cat":[991],"product_tag":[],"class_list":{"0":"post-10837","1":"product","2":"type-product","3":"status-publish","4":"has-post-thumbnail","6":"product_cat-helseprodukter","7":"pa_kwmxklr4-bla","8":"pa_kwmxklr4-lysegronn","9":"pa_kwmxklr4-rosa","10":"pa_kwmxklr4-rosa-hvit","11":"pa_kwmxklr4-svart","12":"pa_kwmxklr4-svart-gronn","13":"pa_kwmxklr4-svart-hvit","14":"desktop-align-left","15":"tablet-align-left","16":"mobile-align-left","18":"first","19":"instock","20":"shipping-taxable","21":"purchasable","22":"product-type-variable"},"_links":{"self":[{"href":"https:\/\/keluvo.com\/no\/wp-json\/wp\/v2\/product\/10837","targetHints":{"allow":["GET"]}}],"collection":[{"href":"https:\/\/keluvo.com\/no\/wp-json\/wp\/v2\/product"}],"about":[{"href":"https:\/\/keluvo.com\/no\/wp-json\/wp\/v2\/types\/product"}],"replies":[{"embeddable":true,"href":"https:\/\/keluvo.com\/no\/wp-json\/wp\/v2\/comments?post=10837"}],"wp:featuredmedia":[{"embeddable":true,"href":"https:\/\/keluvo.com\/no\/wp-json\/wp\/v2\/media\/10833"}],"wp:attachment":[{"href":"https:\/\/keluvo.com\/no\/wp-json\/wp\/v2\/media?parent=10837"}],"wp:term":[{"taxonomy":"product_brand","embeddable":true,"href":"https:\/\/keluvo.com\/no\/wp-json\/wp\/v2\/product_brand?post=10837"},{"taxonomy":"product_cat","embeddable":true,"href":"https:\/\/keluvo.com\/no\/wp-json\/wp\/v2\/product_cat?post=10837"},{"taxonomy":"product_tag","embeddable":true,"href":"https:\/\/keluvo.com\/no\/wp-json\/wp\/v2\/product_tag?post=10837"}],"curies":[{"name":"wp","href":"https:\/\/api.w.org\/{rel}","templated":true}]}}