{"id":10801,"date":"2025-03-24T13:56:34","date_gmt":"2025-03-24T11:56:34","guid":{"rendered":"https:\/\/keluvo.com\/no\/produkt\/eggomelettform\/"},"modified":"2025-03-24T13:56:43","modified_gmt":"2025-03-24T11:56:43","slug":"eggomelettform","status":"publish","type":"product","link":"https:\/\/keluvo.com\/no\/produkt\/eggomelettform\/","title":{"rendered":"Eggomelettform"},"content":{"rendered":"<h2 style=\"text-align: center\" data-start=\"0\" data-end=\"34\"><strong data-start=\"4\" data-end=\"32\">Morsomme Former Til Frokost<\/strong><\/h2>\n<p style=\"text-align: center\" data-start=\"35\" data-end=\"210\">Gj\u00f8r morgenene spennende med eggomelettformen. Den former egg i s\u00f8te m\u00f8nstre som ugler, hodeskaller og blomster. Perfekt for barn og voksne som elsker kreative m\u00e5ltider.<\/p>\n<p data-start=\"35\" data-end=\"210\"><img decoding=\"async\" class=\"alignnone size-medium wp-image-12734 aligncenter\" src=\"https:\/\/keluvo.com\/template\/wp-content\/uploads\/sites\/5\/2025\/03\/77a0ea56-e5da-46e7-a929-92420d414cbf.webp\" alt=\"\" \/><\/p>\n<h2 style=\"text-align: center\" data-start=\"212\" data-end=\"242\"><strong data-start=\"216\" data-end=\"240\">Trygg Og Enkel \u00c5 Bruke<\/strong><\/h2>\n<p style=\"text-align: center\" data-start=\"243\" data-end=\"453\">Eggomelettformen er laget av matvaregodkjent silikon og er trygg og non-stick. Den t\u00e5ler b\u00e5de h\u00f8ye og lave temperaturer, noe som gj\u00f8r den perfekt til steking av egg og pannekaker. Rengj\u00f8ringen g\u00e5r raskt og enkelt med bare vann.<\/p>\n<p data-start=\"243\" data-end=\"453\"><img decoding=\"async\" class=\"alignnone size-medium wp-image-12737 aligncenter\" src=\"https:\/\/keluvo.com\/template\/wp-content\/uploads\/sites\/5\/2025\/03\/H47a1d251c28a4aa9bb35b717cd104a04W.jpg_960x960q75.jpg_.jpeg\" alt=\"\" \/><\/p>\n","protected":false},"excerpt":{"rendered":"<p>Morsomme Former Til Frokost Gj\u00f8r morgenene spennende med eggomelettformen. Den former egg i s\u00f8te m\u00f8nstre som ugler, hodeskaller og blomster. [&hellip;]<\/p>\n","protected":false},"featured_media":10797,"comment_status":"open","ping_status":"closed","template":"","meta":{"site-sidebar-layout":"default","site-content-layout":"","ast-site-content-layout":"default","site-content-style":"default","site-sidebar-style":"default","ast-global-header-display":"","ast-banner-title-visibility":"","ast-main-header-display":"","ast-hfb-above-header-display":"","ast-hfb-below-header-display":"","ast-hfb-mobile-header-display":"","site-post-title":"","ast-breadcrumbs-content":"","ast-featured-img":"","footer-sml-layout":"","theme-transparent-header-meta":"default","adv-header-id-meta":"","stick-header-meta":"","header-above-stick-meta":"","header-main-stick-meta":"","header-below-stick-meta":"","astra-migrate-meta-layouts":"set","ast-page-background-enabled":"default","ast-page-background-meta":{"desktop":{"background-color":"var(--ast-global-color-4)","background-image":"","background-repeat":"repeat","background-position":"center center","background-size":"auto","background-attachment":"scroll","background-type":"","background-media":"","overlay-type":"","overlay-color":"","overlay-opacity":"","overlay-gradient":""},"tablet":{"background-color":"","background-image":"","background-repeat":"repeat","background-position":"center center","background-size":"auto","background-attachment":"scroll","background-type":"","background-media":"","overlay-type":"","overlay-color":"","overlay-opacity":"","overlay-gradient":""},"mobile":{"background-color":"","background-image":"","background-repeat":"repeat","background-position":"center center","background-size":"auto","background-attachment":"scroll","background-type":"","background-media":"","overlay-type":"","overlay-color":"","overlay-opacity":"","overlay-gradient":""}},"ast-content-background-meta":{"desktop":{"background-color":"var(--ast-global-color-5)","background-image":"","background-repeat":"repeat","background-position":"center center","background-size":"auto","background-attachment":"scroll","background-type":"","background-media":"","overlay-type":"","overlay-color":"","overlay-opacity":"","overlay-gradient":""},"tablet":{"background-color":"var(--ast-global-color-5)","background-image":"","background-repeat":"repeat","background-position":"center center","background-size":"auto","background-attachment":"scroll","background-type":"","background-media":"","overlay-type":"","overlay-color":"","overlay-opacity":"","overlay-gradient":""},"mobile":{"background-color":"var(--ast-global-color-5)","background-image":"","background-repeat":"repeat","background-position":"center center","background-size":"auto","background-attachment":"scroll","background-type":"","background-media":"","overlay-type":"","overlay-color":"","overlay-opacity":"","overlay-gradient":""}}},"product_brand":[],"product_cat":[1001],"product_tag":[],"class_list":{"0":"post-10801","1":"product","2":"type-product","3":"status-publish","4":"has-post-thumbnail","6":"product_cat-husholdningsartikler","7":"pa_vpqcoorm-hodeskalle","8":"pa_vpqcoorm-kanin","9":"pa_vpqcoorm-smilende-ansikt","10":"pa_vpqcoorm-sol","11":"pa_vpqcoorm-ugle","12":"desktop-align-left","13":"tablet-align-left","14":"mobile-align-left","16":"first","17":"instock","18":"shipping-taxable","19":"purchasable","20":"product-type-variable"},"_links":{"self":[{"href":"https:\/\/keluvo.com\/no\/wp-json\/wp\/v2\/product\/10801","targetHints":{"allow":["GET"]}}],"collection":[{"href":"https:\/\/keluvo.com\/no\/wp-json\/wp\/v2\/product"}],"about":[{"href":"https:\/\/keluvo.com\/no\/wp-json\/wp\/v2\/types\/product"}],"replies":[{"embeddable":true,"href":"https:\/\/keluvo.com\/no\/wp-json\/wp\/v2\/comments?post=10801"}],"wp:featuredmedia":[{"embeddable":true,"href":"https:\/\/keluvo.com\/no\/wp-json\/wp\/v2\/media\/10797"}],"wp:attachment":[{"href":"https:\/\/keluvo.com\/no\/wp-json\/wp\/v2\/media?parent=10801"}],"wp:term":[{"taxonomy":"product_brand","embeddable":true,"href":"https:\/\/keluvo.com\/no\/wp-json\/wp\/v2\/product_brand?post=10801"},{"taxonomy":"product_cat","embeddable":true,"href":"https:\/\/keluvo.com\/no\/wp-json\/wp\/v2\/product_cat?post=10801"},{"taxonomy":"product_tag","embeddable":true,"href":"https:\/\/keluvo.com\/no\/wp-json\/wp\/v2\/product_tag?post=10801"}],"curies":[{"name":"wp","href":"https:\/\/api.w.org\/{rel}","templated":true}]}}