{"id":10771,"date":"2025-03-24T12:30:13","date_gmt":"2025-03-24T10:30:13","guid":{"rendered":"https:\/\/keluvo.com\/no\/produkt\/tannborste-for-hund-2\/"},"modified":"2025-09-12T16:27:23","modified_gmt":"2025-09-12T13:27:23","slug":"tannborste-til-hund","status":"publish","type":"product","link":"https:\/\/keluvo.com\/no\/produkt\/tannborste-til-hund\/","title":{"rendered":"Tannb\u00f8rste til hund"},"content":{"rendered":"<h2 style=\"text-align: center;\" data-start=\"453\" data-end=\"475\">Enkel \u00e5 bruke<\/h2>\n<p class=\"\" style=\"text-align: center;\" data-start=\"477\" data-end=\"828\">Designet for \u00e5 passe komfortabelt p\u00e5 fingeren din, gir denne tannb\u00f8rsten bedre kontroll og lettere tilgang til bortgjemte omr\u00e5der i kj\u00e6ledyrets munn. Dette designet er spesielt gunstig for kj\u00e6ledyr som ikke har begynt \u00e5 pusse tenner eller som er f\u00f8lsomme for tradisjonelle tannb\u00f8rster.<\/p>\n<p data-start=\"109\" data-end=\"451\"><img decoding=\"async\" class=\"size-medium wp-image-12787 aligncenter\" src=\"https:\/\/keluvo.com\/template\/wp-content\/uploads\/sites\/5\/2025\/03\/dogtoothbrushvideogif-ezgif.com-gif-to-webp-converter.webp\" alt=\"\" \/><\/p>\n<h2 style=\"text-align: center;\">Effektiv og Sk\u00e5nsom<\/h2>\n<p class=\"\" style=\"text-align: center;\" data-start=\"109\" data-end=\"451\">V\u00e5r praktiske tannb\u00f8rste for kj\u00e6ledyr er laget av silikon av h\u00f8y kvalitet, noe som sikrer en sk\u00e5nsom, men effektiv rengj\u00f8ring av kj\u00e6ledyrets tenner og tannkj\u00f8tt. De myke bustene bidrar til \u00e5 fjerne matrester og plakk, noe som reduserer risikoen for tannsykdommer og d\u00e5rlig \u00e5nde.<\/p>\n<p data-start=\"477\" data-end=\"828\"><img decoding=\"async\" class=\"size-medium wp-image-12788 aligncenter\" src=\"https:\/\/keluvo.com\/template\/wp-content\/uploads\/sites\/5\/2025\/03\/toothbrush-image.jpg\" alt=\"\" \/><\/p>\n<h2 style=\"text-align: center;\" data-start=\"830\" data-end=\"857\">Universell Design<\/h2>\n<p class=\"\" style=\"text-align: center;\" data-start=\"859\" data-end=\"1016\">Denne tannb\u00f8rsten passer for b\u00e5de hunder og katter, og er et allsidig tilskudd til pleierutinen for kj\u00e6ledyret ditt. Regelmessig tannpuss bidrar til \u00e5 forebygge tannstein, bekjempe plakk og holde tannkj\u00f8ttet friskt, noe som bidrar til kj\u00e6ledyrets generelle velv\u00e6re.<\/p>\n<p data-start=\"859\" data-end=\"1016\"><img decoding=\"async\" class=\"size-medium wp-image-12784 aligncenter\" src=\"https:\/\/keluvo.com\/template\/wp-content\/uploads\/sites\/5\/2025\/03\/main-image-4.jpeg\" alt=\"\" \/><\/p>\n<h2 style=\"text-align: center;\" data-start=\"1018\" data-end=\"1048\">Holdbare og Trygge Materialer<\/h2>\n<p class=\"\" style=\"text-align: center;\" data-start=\"1050\" data-end=\"1171\">Tannb\u00f8rsten er laget av slitesterkt, giftfritt silikon, er trygg for kj\u00e6ledyret ditt, og designet for \u00e5 vare. Det gjennomsiktige designet gj\u00f8r at du kan overv\u00e5ke renheten og sikre en hygienisk b\u00f8rste-opplevelse hver gang.<\/p>\n<p class=\"\" style=\"text-align: center;\" data-start=\"1050\" data-end=\"1171\"><img decoding=\"async\" class=\"alignnone size-medium wp-image-12417\" src=\"https:\/\/keluvo.com\/template\/wp-content\/uploads\/sites\/5\/2025\/03\/S8f46b9cbadf64de99591c09a2595f614L.jpeg\" alt=\"\" \/>\u200b<\/p>\n<h2 style=\"text-align: center;\" data-start=\"1173\" data-end=\"1199\">Kompakt og Praktisk<\/h2>\n<p class=\"\" style=\"text-align: center;\" data-start=\"1201\" data-end=\"1326\">Med dimensjoner p\u00e5 55 mm x 23 mm og en vekt p\u00e5 bare litt over 5 gram er denne tannb\u00f8rsten kompakt og enkel \u00e5 oppbevare. Det lette designet gj\u00f8r den praktisk \u00e5 bruke og ideell for reiser, slik at kj\u00e6ledyrets tannhygiene opprettholdes uansett hvor du drar.\u200b<\/p>\n<h2 style=\"text-align: center;\" data-start=\"1328\" data-end=\"1343\">Hvordan Du Bruker Den:<\/h2>\n<ol>\n<li data-start=\"1348\" data-end=\"1433\"><span class=\"relative -mx-px my-[-0.2rem] rounded px-px py-[0.2rem]\"><strong data-start=\"0\" data-end=\"11\" data-is-only-node=\"\">Forbered<\/strong>: Plasser tannb\u00f8rsten p\u00e5 fingeren og p\u00e5f\u00f8r en liten mengde tannkrem som er trygg for kj\u00e6ledyr.<\/span>\u200b<\/li>\n<li data-start=\"1348\" data-end=\"1433\"><span class=\"relative -mx-px my-[-0.2rem] rounded px-px py-[0.2rem]\"><strong data-start=\"0\" data-end=\"9\" data-is-only-node=\"\">B\u00f8rst<\/strong>: Gni forsiktig kj\u00e6ledyrets tenner og tannkj\u00f8tt i sirkelbevegelser, og dekk alle omr\u00e5der, inkludert baktennene.<\/span><\/li>\n<li data-start=\"1348\" data-end=\"1433\"><span class=\"relative -mx-px my-[-0.2rem] rounded px-px py-[0.2rem]\"><strong data-start=\"0\" data-end=\"9\" data-is-only-node=\"\">Rengj\u00f8r<\/strong>: Etter pussen skyller du tannb\u00f8rsten grundig med vann og lar den luftt\u00f8rke.<\/span>\u200b<\/li>\n<\/ol>\n","protected":false},"excerpt":{"rendered":"<p>Enkel \u00e5 bruke Designet for \u00e5 passe komfortabelt p\u00e5 fingeren din, gir denne tannb\u00f8rsten bedre kontroll og lettere tilgang til [&hellip;]<\/p>\n","protected":false},"featured_media":10765,"comment_status":"open","ping_status":"closed","template":"","meta":{"site-sidebar-layout":"default","site-content-layout":"","ast-site-content-layout":"default","site-content-style":"default","site-sidebar-style":"default","ast-global-header-display":"","ast-banner-title-visibility":"","ast-main-header-display":"","ast-hfb-above-header-display":"","ast-hfb-below-header-display":"","ast-hfb-mobile-header-display":"","site-post-title":"","ast-breadcrumbs-content":"","ast-featured-img":"","footer-sml-layout":"","theme-transparent-header-meta":"default","adv-header-id-meta":"","stick-header-meta":"","header-above-stick-meta":"","header-main-stick-meta":"","header-below-stick-meta":"","astra-migrate-meta-layouts":"set","ast-page-background-enabled":"default","ast-page-background-meta":{"desktop":{"background-color":"var(--ast-global-color-4)","background-image":"","background-repeat":"repeat","background-position":"center center","background-size":"auto","background-attachment":"scroll","background-type":"","background-media":"","overlay-type":"","overlay-color":"","overlay-opacity":"","overlay-gradient":""},"tablet":{"background-color":"","background-image":"","background-repeat":"repeat","background-position":"center center","background-size":"auto","background-attachment":"scroll","background-type":"","background-media":"","overlay-type":"","overlay-color":"","overlay-opacity":"","overlay-gradient":""},"mobile":{"background-color":"","background-image":"","background-repeat":"repeat","background-position":"center center","background-size":"auto","background-attachment":"scroll","background-type":"","background-media":"","overlay-type":"","overlay-color":"","overlay-opacity":"","overlay-gradient":""}},"ast-content-background-meta":{"desktop":{"background-color":"var(--ast-global-color-5)","background-image":"","background-repeat":"repeat","background-position":"center center","background-size":"auto","background-attachment":"scroll","background-type":"","background-media":"","overlay-type":"","overlay-color":"","overlay-opacity":"","overlay-gradient":""},"tablet":{"background-color":"var(--ast-global-color-5)","background-image":"","background-repeat":"repeat","background-position":"center center","background-size":"auto","background-attachment":"scroll","background-type":"","background-media":"","overlay-type":"","overlay-color":"","overlay-opacity":"","overlay-gradient":""},"mobile":{"background-color":"var(--ast-global-color-5)","background-image":"","background-repeat":"repeat","background-position":"center center","background-size":"auto","background-attachment":"scroll","background-type":"","background-media":"","overlay-type":"","overlay-color":"","overlay-opacity":"","overlay-gradient":""}}},"product_brand":[],"product_cat":[997],"product_tag":[],"class_list":{"0":"post-10771","1":"product","2":"type-product","3":"status-publish","4":"has-post-thumbnail","6":"product_cat-husdyrprodukter","7":"pa_fuyai9in-2-stk","8":"pa_fuyai9in-5-stk","9":"pa_fuyai9in-10-stk","10":"desktop-align-left","11":"tablet-align-left","12":"mobile-align-left","14":"first","15":"instock","16":"shipping-taxable","17":"purchasable","18":"product-type-variable"},"_links":{"self":[{"href":"https:\/\/keluvo.com\/no\/wp-json\/wp\/v2\/product\/10771","targetHints":{"allow":["GET"]}}],"collection":[{"href":"https:\/\/keluvo.com\/no\/wp-json\/wp\/v2\/product"}],"about":[{"href":"https:\/\/keluvo.com\/no\/wp-json\/wp\/v2\/types\/product"}],"replies":[{"embeddable":true,"href":"https:\/\/keluvo.com\/no\/wp-json\/wp\/v2\/comments?post=10771"}],"wp:featuredmedia":[{"embeddable":true,"href":"https:\/\/keluvo.com\/no\/wp-json\/wp\/v2\/media\/10765"}],"wp:attachment":[{"href":"https:\/\/keluvo.com\/no\/wp-json\/wp\/v2\/media?parent=10771"}],"wp:term":[{"taxonomy":"product_brand","embeddable":true,"href":"https:\/\/keluvo.com\/no\/wp-json\/wp\/v2\/product_brand?post=10771"},{"taxonomy":"product_cat","embeddable":true,"href":"https:\/\/keluvo.com\/no\/wp-json\/wp\/v2\/product_cat?post=10771"},{"taxonomy":"product_tag","embeddable":true,"href":"https:\/\/keluvo.com\/no\/wp-json\/wp\/v2\/product_tag?post=10771"}],"curies":[{"name":"wp","href":"https:\/\/api.w.org\/{rel}","templated":true}]}}