{"id":10640,"date":"2025-03-21T01:39:39","date_gmt":"2025-03-20T23:39:39","guid":{"rendered":"https:\/\/keluvo.com\/no\/produkt\/rengjoringsmiddel-for-oljeflekker\/"},"modified":"2025-03-21T01:39:48","modified_gmt":"2025-03-20T23:39:48","slug":"rengjoringsmiddel-for-oljeflekker","status":"publish","type":"product","link":"https:\/\/keluvo.com\/no\/produkt\/rengjoringsmiddel-for-oljeflekker\/","title":{"rendered":"Rengj\u00f8ringsmiddel for oljeflekker"},"content":{"rendered":"<h2 style=\"text-align: center\" data-start=\"0\" data-end=\"34\"><strong data-start=\"4\" data-end=\"32\">Fjerner Vanskelige Oljeflekker<\/strong><\/h2>\n<p style=\"text-align: center\" data-start=\"35\" data-end=\"246\">Oljeflekkrens er utviklet for \u00e5 fjerne gjenstridig fett og smuss p\u00e5 en enkel m\u00e5te. Det virker dypt inn i overflatene og f\u00e5r kj\u00f8kkenhetter, komfyrer og gryter til \u00e5 se rene ut igjen. Bare spray og t\u00f8rk av for en fettfri finish.<\/p>\n<p data-start=\"35\" data-end=\"246\"><img decoding=\"async\" class=\"alignnone size-medium wp-image-12648 aligncenter\" src=\"https:\/\/keluvo.com\/template\/wp-content\/uploads\/sites\/5\/2025\/03\/2a13d44e-981d-4f83-932a-0f76bd9db5d1.webp\" alt=\"\" \/><\/p>\n<h2 style=\"text-align: center\" data-start=\"248\" data-end=\"280\"><strong data-start=\"252\" data-end=\"278\">Fungerer P\u00e5 Mange Overflater<\/strong><\/h2>\n<p style=\"text-align: center\" data-start=\"281\" data-end=\"474\">Dette rengj\u00f8ringsmiddelet er perfekt for kj\u00f8kkenapparater, vegger og kokekar. Det fjerner oljeflekker fra kj\u00f8kkenhetter, kraner og avtrekksvifter. Bruk det overalt der det samler seg fett, og f\u00e5 et skinnende rent hjem.<\/p>\n<p data-start=\"281\" data-end=\"474\"><img decoding=\"async\" class=\"alignnone size-medium wp-image-12647 aligncenter\" src=\"https:\/\/keluvo.com\/template\/wp-content\/uploads\/sites\/5\/2025\/03\/0d4dd3c0-8b47-4d85-a3bf-1d01a4d54bb7.webp\" alt=\"\" \/><\/p>\n","protected":false},"excerpt":{"rendered":"<p>Fjerner Vanskelige Oljeflekker Oljeflekkrens er utviklet for \u00e5 fjerne gjenstridig fett og smuss p\u00e5 en enkel m\u00e5te. Det virker dypt [&hellip;]<\/p>\n","protected":false},"featured_media":10636,"comment_status":"open","ping_status":"closed","template":"","meta":{"site-sidebar-layout":"default","site-content-layout":"","ast-site-content-layout":"default","site-content-style":"default","site-sidebar-style":"default","ast-global-header-display":"","ast-banner-title-visibility":"","ast-main-header-display":"","ast-hfb-above-header-display":"","ast-hfb-below-header-display":"","ast-hfb-mobile-header-display":"","site-post-title":"","ast-breadcrumbs-content":"","ast-featured-img":"","footer-sml-layout":"","theme-transparent-header-meta":"default","adv-header-id-meta":"","stick-header-meta":"","header-above-stick-meta":"","header-main-stick-meta":"","header-below-stick-meta":"","astra-migrate-meta-layouts":"set","ast-page-background-enabled":"default","ast-page-background-meta":{"desktop":{"background-color":"var(--ast-global-color-4)","background-image":"","background-repeat":"repeat","background-position":"center center","background-size":"auto","background-attachment":"scroll","background-type":"","background-media":"","overlay-type":"","overlay-color":"","overlay-opacity":"","overlay-gradient":""},"tablet":{"background-color":"","background-image":"","background-repeat":"repeat","background-position":"center center","background-size":"auto","background-attachment":"scroll","background-type":"","background-media":"","overlay-type":"","overlay-color":"","overlay-opacity":"","overlay-gradient":""},"mobile":{"background-color":"","background-image":"","background-repeat":"repeat","background-position":"center center","background-size":"auto","background-attachment":"scroll","background-type":"","background-media":"","overlay-type":"","overlay-color":"","overlay-opacity":"","overlay-gradient":""}},"ast-content-background-meta":{"desktop":{"background-color":"var(--ast-global-color-5)","background-image":"","background-repeat":"repeat","background-position":"center center","background-size":"auto","background-attachment":"scroll","background-type":"","background-media":"","overlay-type":"","overlay-color":"","overlay-opacity":"","overlay-gradient":""},"tablet":{"background-color":"var(--ast-global-color-5)","background-image":"","background-repeat":"repeat","background-position":"center center","background-size":"auto","background-attachment":"scroll","background-type":"","background-media":"","overlay-type":"","overlay-color":"","overlay-opacity":"","overlay-gradient":""},"mobile":{"background-color":"var(--ast-global-color-5)","background-image":"","background-repeat":"repeat","background-position":"center center","background-size":"auto","background-attachment":"scroll","background-type":"","background-media":"","overlay-type":"","overlay-color":"","overlay-opacity":"","overlay-gradient":""}}},"product_brand":[],"product_cat":[993],"product_tag":[],"class_list":{"0":"post-10640","1":"product","2":"type-product","3":"status-publish","4":"has-post-thumbnail","6":"product_cat-skotoy-tilbehor","7":"pa_qc5cmq77-100-ml","8":"pa_qc5cmq77-30-ml","9":"desktop-align-left","10":"tablet-align-left","11":"mobile-align-left","13":"first","14":"instock","15":"shipping-taxable","16":"purchasable","17":"product-type-variable"},"_links":{"self":[{"href":"https:\/\/keluvo.com\/no\/wp-json\/wp\/v2\/product\/10640","targetHints":{"allow":["GET"]}}],"collection":[{"href":"https:\/\/keluvo.com\/no\/wp-json\/wp\/v2\/product"}],"about":[{"href":"https:\/\/keluvo.com\/no\/wp-json\/wp\/v2\/types\/product"}],"replies":[{"embeddable":true,"href":"https:\/\/keluvo.com\/no\/wp-json\/wp\/v2\/comments?post=10640"}],"wp:featuredmedia":[{"embeddable":true,"href":"https:\/\/keluvo.com\/no\/wp-json\/wp\/v2\/media\/10636"}],"wp:attachment":[{"href":"https:\/\/keluvo.com\/no\/wp-json\/wp\/v2\/media?parent=10640"}],"wp:term":[{"taxonomy":"product_brand","embeddable":true,"href":"https:\/\/keluvo.com\/no\/wp-json\/wp\/v2\/product_brand?post=10640"},{"taxonomy":"product_cat","embeddable":true,"href":"https:\/\/keluvo.com\/no\/wp-json\/wp\/v2\/product_cat?post=10640"},{"taxonomy":"product_tag","embeddable":true,"href":"https:\/\/keluvo.com\/no\/wp-json\/wp\/v2\/product_tag?post=10640"}],"curies":[{"name":"wp","href":"https:\/\/api.w.org\/{rel}","templated":true}]}}