{"id":10625,"date":"2025-03-21T01:36:42","date_gmt":"2025-03-20T23:36:42","guid":{"rendered":"https:\/\/keluvo.com\/no\/produkt\/transformatorleke-med-bil\/"},"modified":"2025-03-21T01:37:14","modified_gmt":"2025-03-20T23:37:14","slug":"transformatorleke-med-bil","status":"publish","type":"product","link":"https:\/\/keluvo.com\/no\/produkt\/transformatorleke-med-bil\/","title":{"rendered":"Transformatorleke med bil"},"content":{"rendered":"<h2 style=\"text-align: center\" data-start=\"0\" data-end=\"27\"><strong>Forvandles P\u00e5 Sekunder<\/strong><\/h2>\n<p style=\"text-align: center\" data-start=\"28\" data-end=\"249\">Biltransformator-leken forvandles raskt fra bil til robot med bare \u00e9n bevegelse. Denne spennende funksjonen gj\u00f8r leken morsommere og holder barna engasjerte. Det er enkelt \u00e5 bytte mellom modusene, noe som gir endel\u00f8s underholdning.<\/p>\n<p data-start=\"28\" data-end=\"249\"><img decoding=\"async\" class=\"alignnone size-medium wp-image-12524 aligncenter\" src=\"https:\/\/keluvo.com\/template\/wp-content\/uploads\/sites\/5\/2025\/03\/c81c6d0e-8714-431b-aa95-995f0a58772e.webp\" alt=\"\" \/><\/p>\n<h2 style=\"text-align: center\" data-start=\"251\" data-end=\"285\"><strong>Fjernkontroll For Enkel Lek<\/strong><\/h2>\n<p style=\"text-align: center\" data-start=\"286\" data-end=\"523\">Med en enkel fjernkontroll kan barna enkelt kj\u00f8re biltransformatorleket\u00f8yet fremover, bakover og svinge. Kontrollene er enkle \u00e5 bruke, noe som gj\u00f8r den perfekt for barn i alle aldre. Ha det g\u00f8y i timevis med \u00e5 kj\u00f8re og forvandle bilen.<\/p>\n<p data-start=\"286\" data-end=\"523\"><img decoding=\"async\" class=\"alignnone size-medium wp-image-12522 aligncenter\" src=\"https:\/\/keluvo.com\/template\/wp-content\/uploads\/sites\/5\/2025\/03\/7c61591e-a97f-48a8-8327-7edfaf369f9b.webp\" alt=\"\" \/><\/p>\n","protected":false},"excerpt":{"rendered":"<p>Forvandles P\u00e5 Sekunder Biltransformator-leken forvandles raskt fra bil til robot med bare \u00e9n bevegelse. Denne spennende funksjonen gj\u00f8r leken morsommere [&hellip;]<\/p>\n","protected":false},"featured_media":10621,"comment_status":"open","ping_status":"closed","template":"","meta":{"site-sidebar-layout":"default","site-content-layout":"","ast-site-content-layout":"default","site-content-style":"default","site-sidebar-style":"default","ast-global-header-display":"","ast-banner-title-visibility":"","ast-main-header-display":"","ast-hfb-above-header-display":"","ast-hfb-below-header-display":"","ast-hfb-mobile-header-display":"","site-post-title":"","ast-breadcrumbs-content":"","ast-featured-img":"","footer-sml-layout":"","theme-transparent-header-meta":"default","adv-header-id-meta":"","stick-header-meta":"","header-above-stick-meta":"","header-main-stick-meta":"","header-below-stick-meta":"","astra-migrate-meta-layouts":"set","ast-page-background-enabled":"default","ast-page-background-meta":{"desktop":{"background-color":"var(--ast-global-color-4)","background-image":"","background-repeat":"repeat","background-position":"center center","background-size":"auto","background-attachment":"scroll","background-type":"","background-media":"","overlay-type":"","overlay-color":"","overlay-opacity":"","overlay-gradient":""},"tablet":{"background-color":"","background-image":"","background-repeat":"repeat","background-position":"center center","background-size":"auto","background-attachment":"scroll","background-type":"","background-media":"","overlay-type":"","overlay-color":"","overlay-opacity":"","overlay-gradient":""},"mobile":{"background-color":"","background-image":"","background-repeat":"repeat","background-position":"center center","background-size":"auto","background-attachment":"scroll","background-type":"","background-media":"","overlay-type":"","overlay-color":"","overlay-opacity":"","overlay-gradient":""}},"ast-content-background-meta":{"desktop":{"background-color":"var(--ast-global-color-5)","background-image":"","background-repeat":"repeat","background-position":"center center","background-size":"auto","background-attachment":"scroll","background-type":"","background-media":"","overlay-type":"","overlay-color":"","overlay-opacity":"","overlay-gradient":""},"tablet":{"background-color":"var(--ast-global-color-5)","background-image":"","background-repeat":"repeat","background-position":"center center","background-size":"auto","background-attachment":"scroll","background-type":"","background-media":"","overlay-type":"","overlay-color":"","overlay-opacity":"","overlay-gradient":""},"mobile":{"background-color":"var(--ast-global-color-5)","background-image":"","background-repeat":"repeat","background-position":"center center","background-size":"auto","background-attachment":"scroll","background-type":"","background-media":"","overlay-type":"","overlay-color":"","overlay-opacity":"","overlay-gradient":""}}},"product_brand":[],"product_cat":[990],"product_tag":[],"class_list":{"0":"post-10625","1":"product","2":"type-product","3":"status-publish","4":"has-post-thumbnail","6":"product_cat-leker-barne-og-babyprodukter","7":"pa_1mijtknj-bla","8":"pa_1mijtknj-bla-hvit","9":"pa_1mijtknj-gul","10":"pa_1mijtknj-oransje","11":"pa_1mijtknj-rod","12":"desktop-align-left","13":"tablet-align-left","14":"mobile-align-left","16":"first","17":"instock","18":"shipping-taxable","19":"purchasable","20":"product-type-variable"},"_links":{"self":[{"href":"https:\/\/keluvo.com\/no\/wp-json\/wp\/v2\/product\/10625","targetHints":{"allow":["GET"]}}],"collection":[{"href":"https:\/\/keluvo.com\/no\/wp-json\/wp\/v2\/product"}],"about":[{"href":"https:\/\/keluvo.com\/no\/wp-json\/wp\/v2\/types\/product"}],"replies":[{"embeddable":true,"href":"https:\/\/keluvo.com\/no\/wp-json\/wp\/v2\/comments?post=10625"}],"wp:featuredmedia":[{"embeddable":true,"href":"https:\/\/keluvo.com\/no\/wp-json\/wp\/v2\/media\/10621"}],"wp:attachment":[{"href":"https:\/\/keluvo.com\/no\/wp-json\/wp\/v2\/media?parent=10625"}],"wp:term":[{"taxonomy":"product_brand","embeddable":true,"href":"https:\/\/keluvo.com\/no\/wp-json\/wp\/v2\/product_brand?post=10625"},{"taxonomy":"product_cat","embeddable":true,"href":"https:\/\/keluvo.com\/no\/wp-json\/wp\/v2\/product_cat?post=10625"},{"taxonomy":"product_tag","embeddable":true,"href":"https:\/\/keluvo.com\/no\/wp-json\/wp\/v2\/product_tag?post=10625"}],"curies":[{"name":"wp","href":"https:\/\/api.w.org\/{rel}","templated":true}]}}