{"id":10588,"date":"2025-03-21T01:32:31","date_gmt":"2025-03-20T23:32:31","guid":{"rendered":"https:\/\/keluvo.com\/no\/produkt\/mini-crossbody-veske\/"},"modified":"2025-03-21T01:33:35","modified_gmt":"2025-03-20T23:33:35","slug":"mini-crossbody-veske","status":"publish","type":"product","link":"https:\/\/keluvo.com\/no\/produkt\/mini-crossbody-veske\/","title":{"rendered":"Mini crossbody-veske"},"content":{"rendered":"<h2 style=\"text-align: center\"><strong>Kompakt Og Stilig Design<\/strong><\/h2>\n<p style=\"text-align: center\">Den lille crossbody-vesken er designet for moderne moteelskere som setter pris p\u00e5 enkelhet og eleganse. Den kompakte st\u00f8rrelsen gj\u00f8r den enkel \u00e5 b\u00e6re, samtidig som den har nok plass til det viktigste, som telefon, n\u00f8kler og lommebok. Denne vesken er den perfekte blandingen av praktisk og stilfull for daglig bruk eller uformelle utflukter.<\/p>\n<p><img decoding=\"async\" class=\"alignnone size-medium wp-image-6401 aligncenter\" src=\"https:\/\/keluvo.com\/template\/wp-content\/uploads\/sites\/5\/2025\/01\/S154a5c44bf4d49e682d08fcf27d2e7af4.png_960x960.png_.jpeg\" alt=\"\" \/><\/p>\n<h2 style=\"text-align: center\"><strong>Flere Oppbevaringslag<\/strong><\/h2>\n<p style=\"text-align: center\">Med flere rom hjelper mini crossbody-vesken deg med \u00e5 holde eiendelene dine organisert. De separate seksjonene gir enkel tilgang til tingene dine, noe som gj\u00f8r det praktisk \u00e5 oppbevare sminke, kort eller andre sm\u00e5 n\u00f8dvendigheter. Hold deg ryddig og stilig uansett hvor du g\u00e5r.<\/p>\n<p><img decoding=\"async\" class=\"alignnone size-medium wp-image-6403 aligncenter\" src=\"https:\/\/keluvo.com\/template\/wp-content\/uploads\/sites\/5\/2025\/01\/S2be6577cae5c441f82aa6865caade6efX.jpg_960x960q75.jpg_.jpeg\" alt=\"\" \/><\/p>\n","protected":false},"excerpt":{"rendered":"<p>Kompakt Og Stilig Design Den lille crossbody-vesken er designet for moderne moteelskere som setter pris p\u00e5 enkelhet og eleganse. Den [&hellip;]<\/p>\n","protected":false},"featured_media":10584,"comment_status":"open","ping_status":"closed","template":"","meta":{"site-sidebar-layout":"default","site-content-layout":"","ast-site-content-layout":"default","site-content-style":"default","site-sidebar-style":"default","ast-global-header-display":"","ast-banner-title-visibility":"","ast-main-header-display":"","ast-hfb-above-header-display":"","ast-hfb-below-header-display":"","ast-hfb-mobile-header-display":"","site-post-title":"","ast-breadcrumbs-content":"","ast-featured-img":"","footer-sml-layout":"","theme-transparent-header-meta":"default","adv-header-id-meta":"","stick-header-meta":"","header-above-stick-meta":"","header-main-stick-meta":"","header-below-stick-meta":"","astra-migrate-meta-layouts":"set","ast-page-background-enabled":"default","ast-page-background-meta":{"desktop":{"background-color":"var(--ast-global-color-4)","background-image":"","background-repeat":"repeat","background-position":"center center","background-size":"auto","background-attachment":"scroll","background-type":"","background-media":"","overlay-type":"","overlay-color":"","overlay-opacity":"","overlay-gradient":""},"tablet":{"background-color":"","background-image":"","background-repeat":"repeat","background-position":"center center","background-size":"auto","background-attachment":"scroll","background-type":"","background-media":"","overlay-type":"","overlay-color":"","overlay-opacity":"","overlay-gradient":""},"mobile":{"background-color":"","background-image":"","background-repeat":"repeat","background-position":"center center","background-size":"auto","background-attachment":"scroll","background-type":"","background-media":"","overlay-type":"","overlay-color":"","overlay-opacity":"","overlay-gradient":""}},"ast-content-background-meta":{"desktop":{"background-color":"var(--ast-global-color-5)","background-image":"","background-repeat":"repeat","background-position":"center center","background-size":"auto","background-attachment":"scroll","background-type":"","background-media":"","overlay-type":"","overlay-color":"","overlay-opacity":"","overlay-gradient":""},"tablet":{"background-color":"var(--ast-global-color-5)","background-image":"","background-repeat":"repeat","background-position":"center center","background-size":"auto","background-attachment":"scroll","background-type":"","background-media":"","overlay-type":"","overlay-color":"","overlay-opacity":"","overlay-gradient":""},"mobile":{"background-color":"var(--ast-global-color-5)","background-image":"","background-repeat":"repeat","background-position":"center center","background-size":"auto","background-attachment":"scroll","background-type":"","background-media":"","overlay-type":"","overlay-color":"","overlay-opacity":"","overlay-gradient":""}}},"product_brand":[],"product_cat":[993],"product_tag":[],"class_list":{"0":"post-10588","1":"product","2":"type-product","3":"status-publish","4":"has-post-thumbnail","6":"product_cat-skotoy-tilbehor","7":"pa_7zywc369-beige","8":"pa_7zywc369-gronn","9":"pa_7zywc369-khaki","10":"pa_7zywc369-rod","11":"pa_7zywc369-svart","12":"desktop-align-left","13":"tablet-align-left","14":"mobile-align-left","16":"first","17":"instock","18":"shipping-taxable","19":"purchasable","20":"product-type-variable"},"_links":{"self":[{"href":"https:\/\/keluvo.com\/no\/wp-json\/wp\/v2\/product\/10588","targetHints":{"allow":["GET"]}}],"collection":[{"href":"https:\/\/keluvo.com\/no\/wp-json\/wp\/v2\/product"}],"about":[{"href":"https:\/\/keluvo.com\/no\/wp-json\/wp\/v2\/types\/product"}],"replies":[{"embeddable":true,"href":"https:\/\/keluvo.com\/no\/wp-json\/wp\/v2\/comments?post=10588"}],"wp:featuredmedia":[{"embeddable":true,"href":"https:\/\/keluvo.com\/no\/wp-json\/wp\/v2\/media\/10584"}],"wp:attachment":[{"href":"https:\/\/keluvo.com\/no\/wp-json\/wp\/v2\/media?parent=10588"}],"wp:term":[{"taxonomy":"product_brand","embeddable":true,"href":"https:\/\/keluvo.com\/no\/wp-json\/wp\/v2\/product_brand?post=10588"},{"taxonomy":"product_cat","embeddable":true,"href":"https:\/\/keluvo.com\/no\/wp-json\/wp\/v2\/product_cat?post=10588"},{"taxonomy":"product_tag","embeddable":true,"href":"https:\/\/keluvo.com\/no\/wp-json\/wp\/v2\/product_tag?post=10588"}],"curies":[{"name":"wp","href":"https:\/\/api.w.org\/{rel}","templated":true}]}}