{"id":10583,"date":"2025-03-21T01:31:07","date_gmt":"2025-03-20T23:31:07","guid":{"rendered":"https:\/\/keluvo.com\/no\/produkt\/sittepute-i-gele\/"},"modified":"2025-03-21T01:31:07","modified_gmt":"2025-03-20T23:31:07","slug":"sittepute-i-gele","status":"publish","type":"product","link":"https:\/\/keluvo.com\/no\/produkt\/sittepute-i-gele\/","title":{"rendered":"Sittepute i gel\u00e9"},"content":{"rendered":"<h2 style=\"text-align: center\" data-start=\"0\" data-end=\"34\"><strong>Komfortabel Og Myk St\u00f8tte<\/strong><\/h2>\n<p style=\"text-align: center\" data-start=\"35\" data-end=\"261\">Gelseteputen er utformet for \u00e5 gi ekstra komfort n\u00e5r du sitter lenge. Det myke gelmaterialet bidrar til \u00e5 redusere trykket p\u00e5 korsryggen og hoftene. Den former seg etter deg og gir deg en bedre sitteopplevelse.<\/p>\n<p data-start=\"35\" data-end=\"261\"><img decoding=\"async\" class=\"alignnone size-medium wp-image-12519 aligncenter\" src=\"https:\/\/keluvo.com\/template\/wp-content\/uploads\/sites\/5\/2025\/03\/S242566b5783f424c8c866589b3dc914ao.jpg_960x960q75.jpg_.jpeg\" alt=\"\" \/><\/p>\n<h2 style=\"text-align: center\" data-start=\"263\" data-end=\"295\"><strong>Pustende Og Kj\u00f8lig Design<\/strong><\/h2>\n<p style=\"text-align: center\" data-start=\"296\" data-end=\"537\">Med en spesiell bikakestruktur lar gelsitteputen luft str\u00f8mme gjennom og holder deg kj\u00f8lig. Den forhindrer varmeoppbygging, noe som gj\u00f8r den perfekt for bruk i alle \u00e5rstider. Hold deg komfortabel enten du er hjemme, p\u00e5 kontoret eller i bilen.<\/p>\n<p style=\"text-align: center\" data-start=\"296\" data-end=\"537\"><img decoding=\"async\" class=\"alignnone size-medium wp-image-12515\" src=\"https:\/\/keluvo.com\/template\/wp-content\/uploads\/sites\/5\/2025\/03\/52a0ae44-9a41-4138-97a3-5cdad038a8cb.webp\" alt=\"\" \/><\/p>\n","protected":false},"excerpt":{"rendered":"<p>Komfortabel Og Myk St\u00f8tte Gelseteputen er utformet for \u00e5 gi ekstra komfort n\u00e5r du sitter lenge. Det myke gelmaterialet bidrar [&hellip;]<\/p>\n","protected":false},"featured_media":10579,"comment_status":"open","ping_status":"closed","template":"","meta":{"site-sidebar-layout":"default","site-content-layout":"","ast-site-content-layout":"default","site-content-style":"default","site-sidebar-style":"default","ast-global-header-display":"","ast-banner-title-visibility":"","ast-main-header-display":"","ast-hfb-above-header-display":"","ast-hfb-below-header-display":"","ast-hfb-mobile-header-display":"","site-post-title":"","ast-breadcrumbs-content":"","ast-featured-img":"","footer-sml-layout":"","theme-transparent-header-meta":"default","adv-header-id-meta":"","stick-header-meta":"","header-above-stick-meta":"","header-main-stick-meta":"","header-below-stick-meta":"","astra-migrate-meta-layouts":"set","ast-page-background-enabled":"default","ast-page-background-meta":{"desktop":{"background-color":"var(--ast-global-color-4)","background-image":"","background-repeat":"repeat","background-position":"center center","background-size":"auto","background-attachment":"scroll","background-type":"","background-media":"","overlay-type":"","overlay-color":"","overlay-opacity":"","overlay-gradient":""},"tablet":{"background-color":"","background-image":"","background-repeat":"repeat","background-position":"center center","background-size":"auto","background-attachment":"scroll","background-type":"","background-media":"","overlay-type":"","overlay-color":"","overlay-opacity":"","overlay-gradient":""},"mobile":{"background-color":"","background-image":"","background-repeat":"repeat","background-position":"center center","background-size":"auto","background-attachment":"scroll","background-type":"","background-media":"","overlay-type":"","overlay-color":"","overlay-opacity":"","overlay-gradient":""}},"ast-content-background-meta":{"desktop":{"background-color":"var(--ast-global-color-5)","background-image":"","background-repeat":"repeat","background-position":"center center","background-size":"auto","background-attachment":"scroll","background-type":"","background-media":"","overlay-type":"","overlay-color":"","overlay-opacity":"","overlay-gradient":""},"tablet":{"background-color":"var(--ast-global-color-5)","background-image":"","background-repeat":"repeat","background-position":"center center","background-size":"auto","background-attachment":"scroll","background-type":"","background-media":"","overlay-type":"","overlay-color":"","overlay-opacity":"","overlay-gradient":""},"mobile":{"background-color":"var(--ast-global-color-5)","background-image":"","background-repeat":"repeat","background-position":"center center","background-size":"auto","background-attachment":"scroll","background-type":"","background-media":"","overlay-type":"","overlay-color":"","overlay-opacity":"","overlay-gradient":""}}},"product_brand":[],"product_cat":[993],"product_tag":[],"class_list":{"0":"post-10583","1":"product","2":"type-product","3":"status-publish","4":"has-post-thumbnail","6":"product_cat-skotoy-tilbehor","7":"desktop-align-left","8":"tablet-align-left","9":"mobile-align-left","11":"first","12":"instock","13":"shipping-taxable","14":"purchasable","15":"product-type-simple"},"_links":{"self":[{"href":"https:\/\/keluvo.com\/no\/wp-json\/wp\/v2\/product\/10583","targetHints":{"allow":["GET"]}}],"collection":[{"href":"https:\/\/keluvo.com\/no\/wp-json\/wp\/v2\/product"}],"about":[{"href":"https:\/\/keluvo.com\/no\/wp-json\/wp\/v2\/types\/product"}],"replies":[{"embeddable":true,"href":"https:\/\/keluvo.com\/no\/wp-json\/wp\/v2\/comments?post=10583"}],"wp:featuredmedia":[{"embeddable":true,"href":"https:\/\/keluvo.com\/no\/wp-json\/wp\/v2\/media\/10579"}],"wp:attachment":[{"href":"https:\/\/keluvo.com\/no\/wp-json\/wp\/v2\/media?parent=10583"}],"wp:term":[{"taxonomy":"product_brand","embeddable":true,"href":"https:\/\/keluvo.com\/no\/wp-json\/wp\/v2\/product_brand?post=10583"},{"taxonomy":"product_cat","embeddable":true,"href":"https:\/\/keluvo.com\/no\/wp-json\/wp\/v2\/product_cat?post=10583"},{"taxonomy":"product_tag","embeddable":true,"href":"https:\/\/keluvo.com\/no\/wp-json\/wp\/v2\/product_tag?post=10583"}],"curies":[{"name":"wp","href":"https:\/\/api.w.org\/{rel}","templated":true}]}}