{"id":10557,"date":"2025-03-21T01:27:53","date_gmt":"2025-03-20T23:27:53","guid":{"rendered":"https:\/\/keluvo.com\/no\/produkt\/spenne-med-blonder\/"},"modified":"2025-03-21T01:28:26","modified_gmt":"2025-03-20T23:28:26","slug":"spenne-med-blonder","status":"publish","type":"product","link":"https:\/\/keluvo.com\/no\/produkt\/spenne-med-blonder\/","title":{"rendered":"Spenne med blonder"},"content":{"rendered":"<h2 style=\"text-align: center\" data-start=\"0\" data-end=\"32\"><strong data-start=\"4\" data-end=\"30\">Holder Skolissene P\u00e5 Plass<\/strong><\/h2>\n<p style=\"text-align: center\" data-start=\"33\" data-end=\"246\">Sn\u00f8respennen har et l\u00e5sesystem som holder skolissene p\u00e5 plass. Du trenger ikke lenger bekymre deg for l\u00f8se lisser n\u00e5r du g\u00e5r eller l\u00f8per. Den gir et sterkt grep, slik at skoene dine holder seg komfortable og sikre hele dagen.<\/p>\n<p style=\"text-align: center\" data-start=\"33\" data-end=\"246\"><img decoding=\"async\" class=\"alignnone size-medium wp-image-12689\" src=\"https:\/\/keluvo.com\/template\/wp-content\/uploads\/sites\/5\/2025\/03\/Sf4be79d3788c4c46a1831a5689af8b885.jpg_960x960q75.jpg_.jpeg\" alt=\"\" \/><\/p>\n<h2 style=\"text-align: center\" data-start=\"248\" data-end=\"280\"><strong data-start=\"252\" data-end=\"278\">Enkel \u00c5 Bruke Og Justere<\/strong><\/h2>\n<p style=\"text-align: center\" data-start=\"281\" data-end=\"481\">Denne sn\u00f8respennen er enkel \u00e5 installere og justere til \u00f8nsket passform. Bare skyv lissene gjennom spennen og stram til etter behov. Det sparer tid og gj\u00f8r det raskt og problemfritt \u00e5 ta p\u00e5 seg skoene.<\/p>\n<p data-start=\"281\" data-end=\"481\"><img decoding=\"async\" class=\"alignnone size-medium wp-image-12687 aligncenter\" src=\"https:\/\/keluvo.com\/template\/wp-content\/uploads\/sites\/5\/2025\/03\/Sb0510ac590ce4e21b3fada8d596847a3Q.jpg_960x960q75.jpg_.jpeg\" alt=\"\" \/><\/p>\n","protected":false},"excerpt":{"rendered":"<p>Holder Skolissene P\u00e5 Plass Sn\u00f8respennen har et l\u00e5sesystem som holder skolissene p\u00e5 plass. Du trenger ikke lenger bekymre deg for [&hellip;]<\/p>\n","protected":false},"featured_media":10553,"comment_status":"open","ping_status":"closed","template":"","meta":{"site-sidebar-layout":"default","site-content-layout":"","ast-site-content-layout":"default","site-content-style":"default","site-sidebar-style":"default","ast-global-header-display":"","ast-banner-title-visibility":"","ast-main-header-display":"","ast-hfb-above-header-display":"","ast-hfb-below-header-display":"","ast-hfb-mobile-header-display":"","site-post-title":"","ast-breadcrumbs-content":"","ast-featured-img":"","footer-sml-layout":"","theme-transparent-header-meta":"default","adv-header-id-meta":"","stick-header-meta":"","header-above-stick-meta":"","header-main-stick-meta":"","header-below-stick-meta":"","astra-migrate-meta-layouts":"set","ast-page-background-enabled":"default","ast-page-background-meta":{"desktop":{"background-color":"var(--ast-global-color-4)","background-image":"","background-repeat":"repeat","background-position":"center center","background-size":"auto","background-attachment":"scroll","background-type":"","background-media":"","overlay-type":"","overlay-color":"","overlay-opacity":"","overlay-gradient":""},"tablet":{"background-color":"","background-image":"","background-repeat":"repeat","background-position":"center center","background-size":"auto","background-attachment":"scroll","background-type":"","background-media":"","overlay-type":"","overlay-color":"","overlay-opacity":"","overlay-gradient":""},"mobile":{"background-color":"","background-image":"","background-repeat":"repeat","background-position":"center center","background-size":"auto","background-attachment":"scroll","background-type":"","background-media":"","overlay-type":"","overlay-color":"","overlay-opacity":"","overlay-gradient":""}},"ast-content-background-meta":{"desktop":{"background-color":"var(--ast-global-color-5)","background-image":"","background-repeat":"repeat","background-position":"center center","background-size":"auto","background-attachment":"scroll","background-type":"","background-media":"","overlay-type":"","overlay-color":"","overlay-opacity":"","overlay-gradient":""},"tablet":{"background-color":"var(--ast-global-color-5)","background-image":"","background-repeat":"repeat","background-position":"center center","background-size":"auto","background-attachment":"scroll","background-type":"","background-media":"","overlay-type":"","overlay-color":"","overlay-opacity":"","overlay-gradient":""},"mobile":{"background-color":"var(--ast-global-color-5)","background-image":"","background-repeat":"repeat","background-position":"center center","background-size":"auto","background-attachment":"scroll","background-type":"","background-media":"","overlay-type":"","overlay-color":"","overlay-opacity":"","overlay-gradient":""}}},"product_brand":[],"product_cat":[993],"product_tag":[],"class_list":{"0":"post-10557","1":"product","2":"type-product","3":"status-publish","4":"has-post-thumbnail","6":"product_cat-skotoy-tilbehor","7":"pa_vm41oogv-bla","8":"pa_vm41oogv-gronn","9":"pa_vm41oogv-gul","10":"pa_vm41oogv-hvit","11":"pa_vm41oogv-oransje","12":"pa_vm41oogv-rod","13":"pa_vm41oogv-rosa","14":"pa_vm41oogv-svart","15":"desktop-align-left","16":"tablet-align-left","17":"mobile-align-left","19":"first","20":"instock","21":"shipping-taxable","22":"purchasable","23":"product-type-variable"},"_links":{"self":[{"href":"https:\/\/keluvo.com\/no\/wp-json\/wp\/v2\/product\/10557","targetHints":{"allow":["GET"]}}],"collection":[{"href":"https:\/\/keluvo.com\/no\/wp-json\/wp\/v2\/product"}],"about":[{"href":"https:\/\/keluvo.com\/no\/wp-json\/wp\/v2\/types\/product"}],"replies":[{"embeddable":true,"href":"https:\/\/keluvo.com\/no\/wp-json\/wp\/v2\/comments?post=10557"}],"wp:featuredmedia":[{"embeddable":true,"href":"https:\/\/keluvo.com\/no\/wp-json\/wp\/v2\/media\/10553"}],"wp:attachment":[{"href":"https:\/\/keluvo.com\/no\/wp-json\/wp\/v2\/media?parent=10557"}],"wp:term":[{"taxonomy":"product_brand","embeddable":true,"href":"https:\/\/keluvo.com\/no\/wp-json\/wp\/v2\/product_brand?post=10557"},{"taxonomy":"product_cat","embeddable":true,"href":"https:\/\/keluvo.com\/no\/wp-json\/wp\/v2\/product_cat?post=10557"},{"taxonomy":"product_tag","embeddable":true,"href":"https:\/\/keluvo.com\/no\/wp-json\/wp\/v2\/product_tag?post=10557"}],"curies":[{"name":"wp","href":"https:\/\/api.w.org\/{rel}","templated":true}]}}