{"id":10546,"date":"2025-03-21T01:26:19","date_gmt":"2025-03-20T23:26:19","guid":{"rendered":"https:\/\/keluvo.com\/no\/produkt\/spa-sokker-for-fotter\/"},"modified":"2025-03-21T01:26:29","modified_gmt":"2025-03-20T23:26:29","slug":"spa-sokker-for-fotter","status":"publish","type":"product","link":"https:\/\/keluvo.com\/no\/produkt\/spa-sokker-for-fotter\/","title":{"rendered":"Spa-sokker for f\u00f8tter"},"content":{"rendered":"<h2 style=\"text-align: center\" data-start=\"0\" data-end=\"34\"><strong data-start=\"4\" data-end=\"32\">Myk Og Behagelig Passform<\/strong><\/h2>\n<p style=\"text-align: center\" data-start=\"35\" data-end=\"255\">Fotspa-sokkene er laget av myk silikon som f\u00f8les sk\u00e5nsom mot huden. De t\u00f8yer seg lett for \u00e5 passe de fleste fotst\u00f8rrelser, noe som gj\u00f8r dem behagelige \u00e5 ha p\u00e5. Den lette designen gj\u00f8r at du kan bevege deg fritt uten ubehag.<\/p>\n<p data-start=\"35\" data-end=\"255\"><img decoding=\"async\" class=\"alignnone size-medium wp-image-12636 aligncenter\" src=\"https:\/\/keluvo.com\/template\/wp-content\/uploads\/sites\/5\/2025\/03\/977e0b6a-3159-4918-9542-f240737f0b21.webp\" alt=\"\" \/><\/p>\n<h2 style=\"text-align: center\" data-start=\"257\" data-end=\"295\"><strong data-start=\"261\" data-end=\"293\">Fuktighetsbevarende Og Hudreparerende<\/strong><\/h2>\n<p style=\"text-align: center\" data-start=\"296\" data-end=\"508\">Disse sokkene holder f\u00f8ttene myke og glatte ved \u00e5 holde p\u00e5 fuktigheten. De forebygger og reparerer t\u00f8rre, sprukne h\u00e6ler samtidig som de forbedrer ru hud. Regelmessig bruk kan gj\u00f8re at f\u00f8ttene f\u00f8les mykere og sunnere over tid.<\/p>\n<p data-start=\"296\" data-end=\"508\"><img decoding=\"async\" class=\"alignnone size-medium wp-image-12637 aligncenter\" src=\"https:\/\/keluvo.com\/template\/wp-content\/uploads\/sites\/5\/2025\/03\/b8a44946-e520-4a22-9e43-18c7de4d95fd.webp\" alt=\"\" \/><\/p>\n","protected":false},"excerpt":{"rendered":"<p>Myk Og Behagelig Passform Fotspa-sokkene er laget av myk silikon som f\u00f8les sk\u00e5nsom mot huden. De t\u00f8yer seg lett for [&hellip;]<\/p>\n","protected":false},"featured_media":10542,"comment_status":"open","ping_status":"closed","template":"","meta":{"site-sidebar-layout":"default","site-content-layout":"","ast-site-content-layout":"default","site-content-style":"default","site-sidebar-style":"default","ast-global-header-display":"","ast-banner-title-visibility":"","ast-main-header-display":"","ast-hfb-above-header-display":"","ast-hfb-below-header-display":"","ast-hfb-mobile-header-display":"","site-post-title":"","ast-breadcrumbs-content":"","ast-featured-img":"","footer-sml-layout":"","theme-transparent-header-meta":"default","adv-header-id-meta":"","stick-header-meta":"","header-above-stick-meta":"","header-main-stick-meta":"","header-below-stick-meta":"","astra-migrate-meta-layouts":"set","ast-page-background-enabled":"default","ast-page-background-meta":{"desktop":{"background-color":"var(--ast-global-color-4)","background-image":"","background-repeat":"repeat","background-position":"center center","background-size":"auto","background-attachment":"scroll","background-type":"","background-media":"","overlay-type":"","overlay-color":"","overlay-opacity":"","overlay-gradient":""},"tablet":{"background-color":"","background-image":"","background-repeat":"repeat","background-position":"center center","background-size":"auto","background-attachment":"scroll","background-type":"","background-media":"","overlay-type":"","overlay-color":"","overlay-opacity":"","overlay-gradient":""},"mobile":{"background-color":"","background-image":"","background-repeat":"repeat","background-position":"center center","background-size":"auto","background-attachment":"scroll","background-type":"","background-media":"","overlay-type":"","overlay-color":"","overlay-opacity":"","overlay-gradient":""}},"ast-content-background-meta":{"desktop":{"background-color":"var(--ast-global-color-5)","background-image":"","background-repeat":"repeat","background-position":"center center","background-size":"auto","background-attachment":"scroll","background-type":"","background-media":"","overlay-type":"","overlay-color":"","overlay-opacity":"","overlay-gradient":""},"tablet":{"background-color":"var(--ast-global-color-5)","background-image":"","background-repeat":"repeat","background-position":"center center","background-size":"auto","background-attachment":"scroll","background-type":"","background-media":"","overlay-type":"","overlay-color":"","overlay-opacity":"","overlay-gradient":""},"mobile":{"background-color":"var(--ast-global-color-5)","background-image":"","background-repeat":"repeat","background-position":"center center","background-size":"auto","background-attachment":"scroll","background-type":"","background-media":"","overlay-type":"","overlay-color":"","overlay-opacity":"","overlay-gradient":""}}},"product_brand":[],"product_cat":[991],"product_tag":[],"class_list":{"0":"post-10546","1":"product","2":"type-product","3":"status-publish","4":"has-post-thumbnail","6":"product_cat-helseprodukter","7":"pa_3xnhbs94-hud","8":"pa_3xnhbs94-hvit","9":"pa_3xnhbs94-rosa","10":"desktop-align-left","11":"tablet-align-left","12":"mobile-align-left","14":"first","15":"instock","16":"shipping-taxable","17":"purchasable","18":"product-type-variable"},"_links":{"self":[{"href":"https:\/\/keluvo.com\/no\/wp-json\/wp\/v2\/product\/10546","targetHints":{"allow":["GET"]}}],"collection":[{"href":"https:\/\/keluvo.com\/no\/wp-json\/wp\/v2\/product"}],"about":[{"href":"https:\/\/keluvo.com\/no\/wp-json\/wp\/v2\/types\/product"}],"replies":[{"embeddable":true,"href":"https:\/\/keluvo.com\/no\/wp-json\/wp\/v2\/comments?post=10546"}],"wp:featuredmedia":[{"embeddable":true,"href":"https:\/\/keluvo.com\/no\/wp-json\/wp\/v2\/media\/10542"}],"wp:attachment":[{"href":"https:\/\/keluvo.com\/no\/wp-json\/wp\/v2\/media?parent=10546"}],"wp:term":[{"taxonomy":"product_brand","embeddable":true,"href":"https:\/\/keluvo.com\/no\/wp-json\/wp\/v2\/product_brand?post=10546"},{"taxonomy":"product_cat","embeddable":true,"href":"https:\/\/keluvo.com\/no\/wp-json\/wp\/v2\/product_cat?post=10546"},{"taxonomy":"product_tag","embeddable":true,"href":"https:\/\/keluvo.com\/no\/wp-json\/wp\/v2\/product_tag?post=10546"}],"curies":[{"name":"wp","href":"https:\/\/api.w.org\/{rel}","templated":true}]}}