{"id":10526,"date":"2025-03-20T20:54:37","date_gmt":"2025-03-20T18:54:37","guid":{"rendered":"https:\/\/keluvo.com\/no\/produkt\/skulptur-i-eventyrhage-2\/"},"modified":"2025-09-15T17:16:01","modified_gmt":"2025-09-15T14:16:01","slug":"skulptur-i-eventyrhage","status":"publish","type":"product","link":"https:\/\/keluvo.com\/no\/produkt\/skulptur-i-eventyrhage\/","title":{"rendered":"Skulptur i eventyrhage"},"content":{"rendered":"<h2 style=\"text-align: center;\">Fortryllende Design Som Forvandler Uterommet Ditt<\/h2>\n<p style=\"text-align: center;\" data-start=\"130\" data-end=\"287\">Innf\u00f8r et snev av magi i hagen din med v\u00e5re Dansende L\u00f8vetannfe Skulpturer. Disse fengslende skulpturene forestiller feer som danser grasi\u00f8st med l\u00f8vetann, noe som skaper en finurlig atmosf\u00e6re som begeistrer b\u00e5de barn og voksne. Det intrikate designet og de naturtro positurene gj\u00f8r de til et sjarmerende fokuspunkt i ethvert utemilj\u00f8.<\/p>\n<p style=\"text-align: center;\" data-start=\"130\" data-end=\"287\"><img decoding=\"async\" class=\"alignnone size-medium wp-image-12710\" src=\"https:\/\/keluvo.com\/template\/wp-content\/uploads\/sites\/5\/2025\/01\/fairygardendecorationgif-ezgif.com-gif-to-webp-converter.webp\" alt=\"\" \/>\u200b<\/p>\n<h2 style=\"text-align: center;\" data-start=\"289\" data-end=\"336\">Holdbart Og V\u00e6rbestandig H\u00e5ndverk<\/h2>\n<p style=\"text-align: center;\" data-start=\"338\" data-end=\"457\">Skulpturene er laget av metall av h\u00f8y kvalitet og er bygget for \u00e5 t\u00e5le ulike v\u00e6rforhold, slik at de beholder sin skj\u00f8nnhet gjennom alle \u00e5rstidene. Den robuste konstruksjonen betyr at du kan nyte deres fortryllende tilstedev\u00e6relse \u00e5ret rundt uten bekymring.<\/p>\n<p style=\"text-align: center;\" data-start=\"338\" data-end=\"457\"><img decoding=\"async\" class=\"alignnone size-medium wp-image-12709\" src=\"https:\/\/keluvo.com\/template\/wp-content\/uploads\/sites\/5\/2025\/01\/main-image-16.jpeg\" alt=\"\" \/>\u200b<\/p>\n<h2 style=\"text-align: center;\" data-start=\"459\" data-end=\"505\">Perfekte Dimensjoner For Enhver Hage<\/h2>\n<p style=\"text-align: center;\" data-start=\"507\" data-end=\"626\"><span class=\"relative -mx-px my-[-0.2rem] rounded px-px py-[0.2rem]\">Med en lengde p\u00e5 75 cm er hver skulptur perfekt dimensjonert for \u00e5 utfylle hager, uteplasser eller til og med innend\u00f8rs rom. De gir liv og bevegelse til innredningen din, noe som gj\u00f8r de til et allsidig tilskudd til ethvert milj\u00f8.<\/span><\/p>\n<p style=\"text-align: center;\" data-start=\"507\" data-end=\"626\"><img decoding=\"async\" class=\"alignnone size-medium wp-image-12711\" src=\"https:\/\/keluvo.com\/template\/wp-content\/uploads\/sites\/5\/2025\/01\/main-image-1.jpeg\" alt=\"\" \/>\u200b<\/p>\n<h2 style=\"text-align: center;\" data-start=\"628\" data-end=\"671\">Enkel Installasjon<\/h2>\n<p style=\"text-align: center;\" data-start=\"673\" data-end=\"838\">Det er enkelt \u00e5 sette opp fe-skulpturene dine. Bare dytt pinnen ned p\u00e5 \u00f8nsket sted i jorda eller bakken. Hvis det er behov for sm\u00e5 justeringer p\u00e5 grunn av transport, kan du forsiktig flytte skulpturen for \u00e5 oppn\u00e5 den beste visningen.<\/p>\n<h2 style=\"text-align: center;\" data-start=\"840\" data-end=\"874\">Gjennomtenkt Gave Til Kj\u00e6re<\/h2>\n<p style=\"text-align: center;\" data-start=\"876\" data-end=\"1001\">Disse fe-skulpturene med l\u00f8vetann er en herlig gave, perfekt for familie, venner eller alle som setter pris p\u00e5 hagekunst. Det fortryllende designet og det gode h\u00e5ndverket vil garantert glede og forundre enhver mottaker.\u200b\u200b<\/p>\n<p style=\"text-align: center;\" data-start=\"1003\" data-end=\"1088\">\n","protected":false},"excerpt":{"rendered":"<p>Fortryllende Design Som Forvandler Uterommet Ditt Innf\u00f8r et snev av magi i hagen din med v\u00e5re Dansende L\u00f8vetannfe Skulpturer. Disse [&hellip;]<\/p>\n","protected":false},"featured_media":10520,"comment_status":"open","ping_status":"closed","template":"","meta":{"site-sidebar-layout":"default","site-content-layout":"","ast-site-content-layout":"default","site-content-style":"default","site-sidebar-style":"default","ast-global-header-display":"","ast-banner-title-visibility":"","ast-main-header-display":"","ast-hfb-above-header-display":"","ast-hfb-below-header-display":"","ast-hfb-mobile-header-display":"","site-post-title":"","ast-breadcrumbs-content":"","ast-featured-img":"","footer-sml-layout":"","theme-transparent-header-meta":"default","adv-header-id-meta":"","stick-header-meta":"","header-above-stick-meta":"","header-main-stick-meta":"","header-below-stick-meta":"","astra-migrate-meta-layouts":"set","ast-page-background-enabled":"default","ast-page-background-meta":{"desktop":{"background-color":"var(--ast-global-color-4)","background-image":"","background-repeat":"repeat","background-position":"center center","background-size":"auto","background-attachment":"scroll","background-type":"","background-media":"","overlay-type":"","overlay-color":"","overlay-opacity":"","overlay-gradient":""},"tablet":{"background-color":"","background-image":"","background-repeat":"repeat","background-position":"center center","background-size":"auto","background-attachment":"scroll","background-type":"","background-media":"","overlay-type":"","overlay-color":"","overlay-opacity":"","overlay-gradient":""},"mobile":{"background-color":"","background-image":"","background-repeat":"repeat","background-position":"center center","background-size":"auto","background-attachment":"scroll","background-type":"","background-media":"","overlay-type":"","overlay-color":"","overlay-opacity":"","overlay-gradient":""}},"ast-content-background-meta":{"desktop":{"background-color":"var(--ast-global-color-5)","background-image":"","background-repeat":"repeat","background-position":"center center","background-size":"auto","background-attachment":"scroll","background-type":"","background-media":"","overlay-type":"","overlay-color":"","overlay-opacity":"","overlay-gradient":""},"tablet":{"background-color":"var(--ast-global-color-5)","background-image":"","background-repeat":"repeat","background-position":"center center","background-size":"auto","background-attachment":"scroll","background-type":"","background-media":"","overlay-type":"","overlay-color":"","overlay-opacity":"","overlay-gradient":""},"mobile":{"background-color":"var(--ast-global-color-5)","background-image":"","background-repeat":"repeat","background-position":"center center","background-size":"auto","background-attachment":"scroll","background-type":"","background-media":"","overlay-type":"","overlay-color":"","overlay-opacity":"","overlay-gradient":""}}},"product_brand":[],"product_cat":[993],"product_tag":[],"class_list":{"0":"post-10526","1":"product","2":"type-product","3":"status-publish","4":"has-post-thumbnail","6":"product_cat-skotoy-tilbehor","7":"pa_488nts5q-a","8":"pa_488nts5q-b","9":"pa_488nts5q-c","10":"pa_488nts5q-d","11":"pa_488nts5q-e","12":"desktop-align-left","13":"tablet-align-left","14":"mobile-align-left","16":"first","17":"instock","18":"shipping-taxable","19":"purchasable","20":"product-type-variable"},"_links":{"self":[{"href":"https:\/\/keluvo.com\/no\/wp-json\/wp\/v2\/product\/10526","targetHints":{"allow":["GET"]}}],"collection":[{"href":"https:\/\/keluvo.com\/no\/wp-json\/wp\/v2\/product"}],"about":[{"href":"https:\/\/keluvo.com\/no\/wp-json\/wp\/v2\/types\/product"}],"replies":[{"embeddable":true,"href":"https:\/\/keluvo.com\/no\/wp-json\/wp\/v2\/comments?post=10526"}],"wp:featuredmedia":[{"embeddable":true,"href":"https:\/\/keluvo.com\/no\/wp-json\/wp\/v2\/media\/10520"}],"wp:attachment":[{"href":"https:\/\/keluvo.com\/no\/wp-json\/wp\/v2\/media?parent=10526"}],"wp:term":[{"taxonomy":"product_brand","embeddable":true,"href":"https:\/\/keluvo.com\/no\/wp-json\/wp\/v2\/product_brand?post=10526"},{"taxonomy":"product_cat","embeddable":true,"href":"https:\/\/keluvo.com\/no\/wp-json\/wp\/v2\/product_cat?post=10526"},{"taxonomy":"product_tag","embeddable":true,"href":"https:\/\/keluvo.com\/no\/wp-json\/wp\/v2\/product_tag?post=10526"}],"curies":[{"name":"wp","href":"https:\/\/api.w.org\/{rel}","templated":true}]}}