{"id":10519,"date":"2025-03-20T19:36:43","date_gmt":"2025-03-20T17:36:43","guid":{"rendered":"https:\/\/keluvo.com\/no\/produkt\/puffy-markorer-2\/"},"modified":"2025-03-21T22:21:39","modified_gmt":"2025-03-21T20:21:39","slug":"puffy-markorer","status":"publish","type":"product","link":"https:\/\/keluvo.com\/no\/produkt\/puffy-markorer\/","title":{"rendered":"Puffy mark\u00f8rer"},"content":{"rendered":"<h2 style=\"text-align: center;\" data-start=\"54\" data-end=\"86\">Gi Liv Til Kunsten Din I 3D<\/h2>\n<p style=\"text-align: center;\" data-start=\"88\" data-end=\"283\">Opplev magien ved 3D-kunst med v\u00e5re Magic Puffy Mark\u00f8rer! Tegn motivet ditt, la blekket t\u00f8rke, og varm det opp med en h\u00e5rf\u00f8ner eller i mikrob\u00f8lgeovnen i ca. ett minutt. Se med begeistring p\u00e5 n\u00e5r kunstverkene dine svulmer opp og gir en unik, taktil dimensjon til kreasjonene dine.<\/p>\n<p data-start=\"88\" data-end=\"283\"><img decoding=\"async\" class=\"alignnone size-medium wp-image-12707 aligncenter\" src=\"https:\/\/keluvo.com\/template\/wp-content\/uploads\/sites\/5\/2025\/03\/puffypensgif-ezgif.com-gif-to-webp-converter.webp\" alt=\"\" \/><\/p>\n<h2 style=\"text-align: center;\" data-start=\"285\" data-end=\"333\">Levende Neonfarger For I\u00f8ynefallende Design<\/h2>\n<p style=\"text-align: center;\" data-start=\"335\" data-end=\"492\">Settet v\u00e5rt inneholder seks livlige neonfarger, perfekte for \u00e5 f\u00e5 kunsten din til \u00e5 skille seg ut. De tynne spissene gir mulighet for fine linjer og intrikate detaljer, noe som gir deg frihet til \u00e5 lage alt fra dristige plakater til delikate gratulasjonskort.<\/p>\n<p data-start=\"335\" data-end=\"492\"><img decoding=\"async\" class=\"alignnone size-medium wp-image-12699 aligncenter\" src=\"https:\/\/keluvo.com\/template\/wp-content\/uploads\/sites\/5\/2025\/03\/main-image-1.jpeg\" alt=\"\" \/><\/p>\n<h2 style=\"text-align: center;\" data-start=\"494\" data-end=\"532\">Trygge, Giftfrie Og Enkle \u00c5 Rengj\u00f8re<\/h2>\n<p style=\"text-align: center;\" data-start=\"534\" data-end=\"777\">Designet med tanke p\u00e5 sikkerhet, er disse tusjene giftfrie og egner seg for kunstnere fra 3 \u00e5r og oppover. Utilsiktede merker p\u00e5 hud, vegger eller kl\u00e6r? Ikke noe problem! Blekket vaskes enkelt av med vann, noe som gj\u00f8r oppryddingen til en lek.<\/p>\n<h2 style=\"text-align: center;\"><strong>Allsidige Verkt\u00f8y For Ulike Prosjekter<\/strong><\/h2>\n<p style=\"text-align: center;\" data-start=\"821\" data-end=\"986\">Uavhengig av om du jobber med utklippsb\u00f8ker, personlige plakater eller DIY-gratulasjonskort, er disse tusjene klare for oppgaven. De fungerer p\u00e5 en rekke overflater, inkludert papir, metall, keramikk, tre, gummi, glass, plast og stein, noe som gj\u00f8r de til et allsidig tillegg til kunst-rekvisitaene dine.<\/p>\n<p data-start=\"821\" data-end=\"986\"><img decoding=\"async\" class=\"size-medium wp-image-12700 aligncenter\" src=\"https:\/\/keluvo.com\/template\/wp-content\/uploads\/sites\/5\/2025\/03\/image-2-4.jpeg\" alt=\"\" \/><\/p>\n<h2 style=\"text-align: center;\" data-start=\"988\" data-end=\"1009\">Pakkens Innhold:<\/h2>\n<ul data-start=\"1011\" data-end=\"1098\">\n<li style=\"text-align: center;\" data-start=\"1011\" data-end=\"1098\">6 Magic Puffy Mark\u00f8rer i forskjellige neonfarger<\/li>\n<\/ul>\n<p><img decoding=\"async\" class=\"size-medium wp-image-12701 aligncenter\" src=\"https:\/\/keluvo.com\/template\/wp-content\/uploads\/sites\/5\/2025\/03\/main-image-7.jpeg\" alt=\"\" \/><\/p>\n","protected":false},"excerpt":{"rendered":"<p>Gi Liv Til Kunsten Din I 3D Opplev magien ved 3D-kunst med v\u00e5re Magic Puffy Mark\u00f8rer! Tegn motivet ditt, la [&hellip;]<\/p>\n","protected":false},"featured_media":10515,"comment_status":"open","ping_status":"closed","template":"","meta":{"site-sidebar-layout":"default","site-content-layout":"","ast-site-content-layout":"default","site-content-style":"default","site-sidebar-style":"default","ast-global-header-display":"","ast-banner-title-visibility":"","ast-main-header-display":"","ast-hfb-above-header-display":"","ast-hfb-below-header-display":"","ast-hfb-mobile-header-display":"","site-post-title":"","ast-breadcrumbs-content":"","ast-featured-img":"","footer-sml-layout":"","theme-transparent-header-meta":"default","adv-header-id-meta":"","stick-header-meta":"","header-above-stick-meta":"","header-main-stick-meta":"","header-below-stick-meta":"","astra-migrate-meta-layouts":"set","ast-page-background-enabled":"default","ast-page-background-meta":{"desktop":{"background-color":"var(--ast-global-color-4)","background-image":"","background-repeat":"repeat","background-position":"center center","background-size":"auto","background-attachment":"scroll","background-type":"","background-media":"","overlay-type":"","overlay-color":"","overlay-opacity":"","overlay-gradient":""},"tablet":{"background-color":"","background-image":"","background-repeat":"repeat","background-position":"center center","background-size":"auto","background-attachment":"scroll","background-type":"","background-media":"","overlay-type":"","overlay-color":"","overlay-opacity":"","overlay-gradient":""},"mobile":{"background-color":"","background-image":"","background-repeat":"repeat","background-position":"center center","background-size":"auto","background-attachment":"scroll","background-type":"","background-media":"","overlay-type":"","overlay-color":"","overlay-opacity":"","overlay-gradient":""}},"ast-content-background-meta":{"desktop":{"background-color":"var(--ast-global-color-5)","background-image":"","background-repeat":"repeat","background-position":"center center","background-size":"auto","background-attachment":"scroll","background-type":"","background-media":"","overlay-type":"","overlay-color":"","overlay-opacity":"","overlay-gradient":""},"tablet":{"background-color":"var(--ast-global-color-5)","background-image":"","background-repeat":"repeat","background-position":"center center","background-size":"auto","background-attachment":"scroll","background-type":"","background-media":"","overlay-type":"","overlay-color":"","overlay-opacity":"","overlay-gradient":""},"mobile":{"background-color":"var(--ast-global-color-5)","background-image":"","background-repeat":"repeat","background-position":"center center","background-size":"auto","background-attachment":"scroll","background-type":"","background-media":"","overlay-type":"","overlay-color":"","overlay-opacity":"","overlay-gradient":""}}},"product_brand":[],"product_cat":[990],"product_tag":[],"class_list":{"0":"post-10519","1":"product","2":"type-product","3":"status-publish","4":"has-post-thumbnail","6":"product_cat-leker-barne-og-babyprodukter","7":"desktop-align-left","8":"tablet-align-left","9":"mobile-align-left","11":"first","12":"instock","13":"shipping-taxable","14":"purchasable","15":"product-type-simple"},"_links":{"self":[{"href":"https:\/\/keluvo.com\/no\/wp-json\/wp\/v2\/product\/10519","targetHints":{"allow":["GET"]}}],"collection":[{"href":"https:\/\/keluvo.com\/no\/wp-json\/wp\/v2\/product"}],"about":[{"href":"https:\/\/keluvo.com\/no\/wp-json\/wp\/v2\/types\/product"}],"replies":[{"embeddable":true,"href":"https:\/\/keluvo.com\/no\/wp-json\/wp\/v2\/comments?post=10519"}],"wp:featuredmedia":[{"embeddable":true,"href":"https:\/\/keluvo.com\/no\/wp-json\/wp\/v2\/media\/10515"}],"wp:attachment":[{"href":"https:\/\/keluvo.com\/no\/wp-json\/wp\/v2\/media?parent=10519"}],"wp:term":[{"taxonomy":"product_brand","embeddable":true,"href":"https:\/\/keluvo.com\/no\/wp-json\/wp\/v2\/product_brand?post=10519"},{"taxonomy":"product_cat","embeddable":true,"href":"https:\/\/keluvo.com\/no\/wp-json\/wp\/v2\/product_cat?post=10519"},{"taxonomy":"product_tag","embeddable":true,"href":"https:\/\/keluvo.com\/no\/wp-json\/wp\/v2\/product_tag?post=10519"}],"curies":[{"name":"wp","href":"https:\/\/api.w.org\/{rel}","templated":true}]}}