{"id":10458,"date":"2025-03-19T00:43:52","date_gmt":"2025-03-18T22:43:52","guid":{"rendered":"https:\/\/keluvo.com\/no\/produkt\/orn-hagedekorasjon\/"},"modified":"2025-03-19T00:43:52","modified_gmt":"2025-03-18T22:43:52","slug":"orn-hagedekorasjon","status":"publish","type":"product","link":"https:\/\/keluvo.com\/no\/produkt\/orn-hagedekorasjon\/","title":{"rendered":"\u00d8rn hagedekorasjon"},"content":{"rendered":"<h2 style=\"text-align: center\" data-start=\"0\" data-end=\"39\"><strong>Realistisk Og I\u00f8ynefallende Design<\/strong><\/h2>\n<p style=\"text-align: center\" data-start=\"40\" data-end=\"296\">\u00d8rnens hagedekorasjon er utformet med detaljerte trekk som ligner en ekte \u00f8rn. De naturtro vingene og den sterke strukturen gj\u00f8r den til et sl\u00e5ende tilskudd til ethvert uterom. Plasser den i hagen, p\u00e5 terrassen eller i hagen for \u00e5 skape et unikt og naturlig utseende.<\/p>\n<p style=\"text-align: center\" data-start=\"40\" data-end=\"296\"><img decoding=\"async\" class=\"alignnone size-medium wp-image-12626\" src=\"https:\/\/keluvo.com\/template\/wp-content\/uploads\/sites\/5\/2025\/03\/S60ec321e66ec4925bf3d178e2ba00323d.jpg_960x960q75.jpg_.jpeg\" alt=\"\" \/><\/p>\n<h2 style=\"text-align: center\" data-start=\"298\" data-end=\"323\"><strong>Beveger Seg Med Vinden<\/strong><\/h2>\n<p style=\"text-align: center\" data-start=\"324\" data-end=\"578\">Designet for \u00e5 svaie og flagre med vingene i vinden, gir \u00f8rnens hagedekorasjon bevegelse til uterommet ditt. Den forsiktige bevegelsen skaper en realistisk flygende effekt og gir liv til hagen din. Se hvordan den beveger seg grasi\u00f8st med hvert vindpust.<\/p>\n<p data-start=\"324\" data-end=\"578\"><img decoding=\"async\" class=\"alignnone size-medium wp-image-12624 aligncenter\" src=\"https:\/\/keluvo.com\/template\/wp-content\/uploads\/sites\/5\/2025\/03\/459f7f51-5b20-4997-b6c5-c7d4a4867816.webp\" alt=\"\" \/><\/p>\n","protected":false},"excerpt":{"rendered":"<p>Realistisk Og I\u00f8ynefallende Design \u00d8rnens hagedekorasjon er utformet med detaljerte trekk som ligner en ekte \u00f8rn. De naturtro vingene og [&hellip;]<\/p>\n","protected":false},"featured_media":10454,"comment_status":"open","ping_status":"closed","template":"","meta":{"site-sidebar-layout":"default","site-content-layout":"","ast-site-content-layout":"default","site-content-style":"default","site-sidebar-style":"default","ast-global-header-display":"","ast-banner-title-visibility":"","ast-main-header-display":"","ast-hfb-above-header-display":"","ast-hfb-below-header-display":"","ast-hfb-mobile-header-display":"","site-post-title":"","ast-breadcrumbs-content":"","ast-featured-img":"","footer-sml-layout":"","theme-transparent-header-meta":"default","adv-header-id-meta":"","stick-header-meta":"","header-above-stick-meta":"","header-main-stick-meta":"","header-below-stick-meta":"","astra-migrate-meta-layouts":"set","ast-page-background-enabled":"default","ast-page-background-meta":{"desktop":{"background-color":"var(--ast-global-color-4)","background-image":"","background-repeat":"repeat","background-position":"center center","background-size":"auto","background-attachment":"scroll","background-type":"","background-media":"","overlay-type":"","overlay-color":"","overlay-opacity":"","overlay-gradient":""},"tablet":{"background-color":"","background-image":"","background-repeat":"repeat","background-position":"center center","background-size":"auto","background-attachment":"scroll","background-type":"","background-media":"","overlay-type":"","overlay-color":"","overlay-opacity":"","overlay-gradient":""},"mobile":{"background-color":"","background-image":"","background-repeat":"repeat","background-position":"center center","background-size":"auto","background-attachment":"scroll","background-type":"","background-media":"","overlay-type":"","overlay-color":"","overlay-opacity":"","overlay-gradient":""}},"ast-content-background-meta":{"desktop":{"background-color":"var(--ast-global-color-5)","background-image":"","background-repeat":"repeat","background-position":"center center","background-size":"auto","background-attachment":"scroll","background-type":"","background-media":"","overlay-type":"","overlay-color":"","overlay-opacity":"","overlay-gradient":""},"tablet":{"background-color":"var(--ast-global-color-5)","background-image":"","background-repeat":"repeat","background-position":"center center","background-size":"auto","background-attachment":"scroll","background-type":"","background-media":"","overlay-type":"","overlay-color":"","overlay-opacity":"","overlay-gradient":""},"mobile":{"background-color":"var(--ast-global-color-5)","background-image":"","background-repeat":"repeat","background-position":"center center","background-size":"auto","background-attachment":"scroll","background-type":"","background-media":"","overlay-type":"","overlay-color":"","overlay-opacity":"","overlay-gradient":""}}},"product_brand":[],"product_cat":[993],"product_tag":[],"class_list":{"0":"post-10458","1":"product","2":"type-product","3":"status-publish","4":"has-post-thumbnail","6":"product_cat-skotoy-tilbehor","7":"desktop-align-left","8":"tablet-align-left","9":"mobile-align-left","11":"first","12":"instock","13":"shipping-taxable","14":"purchasable","15":"product-type-simple"},"_links":{"self":[{"href":"https:\/\/keluvo.com\/no\/wp-json\/wp\/v2\/product\/10458","targetHints":{"allow":["GET"]}}],"collection":[{"href":"https:\/\/keluvo.com\/no\/wp-json\/wp\/v2\/product"}],"about":[{"href":"https:\/\/keluvo.com\/no\/wp-json\/wp\/v2\/types\/product"}],"replies":[{"embeddable":true,"href":"https:\/\/keluvo.com\/no\/wp-json\/wp\/v2\/comments?post=10458"}],"wp:featuredmedia":[{"embeddable":true,"href":"https:\/\/keluvo.com\/no\/wp-json\/wp\/v2\/media\/10454"}],"wp:attachment":[{"href":"https:\/\/keluvo.com\/no\/wp-json\/wp\/v2\/media?parent=10458"}],"wp:term":[{"taxonomy":"product_brand","embeddable":true,"href":"https:\/\/keluvo.com\/no\/wp-json\/wp\/v2\/product_brand?post=10458"},{"taxonomy":"product_cat","embeddable":true,"href":"https:\/\/keluvo.com\/no\/wp-json\/wp\/v2\/product_cat?post=10458"},{"taxonomy":"product_tag","embeddable":true,"href":"https:\/\/keluvo.com\/no\/wp-json\/wp\/v2\/product_tag?post=10458"}],"curies":[{"name":"wp","href":"https:\/\/api.w.org\/{rel}","templated":true}]}}