{"id":10425,"date":"2025-03-19T00:39:25","date_gmt":"2025-03-18T22:39:25","guid":{"rendered":"https:\/\/keluvo.com\/no\/produkt\/led-stjerneprojektor\/"},"modified":"2025-09-04T17:43:59","modified_gmt":"2025-09-04T14:43:59","slug":"led-stjerneprojektor","status":"publish","type":"product","link":"https:\/\/keluvo.com\/no\/produkt\/led-stjerneprojektor\/","title":{"rendered":"LED-stjerneprojektor"},"content":{"rendered":"<h2 style=\"text-align: center\" data-start=\"0\" data-end=\"35\"><strong>Vakker Stjernenatteffekt<\/strong><\/h2>\n<p style=\"text-align: center\" data-start=\"36\" data-end=\"295\">LED-stjerneprojektoren fyller ethvert rom med en magisk nattehimmel. Den projiserer stjerner og m\u00e5nen p\u00e5 vegger og tak og skaper en avslappende og dr\u00f8mmende atmosf\u00e6re. Perfekt til leggetid, fest eller dekorasjon &#8211; dette lyset gir et snev av forundring til ethvert rom.<\/p>\n<p data-start=\"36\" data-end=\"295\"><img decoding=\"async\" class=\"alignnone size-medium wp-image-12579 aligncenter\" src=\"https:\/\/keluvo.com\/template\/wp-content\/uploads\/sites\/5\/2025\/03\/S819a416f4b61434ab79f67c434bc328aY.jpg_960x960q75.jpg_.jpeg\" alt=\"\" \/><\/p>\n<h2 style=\"text-align: center\" data-start=\"297\" data-end=\"325\"><strong>To Enkle Str\u00f8malternativer<\/strong><\/h2>\n<p style=\"text-align: center\" data-start=\"326\" data-end=\"569\">Du kan drive LED-stjerneprojektoren ved hjelp av en USB-kabel eller 4 AAA-batterier. Dette gj\u00f8r den praktisk \u00e5 bruke hvor som helst, enten du er hjemme eller p\u00e5 farten. Du trenger ikke \u00e5 bekymre deg for \u00e5 finne et str\u00f8muttak &#8211; bare velg det str\u00f8malternativet som passer best for deg.<\/p>\n<p data-start=\"326\" data-end=\"569\"><img decoding=\"async\" class=\"alignnone size-medium wp-image-12581 aligncenter\" src=\"https:\/\/keluvo.com\/template\/wp-content\/uploads\/sites\/5\/2025\/03\/Se2c9bf4c8a004e59b8dcb4f9635bd0a1r.jpg_960x960q75.jpg_.jpeg\" alt=\"\" \/><\/p>\n","protected":false},"excerpt":{"rendered":"<p>Vakker Stjernenatteffekt LED-stjerneprojektoren fyller ethvert rom med en magisk nattehimmel. Den projiserer stjerner og m\u00e5nen p\u00e5 vegger og tak og [&hellip;]<\/p>\n","protected":false},"featured_media":10421,"comment_status":"open","ping_status":"closed","template":"","meta":{"site-sidebar-layout":"default","site-content-layout":"","ast-site-content-layout":"default","site-content-style":"default","site-sidebar-style":"default","ast-global-header-display":"","ast-banner-title-visibility":"","ast-main-header-display":"","ast-hfb-above-header-display":"","ast-hfb-below-header-display":"","ast-hfb-mobile-header-display":"","site-post-title":"","ast-breadcrumbs-content":"","ast-featured-img":"","footer-sml-layout":"","theme-transparent-header-meta":"default","adv-header-id-meta":"","stick-header-meta":"","header-above-stick-meta":"","header-main-stick-meta":"","header-below-stick-meta":"","astra-migrate-meta-layouts":"set","ast-page-background-enabled":"default","ast-page-background-meta":{"desktop":{"background-color":"var(--ast-global-color-4)","background-image":"","background-repeat":"repeat","background-position":"center center","background-size":"auto","background-attachment":"scroll","background-type":"","background-media":"","overlay-type":"","overlay-color":"","overlay-opacity":"","overlay-gradient":""},"tablet":{"background-color":"","background-image":"","background-repeat":"repeat","background-position":"center center","background-size":"auto","background-attachment":"scroll","background-type":"","background-media":"","overlay-type":"","overlay-color":"","overlay-opacity":"","overlay-gradient":""},"mobile":{"background-color":"","background-image":"","background-repeat":"repeat","background-position":"center center","background-size":"auto","background-attachment":"scroll","background-type":"","background-media":"","overlay-type":"","overlay-color":"","overlay-opacity":"","overlay-gradient":""}},"ast-content-background-meta":{"desktop":{"background-color":"var(--ast-global-color-5)","background-image":"","background-repeat":"repeat","background-position":"center center","background-size":"auto","background-attachment":"scroll","background-type":"","background-media":"","overlay-type":"","overlay-color":"","overlay-opacity":"","overlay-gradient":""},"tablet":{"background-color":"var(--ast-global-color-5)","background-image":"","background-repeat":"repeat","background-position":"center center","background-size":"auto","background-attachment":"scroll","background-type":"","background-media":"","overlay-type":"","overlay-color":"","overlay-opacity":"","overlay-gradient":""},"mobile":{"background-color":"var(--ast-global-color-5)","background-image":"","background-repeat":"repeat","background-position":"center center","background-size":"auto","background-attachment":"scroll","background-type":"","background-media":"","overlay-type":"","overlay-color":"","overlay-opacity":"","overlay-gradient":""}}},"product_brand":[],"product_cat":[990],"product_tag":[],"class_list":{"0":"post-10425","1":"product","2":"type-product","3":"status-publish","4":"has-post-thumbnail","6":"product_cat-leker-barne-og-babyprodukter","7":"pa_7k3gt1h5-bla","8":"pa_7k3gt1h5-lilla","9":"pa_7k3gt1h5-rosa","10":"desktop-align-left","11":"tablet-align-left","12":"mobile-align-left","14":"first","15":"instock","16":"shipping-taxable","17":"purchasable","18":"product-type-variable"},"_links":{"self":[{"href":"https:\/\/keluvo.com\/no\/wp-json\/wp\/v2\/product\/10425","targetHints":{"allow":["GET"]}}],"collection":[{"href":"https:\/\/keluvo.com\/no\/wp-json\/wp\/v2\/product"}],"about":[{"href":"https:\/\/keluvo.com\/no\/wp-json\/wp\/v2\/types\/product"}],"replies":[{"embeddable":true,"href":"https:\/\/keluvo.com\/no\/wp-json\/wp\/v2\/comments?post=10425"}],"wp:featuredmedia":[{"embeddable":true,"href":"https:\/\/keluvo.com\/no\/wp-json\/wp\/v2\/media\/10421"}],"wp:attachment":[{"href":"https:\/\/keluvo.com\/no\/wp-json\/wp\/v2\/media?parent=10425"}],"wp:term":[{"taxonomy":"product_brand","embeddable":true,"href":"https:\/\/keluvo.com\/no\/wp-json\/wp\/v2\/product_brand?post=10425"},{"taxonomy":"product_cat","embeddable":true,"href":"https:\/\/keluvo.com\/no\/wp-json\/wp\/v2\/product_cat?post=10425"},{"taxonomy":"product_tag","embeddable":true,"href":"https:\/\/keluvo.com\/no\/wp-json\/wp\/v2\/product_tag?post=10425"}],"curies":[{"name":"wp","href":"https:\/\/api.w.org\/{rel}","templated":true}]}}