{"id":10390,"date":"2025-03-19T00:34:41","date_gmt":"2025-03-18T22:34:41","guid":{"rendered":"https:\/\/keluvo.com\/no\/produkt\/skulptur-i-eventyrhage\/"},"modified":"2025-03-21T22:19:41","modified_gmt":"2025-03-21T20:19:41","slug":"skulptur-i-eventyrhage-2-2","status":"publish","type":"product","link":"https:\/\/keluvo.com\/no\/produkt\/skulptur-i-eventyrhage-2-2\/","title":{"rendered":"Skulptur i eventyrhage"},"content":{"rendered":"<h2 style=\"text-align: center\"><strong>Vakker Utend\u00f8rsdekorasjon<\/strong><\/h2>\n<p style=\"text-align: center\">Skulpturen Fairy Garden tilf\u00f8rer eleganse og sjarm til ethvert uterom. Den intrikate utformingen av en fe som danser med en l\u00f8vetann gj\u00f8r den til et perfekt midtpunkt i hagen, p\u00e5 g\u00e5rdsplassen eller uteplassen. Denne skulpturen gir et magisk preg til landskapsarkitekturen din.<\/p>\n<h2 style=\"text-align: center\"><strong><img decoding=\"async\" class=\"alignnone size-medium wp-image-6770\" src=\"https:\/\/keluvo.com\/template\/wp-content\/uploads\/sites\/5\/2025\/01\/a4a25923-c76f-4f43-bb4e-143568d7ad91.webp\" alt=\"\" \/><\/strong><\/h2>\n<h2 style=\"text-align: center\"><strong>Slitesterk Metallkonstruksjon<\/strong><\/h2>\n<p style=\"text-align: center\">Hageskulpturen er laget av solid metall og er bygget for \u00e5 t\u00e5le utend\u00f8rs v\u00e6rforhold. Materialet av h\u00f8y kvalitet sikrer langvarig skj\u00f8nnhet og holdbarhet, noe som gj\u00f8r den ideell for bruk \u00e5ret rundt i alle klimaer.<\/p>\n<p><img decoding=\"async\" class=\"alignnone size-medium wp-image-6771 aligncenter\" src=\"https:\/\/keluvo.com\/template\/wp-content\/uploads\/sites\/5\/2025\/01\/01fe23a3-a730-48f7-96f5-b56e7361d4af.webp\" alt=\"\" \/><\/p>\n","protected":false},"excerpt":{"rendered":"<p>Vakker Utend\u00f8rsdekorasjon Skulpturen Fairy Garden tilf\u00f8rer eleganse og sjarm til ethvert uterom. Den intrikate utformingen av en fe som danser [&hellip;]<\/p>\n","protected":false},"featured_media":10386,"comment_status":"open","ping_status":"closed","template":"","meta":{"site-sidebar-layout":"default","site-content-layout":"","ast-site-content-layout":"default","site-content-style":"default","site-sidebar-style":"default","ast-global-header-display":"","ast-banner-title-visibility":"","ast-main-header-display":"","ast-hfb-above-header-display":"","ast-hfb-below-header-display":"","ast-hfb-mobile-header-display":"","site-post-title":"","ast-breadcrumbs-content":"","ast-featured-img":"","footer-sml-layout":"","theme-transparent-header-meta":"default","adv-header-id-meta":"","stick-header-meta":"","header-above-stick-meta":"","header-main-stick-meta":"","header-below-stick-meta":"","astra-migrate-meta-layouts":"set","ast-page-background-enabled":"default","ast-page-background-meta":{"desktop":{"background-color":"var(--ast-global-color-4)","background-image":"","background-repeat":"repeat","background-position":"center center","background-size":"auto","background-attachment":"scroll","background-type":"","background-media":"","overlay-type":"","overlay-color":"","overlay-opacity":"","overlay-gradient":""},"tablet":{"background-color":"","background-image":"","background-repeat":"repeat","background-position":"center center","background-size":"auto","background-attachment":"scroll","background-type":"","background-media":"","overlay-type":"","overlay-color":"","overlay-opacity":"","overlay-gradient":""},"mobile":{"background-color":"","background-image":"","background-repeat":"repeat","background-position":"center center","background-size":"auto","background-attachment":"scroll","background-type":"","background-media":"","overlay-type":"","overlay-color":"","overlay-opacity":"","overlay-gradient":""}},"ast-content-background-meta":{"desktop":{"background-color":"var(--ast-global-color-5)","background-image":"","background-repeat":"repeat","background-position":"center center","background-size":"auto","background-attachment":"scroll","background-type":"","background-media":"","overlay-type":"","overlay-color":"","overlay-opacity":"","overlay-gradient":""},"tablet":{"background-color":"var(--ast-global-color-5)","background-image":"","background-repeat":"repeat","background-position":"center center","background-size":"auto","background-attachment":"scroll","background-type":"","background-media":"","overlay-type":"","overlay-color":"","overlay-opacity":"","overlay-gradient":""},"mobile":{"background-color":"var(--ast-global-color-5)","background-image":"","background-repeat":"repeat","background-position":"center center","background-size":"auto","background-attachment":"scroll","background-type":"","background-media":"","overlay-type":"","overlay-color":"","overlay-opacity":"","overlay-gradient":""}}},"product_brand":[],"product_cat":[993],"product_tag":[],"class_list":{"0":"post-10390","1":"product","2":"type-product","3":"status-publish","4":"has-post-thumbnail","6":"product_cat-skotoy-tilbehor","7":"pa_9p9yzsyo-a","8":"pa_9p9yzsyo-b","9":"pa_9p9yzsyo-c","10":"pa_9p9yzsyo-d","11":"pa_9p9yzsyo-e","12":"desktop-align-left","13":"tablet-align-left","14":"mobile-align-left","16":"first","17":"instock","18":"shipping-taxable","19":"purchasable","20":"product-type-variable"},"_links":{"self":[{"href":"https:\/\/keluvo.com\/no\/wp-json\/wp\/v2\/product\/10390","targetHints":{"allow":["GET"]}}],"collection":[{"href":"https:\/\/keluvo.com\/no\/wp-json\/wp\/v2\/product"}],"about":[{"href":"https:\/\/keluvo.com\/no\/wp-json\/wp\/v2\/types\/product"}],"replies":[{"embeddable":true,"href":"https:\/\/keluvo.com\/no\/wp-json\/wp\/v2\/comments?post=10390"}],"wp:featuredmedia":[{"embeddable":true,"href":"https:\/\/keluvo.com\/no\/wp-json\/wp\/v2\/media\/10386"}],"wp:attachment":[{"href":"https:\/\/keluvo.com\/no\/wp-json\/wp\/v2\/media?parent=10390"}],"wp:term":[{"taxonomy":"product_brand","embeddable":true,"href":"https:\/\/keluvo.com\/no\/wp-json\/wp\/v2\/product_brand?post=10390"},{"taxonomy":"product_cat","embeddable":true,"href":"https:\/\/keluvo.com\/no\/wp-json\/wp\/v2\/product_cat?post=10390"},{"taxonomy":"product_tag","embeddable":true,"href":"https:\/\/keluvo.com\/no\/wp-json\/wp\/v2\/product_tag?post=10390"}],"curies":[{"name":"wp","href":"https:\/\/api.w.org\/{rel}","templated":true}]}}