{"id":10354,"date":"2025-03-19T00:30:51","date_gmt":"2025-03-18T22:30:51","guid":{"rendered":"https:\/\/keluvo.com\/no\/produkt\/historiesett-i-filtbrett\/"},"modified":"2025-03-28T01:44:20","modified_gmt":"2025-03-27T23:44:20","slug":"historiesett-i-filtbrett-1","status":"publish","type":"product","link":"https:\/\/keluvo.com\/no\/produkt\/historiesett-i-filtbrett-1\/","title":{"rendered":"Historiesett i filtbrett"},"content":{"rendered":"<h2 style=\"text-align: center\"><strong>Interaktiv Historiefortelling<\/strong><\/h2>\n<p style=\"text-align: center\">Det interaktive filthistoriesettet oppmuntrer til kreativitet og interaktiv lek for sm\u00e5 barn. Med fargerike filtbrikker kan barna skape sine egne historier og scenarier, og utforske temaer som g\u00e5rdsdyr, insekter og familieliv. Denne praktiske aktiviteten bidrar til \u00e5 utvikle fantasien og evnen til \u00e5 fortelle historier p\u00e5 en engasjerende m\u00e5te.<\/p>\n<p><img decoding=\"async\" class=\"alignnone size-medium wp-image-5567 aligncenter\" src=\"https:\/\/keluvo.com\/template\/wp-content\/uploads\/sites\/5\/2024\/12\/S760dff4bb42f4cea8b2cc52b669c9efe8.jpg_960x960q75.jpg_.jpeg\" alt=\"\" \/><\/p>\n<h2 style=\"text-align: center\"><strong>Perfekt For Tidlig L\u00e6ring<\/strong><\/h2>\n<p style=\"text-align: center\">Designet for f\u00f8rskole og tidlig l\u00e6ring, introduserer dette settet barn til viktige begreper gjennom lek. Barna kan l\u00e6re om dyr, deres leveomr\u00e5der og daglige rutiner mens de plasserer filtbrikkene p\u00e5 brettet. Det er et utmerket verkt\u00f8y for foreldre og l\u00e6rere for \u00e5 gj\u00f8re l\u00e6ringen morsom og interaktiv.<\/p>\n<p><img decoding=\"async\" class=\"alignnone size-medium wp-image-5568 aligncenter\" src=\"https:\/\/keluvo.com\/template\/wp-content\/uploads\/sites\/5\/2024\/12\/S5e9c826f97d344a3b8de537f1d6f11b5q.jpg_960x960q75.jpg_.jpeg\" alt=\"\" \/><\/p>\n","protected":false},"excerpt":{"rendered":"<p>Interaktiv Historiefortelling Det interaktive filthistoriesettet oppmuntrer til kreativitet og interaktiv lek for sm\u00e5 barn. Med fargerike filtbrikker kan barna skape [&hellip;]<\/p>\n","protected":false},"featured_media":10350,"comment_status":"open","ping_status":"closed","template":"","meta":{"site-sidebar-layout":"default","site-content-layout":"","ast-site-content-layout":"default","site-content-style":"default","site-sidebar-style":"default","ast-global-header-display":"","ast-banner-title-visibility":"","ast-main-header-display":"","ast-hfb-above-header-display":"","ast-hfb-below-header-display":"","ast-hfb-mobile-header-display":"","site-post-title":"","ast-breadcrumbs-content":"","ast-featured-img":"","footer-sml-layout":"","theme-transparent-header-meta":"default","adv-header-id-meta":"","stick-header-meta":"","header-above-stick-meta":"","header-main-stick-meta":"","header-below-stick-meta":"","astra-migrate-meta-layouts":"set","ast-page-background-enabled":"default","ast-page-background-meta":{"desktop":{"background-color":"var(--ast-global-color-4)","background-image":"","background-repeat":"repeat","background-position":"center center","background-size":"auto","background-attachment":"scroll","background-type":"","background-media":"","overlay-type":"","overlay-color":"","overlay-opacity":"","overlay-gradient":""},"tablet":{"background-color":"","background-image":"","background-repeat":"repeat","background-position":"center center","background-size":"auto","background-attachment":"scroll","background-type":"","background-media":"","overlay-type":"","overlay-color":"","overlay-opacity":"","overlay-gradient":""},"mobile":{"background-color":"","background-image":"","background-repeat":"repeat","background-position":"center center","background-size":"auto","background-attachment":"scroll","background-type":"","background-media":"","overlay-type":"","overlay-color":"","overlay-opacity":"","overlay-gradient":""}},"ast-content-background-meta":{"desktop":{"background-color":"var(--ast-global-color-5)","background-image":"","background-repeat":"repeat","background-position":"center center","background-size":"auto","background-attachment":"scroll","background-type":"","background-media":"","overlay-type":"","overlay-color":"","overlay-opacity":"","overlay-gradient":""},"tablet":{"background-color":"var(--ast-global-color-5)","background-image":"","background-repeat":"repeat","background-position":"center center","background-size":"auto","background-attachment":"scroll","background-type":"","background-media":"","overlay-type":"","overlay-color":"","overlay-opacity":"","overlay-gradient":""},"mobile":{"background-color":"var(--ast-global-color-5)","background-image":"","background-repeat":"repeat","background-position":"center center","background-size":"auto","background-attachment":"scroll","background-type":"","background-media":"","overlay-type":"","overlay-color":"","overlay-opacity":"","overlay-gradient":""}}},"product_brand":[],"product_cat":[990],"product_tag":[],"class_list":{"0":"post-10354","1":"product","2":"type-product","3":"status-publish","4":"has-post-thumbnail","6":"product_cat-leker-barne-og-babyprodukter","7":"pa_zgqy615g-dyrehage","8":"pa_zgqy615g-gard","9":"pa_zgqy615g-tre","10":"pa_zgqy615g-under-vann","11":"desktop-align-left","12":"tablet-align-left","13":"mobile-align-left","15":"first","16":"instock","17":"shipping-taxable","18":"purchasable","19":"product-type-variable"},"_links":{"self":[{"href":"https:\/\/keluvo.com\/no\/wp-json\/wp\/v2\/product\/10354","targetHints":{"allow":["GET"]}}],"collection":[{"href":"https:\/\/keluvo.com\/no\/wp-json\/wp\/v2\/product"}],"about":[{"href":"https:\/\/keluvo.com\/no\/wp-json\/wp\/v2\/types\/product"}],"replies":[{"embeddable":true,"href":"https:\/\/keluvo.com\/no\/wp-json\/wp\/v2\/comments?post=10354"}],"wp:featuredmedia":[{"embeddable":true,"href":"https:\/\/keluvo.com\/no\/wp-json\/wp\/v2\/media\/10350"}],"wp:attachment":[{"href":"https:\/\/keluvo.com\/no\/wp-json\/wp\/v2\/media?parent=10354"}],"wp:term":[{"taxonomy":"product_brand","embeddable":true,"href":"https:\/\/keluvo.com\/no\/wp-json\/wp\/v2\/product_brand?post=10354"},{"taxonomy":"product_cat","embeddable":true,"href":"https:\/\/keluvo.com\/no\/wp-json\/wp\/v2\/product_cat?post=10354"},{"taxonomy":"product_tag","embeddable":true,"href":"https:\/\/keluvo.com\/no\/wp-json\/wp\/v2\/product_tag?post=10354"}],"curies":[{"name":"wp","href":"https:\/\/api.w.org\/{rel}","templated":true}]}}