{"id":10345,"date":"2025-03-19T00:29:25","date_gmt":"2025-03-18T22:29:25","guid":{"rendered":"https:\/\/keluvo.com\/no\/produkt\/dampborste-for-katter\/"},"modified":"2025-03-19T00:29:34","modified_gmt":"2025-03-18T22:29:34","slug":"dampborste-for-katter","status":"publish","type":"product","link":"https:\/\/keluvo.com\/no\/produkt\/dampborste-for-katter\/","title":{"rendered":"Dampb\u00f8rste for katter"},"content":{"rendered":"<h2 style=\"text-align: center\" data-start=\"0\" data-end=\"35\"><strong>Sk\u00e5nsom Og Effektiv Pelspleie<\/strong><\/h2>\n<p style=\"text-align: center\" data-start=\"36\" data-end=\"274\">Dampb\u00f8rsten for katter hjelper deg med \u00e5 fjerne l\u00f8st h\u00e5r, floker og knuter uten \u00e5 dra eller for\u00e5rsake ubehag. De myke bustene er utformet for \u00e5 v\u00e6re sk\u00e5nsomme mot kj\u00e6ledyrets hud. Dette gj\u00f8r pelspleien til en avslappende og behagelig opplevelse for katten din.<\/p>\n<p data-start=\"36\" data-end=\"274\"><img decoding=\"async\" class=\"alignnone size-medium wp-image-12616 aligncenter\" src=\"https:\/\/keluvo.com\/template\/wp-content\/uploads\/sites\/5\/2025\/03\/Sce91bc255e244cf8a8deab9f0753fe50L.jpg_960x960q75.jpg_.jpeg\" alt=\"\" \/><\/p>\n<h2 style=\"text-align: center\" data-start=\"276\" data-end=\"307\"><strong>Innebygd Massasjefunksjon<\/strong><\/h2>\n<p style=\"text-align: center\" data-start=\"308\" data-end=\"539\">Dampb\u00f8rsten er mer enn bare et pelspleieredskap &#8211; den gir ogs\u00e5 en beroligende massasje. De avrundede bustene bidrar til \u00e5 forbedre blodsirkulasjonen og holde kj\u00e6ledyrets pels sunn. Katten din vil elske den milde ber\u00f8ringen og den ekstra omsorgen.<\/p>\n<p data-start=\"308\" data-end=\"539\"><img decoding=\"async\" class=\"alignnone size-medium wp-image-12613 aligncenter\" src=\"https:\/\/keluvo.com\/template\/wp-content\/uploads\/sites\/5\/2025\/03\/S4fdb8789aba54e5abecb1d504392aaa5b.jpg_960x960q75.jpg_.jpeg\" alt=\"\" \/><\/p>\n","protected":false},"excerpt":{"rendered":"<p>Sk\u00e5nsom Og Effektiv Pelspleie Dampb\u00f8rsten for katter hjelper deg med \u00e5 fjerne l\u00f8st h\u00e5r, floker og knuter uten \u00e5 dra [&hellip;]<\/p>\n","protected":false},"featured_media":10341,"comment_status":"open","ping_status":"closed","template":"","meta":{"site-sidebar-layout":"default","site-content-layout":"","ast-site-content-layout":"default","site-content-style":"default","site-sidebar-style":"default","ast-global-header-display":"","ast-banner-title-visibility":"","ast-main-header-display":"","ast-hfb-above-header-display":"","ast-hfb-below-header-display":"","ast-hfb-mobile-header-display":"","site-post-title":"","ast-breadcrumbs-content":"","ast-featured-img":"","footer-sml-layout":"","theme-transparent-header-meta":"default","adv-header-id-meta":"","stick-header-meta":"","header-above-stick-meta":"","header-main-stick-meta":"","header-below-stick-meta":"","astra-migrate-meta-layouts":"set","ast-page-background-enabled":"default","ast-page-background-meta":{"desktop":{"background-color":"var(--ast-global-color-4)","background-image":"","background-repeat":"repeat","background-position":"center center","background-size":"auto","background-attachment":"scroll","background-type":"","background-media":"","overlay-type":"","overlay-color":"","overlay-opacity":"","overlay-gradient":""},"tablet":{"background-color":"","background-image":"","background-repeat":"repeat","background-position":"center center","background-size":"auto","background-attachment":"scroll","background-type":"","background-media":"","overlay-type":"","overlay-color":"","overlay-opacity":"","overlay-gradient":""},"mobile":{"background-color":"","background-image":"","background-repeat":"repeat","background-position":"center center","background-size":"auto","background-attachment":"scroll","background-type":"","background-media":"","overlay-type":"","overlay-color":"","overlay-opacity":"","overlay-gradient":""}},"ast-content-background-meta":{"desktop":{"background-color":"var(--ast-global-color-5)","background-image":"","background-repeat":"repeat","background-position":"center center","background-size":"auto","background-attachment":"scroll","background-type":"","background-media":"","overlay-type":"","overlay-color":"","overlay-opacity":"","overlay-gradient":""},"tablet":{"background-color":"var(--ast-global-color-5)","background-image":"","background-repeat":"repeat","background-position":"center center","background-size":"auto","background-attachment":"scroll","background-type":"","background-media":"","overlay-type":"","overlay-color":"","overlay-opacity":"","overlay-gradient":""},"mobile":{"background-color":"var(--ast-global-color-5)","background-image":"","background-repeat":"repeat","background-position":"center center","background-size":"auto","background-attachment":"scroll","background-type":"","background-media":"","overlay-type":"","overlay-color":"","overlay-opacity":"","overlay-gradient":""}}},"product_brand":[],"product_cat":[997],"product_tag":[],"class_list":{"0":"post-10345","1":"product","2":"type-product","3":"status-publish","4":"has-post-thumbnail","6":"product_cat-husdyrprodukter","7":"pa_klaldn1l-gronn","8":"pa_klaldn1l-gul","9":"desktop-align-left","10":"tablet-align-left","11":"mobile-align-left","13":"first","14":"instock","15":"shipping-taxable","16":"purchasable","17":"product-type-variable"},"_links":{"self":[{"href":"https:\/\/keluvo.com\/no\/wp-json\/wp\/v2\/product\/10345","targetHints":{"allow":["GET"]}}],"collection":[{"href":"https:\/\/keluvo.com\/no\/wp-json\/wp\/v2\/product"}],"about":[{"href":"https:\/\/keluvo.com\/no\/wp-json\/wp\/v2\/types\/product"}],"replies":[{"embeddable":true,"href":"https:\/\/keluvo.com\/no\/wp-json\/wp\/v2\/comments?post=10345"}],"wp:featuredmedia":[{"embeddable":true,"href":"https:\/\/keluvo.com\/no\/wp-json\/wp\/v2\/media\/10341"}],"wp:attachment":[{"href":"https:\/\/keluvo.com\/no\/wp-json\/wp\/v2\/media?parent=10345"}],"wp:term":[{"taxonomy":"product_brand","embeddable":true,"href":"https:\/\/keluvo.com\/no\/wp-json\/wp\/v2\/product_brand?post=10345"},{"taxonomy":"product_cat","embeddable":true,"href":"https:\/\/keluvo.com\/no\/wp-json\/wp\/v2\/product_cat?post=10345"},{"taxonomy":"product_tag","embeddable":true,"href":"https:\/\/keluvo.com\/no\/wp-json\/wp\/v2\/product_tag?post=10345"}],"curies":[{"name":"wp","href":"https:\/\/api.w.org\/{rel}","templated":true}]}}