{"id":10297,"date":"2025-03-17T22:36:37","date_gmt":"2025-03-17T20:36:37","guid":{"rendered":"https:\/\/keluvo.com\/no\/produkt\/musikkboksemaskin\/"},"modified":"2025-03-17T22:36:43","modified_gmt":"2025-03-17T20:36:43","slug":"musikkboksemaskin","status":"publish","type":"product","link":"https:\/\/keluvo.com\/no\/produkt\/musikkboksemaskin\/","title":{"rendered":"Musikkboksemaskin"},"content":{"rendered":"<h2 style=\"text-align: center\" data-start=\"0\" data-end=\"34\"><strong>Morsom Og Interaktiv Trening<\/strong><\/h2>\n<p style=\"text-align: center\" data-start=\"35\" data-end=\"245\">Musikkboksemaskinen gj\u00f8r treningen spennende med lys- og lydfeedback. Treff m\u00e5lene n\u00e5r de lyser opp for \u00e5 forbedre hastighet, koordinasjon og reflekser. Det er en flott m\u00e5te \u00e5 holde seg aktiv p\u00e5 samtidig som du har det g\u00f8y.<\/p>\n<p data-start=\"35\" data-end=\"245\"><img decoding=\"async\" class=\"alignnone size-medium wp-image-12426 aligncenter\" src=\"https:\/\/keluvo.com\/template\/wp-content\/uploads\/sites\/5\/2025\/03\/Sa76615537fb745db8133e85fb7c30ac7V.jpeg\" alt=\"\" \/><\/p>\n<h2 style=\"text-align: center\" data-start=\"247\" data-end=\"279\"><strong>Bluetooth-Musikktilkobling<\/strong><\/h2>\n<p style=\"text-align: center\" data-start=\"280\" data-end=\"511\">Gled deg over favorittsangene dine mens du trener med den innebygde Bluetooth-funksjonen. Musikkboksemaskinen kobles til telefonen din for en jevn og energisk treningsopplevelse. Lyden av h\u00f8y kvalitet gj\u00f8r hver \u00f8kt mer engasjerende.<\/p>\n<p data-start=\"280\" data-end=\"511\"><img decoding=\"async\" class=\"alignnone size-medium wp-image-12425 aligncenter\" src=\"https:\/\/keluvo.com\/template\/wp-content\/uploads\/sites\/5\/2025\/03\/S501054d303894c9aafc98beb89d3d111X.jpeg\" alt=\"\" \/><\/p>\n","protected":false},"excerpt":{"rendered":"<p>Morsom Og Interaktiv Trening Musikkboksemaskinen gj\u00f8r treningen spennende med lys- og lydfeedback. Treff m\u00e5lene n\u00e5r de lyser opp for \u00e5 [&hellip;]<\/p>\n","protected":false},"featured_media":10293,"comment_status":"open","ping_status":"closed","template":"","meta":{"site-sidebar-layout":"default","site-content-layout":"","ast-site-content-layout":"default","site-content-style":"default","site-sidebar-style":"default","ast-global-header-display":"","ast-banner-title-visibility":"","ast-main-header-display":"","ast-hfb-above-header-display":"","ast-hfb-below-header-display":"","ast-hfb-mobile-header-display":"","site-post-title":"","ast-breadcrumbs-content":"","ast-featured-img":"","footer-sml-layout":"","theme-transparent-header-meta":"default","adv-header-id-meta":"","stick-header-meta":"","header-above-stick-meta":"","header-main-stick-meta":"","header-below-stick-meta":"","astra-migrate-meta-layouts":"set","ast-page-background-enabled":"default","ast-page-background-meta":{"desktop":{"background-color":"var(--ast-global-color-4)","background-image":"","background-repeat":"repeat","background-position":"center center","background-size":"auto","background-attachment":"scroll","background-type":"","background-media":"","overlay-type":"","overlay-color":"","overlay-opacity":"","overlay-gradient":""},"tablet":{"background-color":"","background-image":"","background-repeat":"repeat","background-position":"center center","background-size":"auto","background-attachment":"scroll","background-type":"","background-media":"","overlay-type":"","overlay-color":"","overlay-opacity":"","overlay-gradient":""},"mobile":{"background-color":"","background-image":"","background-repeat":"repeat","background-position":"center center","background-size":"auto","background-attachment":"scroll","background-type":"","background-media":"","overlay-type":"","overlay-color":"","overlay-opacity":"","overlay-gradient":""}},"ast-content-background-meta":{"desktop":{"background-color":"var(--ast-global-color-5)","background-image":"","background-repeat":"repeat","background-position":"center center","background-size":"auto","background-attachment":"scroll","background-type":"","background-media":"","overlay-type":"","overlay-color":"","overlay-opacity":"","overlay-gradient":""},"tablet":{"background-color":"var(--ast-global-color-5)","background-image":"","background-repeat":"repeat","background-position":"center center","background-size":"auto","background-attachment":"scroll","background-type":"","background-media":"","overlay-type":"","overlay-color":"","overlay-opacity":"","overlay-gradient":""},"mobile":{"background-color":"var(--ast-global-color-5)","background-image":"","background-repeat":"repeat","background-position":"center center","background-size":"auto","background-attachment":"scroll","background-type":"","background-media":"","overlay-type":"","overlay-color":"","overlay-opacity":"","overlay-gradient":""}}},"product_brand":[],"product_cat":[991],"product_tag":[],"class_list":{"0":"post-10297","1":"product","2":"type-product","3":"status-publish","4":"has-post-thumbnail","6":"product_cat-helseprodukter","7":"pa_j03g6bev-rosa","8":"pa_j03g6bev-svart","9":"desktop-align-left","10":"tablet-align-left","11":"mobile-align-left","13":"first","14":"instock","15":"shipping-taxable","16":"purchasable","17":"product-type-variable"},"_links":{"self":[{"href":"https:\/\/keluvo.com\/no\/wp-json\/wp\/v2\/product\/10297","targetHints":{"allow":["GET"]}}],"collection":[{"href":"https:\/\/keluvo.com\/no\/wp-json\/wp\/v2\/product"}],"about":[{"href":"https:\/\/keluvo.com\/no\/wp-json\/wp\/v2\/types\/product"}],"replies":[{"embeddable":true,"href":"https:\/\/keluvo.com\/no\/wp-json\/wp\/v2\/comments?post=10297"}],"wp:featuredmedia":[{"embeddable":true,"href":"https:\/\/keluvo.com\/no\/wp-json\/wp\/v2\/media\/10293"}],"wp:attachment":[{"href":"https:\/\/keluvo.com\/no\/wp-json\/wp\/v2\/media?parent=10297"}],"wp:term":[{"taxonomy":"product_brand","embeddable":true,"href":"https:\/\/keluvo.com\/no\/wp-json\/wp\/v2\/product_brand?post=10297"},{"taxonomy":"product_cat","embeddable":true,"href":"https:\/\/keluvo.com\/no\/wp-json\/wp\/v2\/product_cat?post=10297"},{"taxonomy":"product_tag","embeddable":true,"href":"https:\/\/keluvo.com\/no\/wp-json\/wp\/v2\/product_tag?post=10297"}],"curies":[{"name":"wp","href":"https:\/\/api.w.org\/{rel}","templated":true}]}}