{"id":10292,"date":"2025-03-17T22:35:21","date_gmt":"2025-03-17T20:35:21","guid":{"rendered":"https:\/\/keluvo.com\/no\/produkt\/tannborste-for-hund\/"},"modified":"2025-03-24T18:44:48","modified_gmt":"2025-03-24T16:44:48","slug":"tannborste-for-hund-1","status":"publish","type":"product","link":"https:\/\/keluvo.com\/no\/produkt\/tannborste-for-hund-1\/","title":{"rendered":"Tannb\u00f8rste for hund"},"content":{"rendered":"<h2 style=\"text-align: center\" data-start=\"0\" data-end=\"35\"><strong>Sk\u00e5nsom Og Effektiv Rengj\u00f8ring<\/strong><\/h2>\n<p style=\"text-align: center\" data-start=\"36\" data-end=\"264\">Hundetannb\u00f8rsten er laget av myk silikon, noe som gj\u00f8r den sk\u00e5nsom mot kj\u00e6ledyrets tenner og tannkj\u00f8tt. Den hjelper til med \u00e5 fjerne plakk og matpartikler for \u00e5 holde munnen frisk. Regelmessig bruk kan bidra til bedre munnhelse og redusere d\u00e5rlig \u00e5nde.<\/p>\n<p data-start=\"36\" data-end=\"264\"><img decoding=\"async\" class=\"alignnone size-medium wp-image-12418 aligncenter\" src=\"https:\/\/keluvo.com\/template\/wp-content\/uploads\/sites\/5\/2025\/03\/S9baf72f6e0474ea3a5f456e2aa6a0dbaI.jpeg\" alt=\"\" \/><\/p>\n<h2 style=\"text-align: center\" data-start=\"266\" data-end=\"297\"><strong>Brukervennlig Fingerdesign<\/strong><\/h2>\n<p style=\"text-align: center\" data-start=\"298\" data-end=\"533\">Denne hundetannb\u00f8rsten passer p\u00e5 fingeren din, slik at du kan rengj\u00f8re kj\u00e6ledyrets tenner med bedre kontroll. Den er enkel \u00e5 bruke og gj\u00f8r tannpussen mer behagelig for b\u00e5de deg og kj\u00e6ledyret ditt. Den lille st\u00f8rrelsen er perfekt for b\u00e5de hunder og katter.<\/p>\n<p data-start=\"298\" data-end=\"533\"><img decoding=\"async\" class=\"alignnone size-medium wp-image-12421 aligncenter\" src=\"https:\/\/keluvo.com\/template\/wp-content\/uploads\/sites\/5\/2025\/03\/Sf7162740ca374ab4b230d8935c7ba6f6A.jpeg\" alt=\"\" \/><\/p>\n","protected":false},"excerpt":{"rendered":"<p>Sk\u00e5nsom Og Effektiv Rengj\u00f8ring Hundetannb\u00f8rsten er laget av myk silikon, noe som gj\u00f8r den sk\u00e5nsom mot kj\u00e6ledyrets tenner og tannkj\u00f8tt. [&hellip;]<\/p>\n","protected":false},"featured_media":10288,"comment_status":"open","ping_status":"closed","template":"","meta":{"site-sidebar-layout":"default","site-content-layout":"","ast-site-content-layout":"default","site-content-style":"default","site-sidebar-style":"default","ast-global-header-display":"","ast-banner-title-visibility":"","ast-main-header-display":"","ast-hfb-above-header-display":"","ast-hfb-below-header-display":"","ast-hfb-mobile-header-display":"","site-post-title":"","ast-breadcrumbs-content":"","ast-featured-img":"","footer-sml-layout":"","theme-transparent-header-meta":"default","adv-header-id-meta":"","stick-header-meta":"","header-above-stick-meta":"","header-main-stick-meta":"","header-below-stick-meta":"","astra-migrate-meta-layouts":"set","ast-page-background-enabled":"default","ast-page-background-meta":{"desktop":{"background-color":"var(--ast-global-color-4)","background-image":"","background-repeat":"repeat","background-position":"center center","background-size":"auto","background-attachment":"scroll","background-type":"","background-media":"","overlay-type":"","overlay-color":"","overlay-opacity":"","overlay-gradient":""},"tablet":{"background-color":"","background-image":"","background-repeat":"repeat","background-position":"center center","background-size":"auto","background-attachment":"scroll","background-type":"","background-media":"","overlay-type":"","overlay-color":"","overlay-opacity":"","overlay-gradient":""},"mobile":{"background-color":"","background-image":"","background-repeat":"repeat","background-position":"center center","background-size":"auto","background-attachment":"scroll","background-type":"","background-media":"","overlay-type":"","overlay-color":"","overlay-opacity":"","overlay-gradient":""}},"ast-content-background-meta":{"desktop":{"background-color":"var(--ast-global-color-5)","background-image":"","background-repeat":"repeat","background-position":"center center","background-size":"auto","background-attachment":"scroll","background-type":"","background-media":"","overlay-type":"","overlay-color":"","overlay-opacity":"","overlay-gradient":""},"tablet":{"background-color":"var(--ast-global-color-5)","background-image":"","background-repeat":"repeat","background-position":"center center","background-size":"auto","background-attachment":"scroll","background-type":"","background-media":"","overlay-type":"","overlay-color":"","overlay-opacity":"","overlay-gradient":""},"mobile":{"background-color":"var(--ast-global-color-5)","background-image":"","background-repeat":"repeat","background-position":"center center","background-size":"auto","background-attachment":"scroll","background-type":"","background-media":"","overlay-type":"","overlay-color":"","overlay-opacity":"","overlay-gradient":""}}},"product_brand":[],"product_cat":[997],"product_tag":[],"class_list":{"0":"post-10292","1":"product","2":"type-product","3":"status-publish","4":"has-post-thumbnail","6":"product_cat-husdyrprodukter","7":"desktop-align-left","8":"tablet-align-left","9":"mobile-align-left","11":"first","12":"instock","13":"shipping-taxable","14":"purchasable","15":"product-type-simple"},"_links":{"self":[{"href":"https:\/\/keluvo.com\/no\/wp-json\/wp\/v2\/product\/10292","targetHints":{"allow":["GET"]}}],"collection":[{"href":"https:\/\/keluvo.com\/no\/wp-json\/wp\/v2\/product"}],"about":[{"href":"https:\/\/keluvo.com\/no\/wp-json\/wp\/v2\/types\/product"}],"replies":[{"embeddable":true,"href":"https:\/\/keluvo.com\/no\/wp-json\/wp\/v2\/comments?post=10292"}],"wp:featuredmedia":[{"embeddable":true,"href":"https:\/\/keluvo.com\/no\/wp-json\/wp\/v2\/media\/10288"}],"wp:attachment":[{"href":"https:\/\/keluvo.com\/no\/wp-json\/wp\/v2\/media?parent=10292"}],"wp:term":[{"taxonomy":"product_brand","embeddable":true,"href":"https:\/\/keluvo.com\/no\/wp-json\/wp\/v2\/product_brand?post=10292"},{"taxonomy":"product_cat","embeddable":true,"href":"https:\/\/keluvo.com\/no\/wp-json\/wp\/v2\/product_cat?post=10292"},{"taxonomy":"product_tag","embeddable":true,"href":"https:\/\/keluvo.com\/no\/wp-json\/wp\/v2\/product_tag?post=10292"}],"curies":[{"name":"wp","href":"https:\/\/api.w.org\/{rel}","templated":true}]}}