{"id":10281,"date":"2025-03-17T22:33:50","date_gmt":"2025-03-17T20:33:50","guid":{"rendered":"https:\/\/keluvo.com\/no\/produkt\/orestrekere-i-ametyst\/"},"modified":"2025-03-17T22:34:01","modified_gmt":"2025-03-17T20:34:01","slug":"orestrekere-i-ametyst","status":"publish","type":"product","link":"https:\/\/keluvo.com\/no\/produkt\/orestrekere-i-ametyst\/","title":{"rendered":"\u00d8restrekere i ametyst"},"content":{"rendered":"<h2 style=\"text-align: center\" data-start=\"0\" data-end=\"35\"><strong>Naturlig Ametyststeindesign<\/strong><\/h2>\n<p style=\"text-align: center\" data-start=\"36\" data-end=\"256\">Disse \u00f8restikker i ametyst har en polert ametyststein med en dyp lilla farge. Hvert stykke har et unikt m\u00f8nster, noe som gj\u00f8r dem unike. Natursteinen gir et stilig og elegant utseende til enhver anledning.<\/p>\n<p data-start=\"36\" data-end=\"256\"><img decoding=\"async\" class=\"alignnone size-medium wp-image-12459 aligncenter\" src=\"https:\/\/keluvo.com\/template\/wp-content\/uploads\/sites\/5\/2025\/03\/S9a72d4e9e8d34b90acae931b90f8f12f5.jpg_960x960q75.jpg_.jpeg\" alt=\"\" \/><\/p>\n<h2 style=\"text-align: center\" data-start=\"258\" data-end=\"293\"><strong>Komfortabelt Og Trygt Materiale<\/strong><\/h2>\n<p style=\"text-align: center\" data-start=\"294\" data-end=\"529\">Laget av rustfritt st\u00e5l og glatt ametyst, er disse ametyst-\u00f8restikkene designet for komfort. Materialene av h\u00f8y kvalitet er sk\u00e5nsomme mot huden og egner seg for langvarig bruk. Perfekt for \u00e5 t\u00f8ye \u00f8rene p\u00e5 en trygg m\u00e5te.<\/p>\n<p data-start=\"294\" data-end=\"529\"><img decoding=\"async\" class=\"alignnone size-medium wp-image-12464 aligncenter\" src=\"https:\/\/keluvo.com\/template\/wp-content\/uploads\/sites\/5\/2025\/03\/Sf32e9f5a215c4d22941d46607db79aefw.jpg_960x960q75.jpg_.jpeg\" alt=\"\" \/><\/p>\n","protected":false},"excerpt":{"rendered":"<p>Naturlig Ametyststeindesign Disse \u00f8restikker i ametyst har en polert ametyststein med en dyp lilla farge. Hvert stykke har et unikt [&hellip;]<\/p>\n","protected":false},"featured_media":10277,"comment_status":"open","ping_status":"closed","template":"","meta":{"site-sidebar-layout":"default","site-content-layout":"","ast-site-content-layout":"default","site-content-style":"default","site-sidebar-style":"default","ast-global-header-display":"","ast-banner-title-visibility":"","ast-main-header-display":"","ast-hfb-above-header-display":"","ast-hfb-below-header-display":"","ast-hfb-mobile-header-display":"","site-post-title":"","ast-breadcrumbs-content":"","ast-featured-img":"","footer-sml-layout":"","theme-transparent-header-meta":"default","adv-header-id-meta":"","stick-header-meta":"","header-above-stick-meta":"","header-main-stick-meta":"","header-below-stick-meta":"","astra-migrate-meta-layouts":"set","ast-page-background-enabled":"default","ast-page-background-meta":{"desktop":{"background-color":"var(--ast-global-color-4)","background-image":"","background-repeat":"repeat","background-position":"center center","background-size":"auto","background-attachment":"scroll","background-type":"","background-media":"","overlay-type":"","overlay-color":"","overlay-opacity":"","overlay-gradient":""},"tablet":{"background-color":"","background-image":"","background-repeat":"repeat","background-position":"center center","background-size":"auto","background-attachment":"scroll","background-type":"","background-media":"","overlay-type":"","overlay-color":"","overlay-opacity":"","overlay-gradient":""},"mobile":{"background-color":"","background-image":"","background-repeat":"repeat","background-position":"center center","background-size":"auto","background-attachment":"scroll","background-type":"","background-media":"","overlay-type":"","overlay-color":"","overlay-opacity":"","overlay-gradient":""}},"ast-content-background-meta":{"desktop":{"background-color":"var(--ast-global-color-5)","background-image":"","background-repeat":"repeat","background-position":"center center","background-size":"auto","background-attachment":"scroll","background-type":"","background-media":"","overlay-type":"","overlay-color":"","overlay-opacity":"","overlay-gradient":""},"tablet":{"background-color":"var(--ast-global-color-5)","background-image":"","background-repeat":"repeat","background-position":"center center","background-size":"auto","background-attachment":"scroll","background-type":"","background-media":"","overlay-type":"","overlay-color":"","overlay-opacity":"","overlay-gradient":""},"mobile":{"background-color":"var(--ast-global-color-5)","background-image":"","background-repeat":"repeat","background-position":"center center","background-size":"auto","background-attachment":"scroll","background-type":"","background-media":"","overlay-type":"","overlay-color":"","overlay-opacity":"","overlay-gradient":""}}},"product_brand":[],"product_cat":[992],"product_tag":[],"class_list":{"0":"post-10281","1":"product","2":"type-product","3":"status-publish","4":"has-post-thumbnail","6":"product_cat-skjonnhets-og-hygieneprodukter","7":"pa_7il65yn5-gull","8":"pa_7il65yn5-solv","9":"pa_7il65yn5-svart","10":"desktop-align-left","11":"tablet-align-left","12":"mobile-align-left","14":"first","15":"instock","16":"shipping-taxable","17":"purchasable","18":"product-type-variable"},"_links":{"self":[{"href":"https:\/\/keluvo.com\/no\/wp-json\/wp\/v2\/product\/10281","targetHints":{"allow":["GET"]}}],"collection":[{"href":"https:\/\/keluvo.com\/no\/wp-json\/wp\/v2\/product"}],"about":[{"href":"https:\/\/keluvo.com\/no\/wp-json\/wp\/v2\/types\/product"}],"replies":[{"embeddable":true,"href":"https:\/\/keluvo.com\/no\/wp-json\/wp\/v2\/comments?post=10281"}],"wp:featuredmedia":[{"embeddable":true,"href":"https:\/\/keluvo.com\/no\/wp-json\/wp\/v2\/media\/10277"}],"wp:attachment":[{"href":"https:\/\/keluvo.com\/no\/wp-json\/wp\/v2\/media?parent=10281"}],"wp:term":[{"taxonomy":"product_brand","embeddable":true,"href":"https:\/\/keluvo.com\/no\/wp-json\/wp\/v2\/product_brand?post=10281"},{"taxonomy":"product_cat","embeddable":true,"href":"https:\/\/keluvo.com\/no\/wp-json\/wp\/v2\/product_cat?post=10281"},{"taxonomy":"product_tag","embeddable":true,"href":"https:\/\/keluvo.com\/no\/wp-json\/wp\/v2\/product_tag?post=10281"}],"curies":[{"name":"wp","href":"https:\/\/api.w.org\/{rel}","templated":true}]}}