{"id":10276,"date":"2025-03-17T22:32:31","date_gmt":"2025-03-17T20:32:31","guid":{"rendered":"https:\/\/keluvo.com\/no\/produkt\/ishockeykamp\/"},"modified":"2025-03-17T22:32:31","modified_gmt":"2025-03-17T20:32:31","slug":"ishockeykamp","status":"publish","type":"product","link":"https:\/\/keluvo.com\/no\/produkt\/ishockeykamp\/","title":{"rendered":"Ishockeykamp"},"content":{"rendered":"<h2 style=\"text-align: center\" data-start=\"0\" data-end=\"284\"><strong>Moro For Alle Aldre<\/strong><\/h2>\n<p style=\"text-align: center\" data-start=\"0\" data-end=\"284\">Ishockeyspillet er designet for \u00e5 kunne nytes av b\u00e5de barn og voksne. Enten du spiller med familie eller venner, vil dette spennende spillet gi deg uendelig mye moro. Det er perfekt for en vennskapelig konkurranse, og alle kan glede seg over spenningen i puckkampen.<\/p>\n<p data-start=\"0\" data-end=\"284\"><img decoding=\"async\" class=\"alignnone size-medium wp-image-12472 aligncenter\" src=\"https:\/\/keluvo.com\/template\/wp-content\/uploads\/sites\/5\/2025\/03\/S16cc290ed6bb44b383567c28f0b563940.jpeg\" alt=\"\" \/><\/p>\n<h2 style=\"text-align: center\" data-start=\"286\" data-end=\"545\"><strong>Enkelt, Men Spennende Spill<\/strong><\/h2>\n<p style=\"text-align: center\" data-start=\"286\" data-end=\"545\">Spillet er enkelt \u00e5 sette opp og spille. Spillerne bytter p\u00e5 \u00e5 skyte sjakkbrikker ved hjelp av et elastisk b\u00e5nd, og m\u00e5let er \u00e5 rydde brettet f\u00f8r motstanderen. Den fartsfylte handlingen holder alle engasjert og underholdt i timevis.<\/p>\n<p data-start=\"286\" data-end=\"545\"><img decoding=\"async\" class=\"alignnone size-medium wp-image-12470 aligncenter\" src=\"https:\/\/keluvo.com\/template\/wp-content\/uploads\/sites\/5\/2025\/03\/S1d44ab140f9742cca3e34f9a3863ecafN.jpg_960x960q75.jpg_.jpeg\" alt=\"\" \/><\/p>\n","protected":false},"excerpt":{"rendered":"<p>Moro For Alle Aldre Ishockeyspillet er designet for \u00e5 kunne nytes av b\u00e5de barn og voksne. Enten du spiller med [&hellip;]<\/p>\n","protected":false},"featured_media":10272,"comment_status":"open","ping_status":"closed","template":"","meta":{"site-sidebar-layout":"default","site-content-layout":"","ast-site-content-layout":"default","site-content-style":"default","site-sidebar-style":"default","ast-global-header-display":"","ast-banner-title-visibility":"","ast-main-header-display":"","ast-hfb-above-header-display":"","ast-hfb-below-header-display":"","ast-hfb-mobile-header-display":"","site-post-title":"","ast-breadcrumbs-content":"","ast-featured-img":"","footer-sml-layout":"","theme-transparent-header-meta":"default","adv-header-id-meta":"","stick-header-meta":"","header-above-stick-meta":"","header-main-stick-meta":"","header-below-stick-meta":"","astra-migrate-meta-layouts":"set","ast-page-background-enabled":"default","ast-page-background-meta":{"desktop":{"background-color":"var(--ast-global-color-4)","background-image":"","background-repeat":"repeat","background-position":"center center","background-size":"auto","background-attachment":"scroll","background-type":"","background-media":"","overlay-type":"","overlay-color":"","overlay-opacity":"","overlay-gradient":""},"tablet":{"background-color":"","background-image":"","background-repeat":"repeat","background-position":"center center","background-size":"auto","background-attachment":"scroll","background-type":"","background-media":"","overlay-type":"","overlay-color":"","overlay-opacity":"","overlay-gradient":""},"mobile":{"background-color":"","background-image":"","background-repeat":"repeat","background-position":"center center","background-size":"auto","background-attachment":"scroll","background-type":"","background-media":"","overlay-type":"","overlay-color":"","overlay-opacity":"","overlay-gradient":""}},"ast-content-background-meta":{"desktop":{"background-color":"var(--ast-global-color-5)","background-image":"","background-repeat":"repeat","background-position":"center center","background-size":"auto","background-attachment":"scroll","background-type":"","background-media":"","overlay-type":"","overlay-color":"","overlay-opacity":"","overlay-gradient":""},"tablet":{"background-color":"var(--ast-global-color-5)","background-image":"","background-repeat":"repeat","background-position":"center center","background-size":"auto","background-attachment":"scroll","background-type":"","background-media":"","overlay-type":"","overlay-color":"","overlay-opacity":"","overlay-gradient":""},"mobile":{"background-color":"var(--ast-global-color-5)","background-image":"","background-repeat":"repeat","background-position":"center center","background-size":"auto","background-attachment":"scroll","background-type":"","background-media":"","overlay-type":"","overlay-color":"","overlay-opacity":"","overlay-gradient":""}}},"product_brand":[],"product_cat":[990],"product_tag":[],"class_list":{"0":"post-10276","1":"product","2":"type-product","3":"status-publish","4":"has-post-thumbnail","6":"product_cat-leker-barne-og-babyprodukter","7":"desktop-align-left","8":"tablet-align-left","9":"mobile-align-left","11":"first","12":"instock","13":"shipping-taxable","14":"purchasable","15":"product-type-simple"},"_links":{"self":[{"href":"https:\/\/keluvo.com\/no\/wp-json\/wp\/v2\/product\/10276","targetHints":{"allow":["GET"]}}],"collection":[{"href":"https:\/\/keluvo.com\/no\/wp-json\/wp\/v2\/product"}],"about":[{"href":"https:\/\/keluvo.com\/no\/wp-json\/wp\/v2\/types\/product"}],"replies":[{"embeddable":true,"href":"https:\/\/keluvo.com\/no\/wp-json\/wp\/v2\/comments?post=10276"}],"wp:featuredmedia":[{"embeddable":true,"href":"https:\/\/keluvo.com\/no\/wp-json\/wp\/v2\/media\/10272"}],"wp:attachment":[{"href":"https:\/\/keluvo.com\/no\/wp-json\/wp\/v2\/media?parent=10276"}],"wp:term":[{"taxonomy":"product_brand","embeddable":true,"href":"https:\/\/keluvo.com\/no\/wp-json\/wp\/v2\/product_brand?post=10276"},{"taxonomy":"product_cat","embeddable":true,"href":"https:\/\/keluvo.com\/no\/wp-json\/wp\/v2\/product_cat?post=10276"},{"taxonomy":"product_tag","embeddable":true,"href":"https:\/\/keluvo.com\/no\/wp-json\/wp\/v2\/product_tag?post=10276"}],"curies":[{"name":"wp","href":"https:\/\/api.w.org\/{rel}","templated":true}]}}