{"id":10265,"date":"2025-03-17T22:30:10","date_gmt":"2025-03-17T20:30:10","guid":{"rendered":"https:\/\/keluvo.com\/no\/produkt\/puffy-markorer\/"},"modified":"2025-03-21T22:21:33","modified_gmt":"2025-03-21T20:21:33","slug":"puffy-markorer-1","status":"publish","type":"product","link":"https:\/\/keluvo.com\/no\/produkt\/puffy-markorer-1\/","title":{"rendered":"Puffy mark\u00f8rer"},"content":{"rendered":"<h2 style=\"text-align: center\" data-start=\"0\" data-end=\"25\"><strong>Morsom 3D-Puffeteffekt<\/strong><\/h2>\n<p style=\"text-align: center\" data-start=\"26\" data-end=\"269\">Puffete tusjer skaper en hevet, strukturert effekt n\u00e5r de varmes opp, noe som gir liv til tegningene dine. Du trenger bare \u00e5 varme opp med en h\u00e5rf\u00f8ner eller mikrob\u00f8lgeovn for \u00e5 se blekket utvide seg. Denne morsomme funksjonen gir et unikt preg p\u00e5 kort, h\u00e5ndarbeid og skoleprosjekter.<\/p>\n<p data-start=\"26\" data-end=\"269\"><img decoding=\"async\" class=\"alignnone size-medium wp-image-12445 aligncenter\" src=\"https:\/\/keluvo.com\/template\/wp-content\/uploads\/sites\/5\/2025\/03\/S604a835d50b44994a7e45804833e05366.jpg_960x960q75.jpg_.jpeg\" alt=\"\" \/><\/p>\n<h2 style=\"text-align: center\" data-start=\"271\" data-end=\"299\"><strong>Lyse Og Enkle \u00c5 Bruke<\/strong><\/h2>\n<p style=\"text-align: center\" data-start=\"300\" data-end=\"488\">Disse puffy tusjpennene kommer i livlige farger som skiller seg ut p\u00e5 papiret. Den jevne blekkflyten gj\u00f8r det enkelt \u00e5 tegne uten \u00e5 rote. Bare klem, tegn og varm opp for \u00e5 skape i\u00f8ynefallende design.<\/p>\n<p data-start=\"300\" data-end=\"488\"><img decoding=\"async\" class=\"alignnone size-medium wp-image-12447 aligncenter\" src=\"https:\/\/keluvo.com\/template\/wp-content\/uploads\/sites\/5\/2025\/03\/Sb52f3e5befb24065afe49b0aff9905321.jpg_960x960q75.jpg_.jpeg\" alt=\"\" \/><\/p>\n","protected":false},"excerpt":{"rendered":"<p>Morsom 3D-Puffeteffekt Puffete tusjer skaper en hevet, strukturert effekt n\u00e5r de varmes opp, noe som gir liv til tegningene dine. [&hellip;]<\/p>\n","protected":false},"featured_media":10261,"comment_status":"open","ping_status":"closed","template":"","meta":{"site-sidebar-layout":"default","site-content-layout":"","ast-site-content-layout":"default","site-content-style":"default","site-sidebar-style":"default","ast-global-header-display":"","ast-banner-title-visibility":"","ast-main-header-display":"","ast-hfb-above-header-display":"","ast-hfb-below-header-display":"","ast-hfb-mobile-header-display":"","site-post-title":"","ast-breadcrumbs-content":"","ast-featured-img":"","footer-sml-layout":"","theme-transparent-header-meta":"default","adv-header-id-meta":"","stick-header-meta":"","header-above-stick-meta":"","header-main-stick-meta":"","header-below-stick-meta":"","astra-migrate-meta-layouts":"set","ast-page-background-enabled":"default","ast-page-background-meta":{"desktop":{"background-color":"var(--ast-global-color-4)","background-image":"","background-repeat":"repeat","background-position":"center center","background-size":"auto","background-attachment":"scroll","background-type":"","background-media":"","overlay-type":"","overlay-color":"","overlay-opacity":"","overlay-gradient":""},"tablet":{"background-color":"","background-image":"","background-repeat":"repeat","background-position":"center center","background-size":"auto","background-attachment":"scroll","background-type":"","background-media":"","overlay-type":"","overlay-color":"","overlay-opacity":"","overlay-gradient":""},"mobile":{"background-color":"","background-image":"","background-repeat":"repeat","background-position":"center center","background-size":"auto","background-attachment":"scroll","background-type":"","background-media":"","overlay-type":"","overlay-color":"","overlay-opacity":"","overlay-gradient":""}},"ast-content-background-meta":{"desktop":{"background-color":"var(--ast-global-color-5)","background-image":"","background-repeat":"repeat","background-position":"center center","background-size":"auto","background-attachment":"scroll","background-type":"","background-media":"","overlay-type":"","overlay-color":"","overlay-opacity":"","overlay-gradient":""},"tablet":{"background-color":"var(--ast-global-color-5)","background-image":"","background-repeat":"repeat","background-position":"center center","background-size":"auto","background-attachment":"scroll","background-type":"","background-media":"","overlay-type":"","overlay-color":"","overlay-opacity":"","overlay-gradient":""},"mobile":{"background-color":"var(--ast-global-color-5)","background-image":"","background-repeat":"repeat","background-position":"center center","background-size":"auto","background-attachment":"scroll","background-type":"","background-media":"","overlay-type":"","overlay-color":"","overlay-opacity":"","overlay-gradient":""}}},"product_brand":[],"product_cat":[990],"product_tag":[],"class_list":{"0":"post-10265","1":"product","2":"type-product","3":"status-publish","4":"has-post-thumbnail","6":"product_cat-leker-barne-og-babyprodukter","7":"desktop-align-left","8":"tablet-align-left","9":"mobile-align-left","11":"first","12":"instock","13":"shipping-taxable","14":"purchasable","15":"product-type-simple"},"_links":{"self":[{"href":"https:\/\/keluvo.com\/no\/wp-json\/wp\/v2\/product\/10265","targetHints":{"allow":["GET"]}}],"collection":[{"href":"https:\/\/keluvo.com\/no\/wp-json\/wp\/v2\/product"}],"about":[{"href":"https:\/\/keluvo.com\/no\/wp-json\/wp\/v2\/types\/product"}],"replies":[{"embeddable":true,"href":"https:\/\/keluvo.com\/no\/wp-json\/wp\/v2\/comments?post=10265"}],"wp:featuredmedia":[{"embeddable":true,"href":"https:\/\/keluvo.com\/no\/wp-json\/wp\/v2\/media\/10261"}],"wp:attachment":[{"href":"https:\/\/keluvo.com\/no\/wp-json\/wp\/v2\/media?parent=10265"}],"wp:term":[{"taxonomy":"product_brand","embeddable":true,"href":"https:\/\/keluvo.com\/no\/wp-json\/wp\/v2\/product_brand?post=10265"},{"taxonomy":"product_cat","embeddable":true,"href":"https:\/\/keluvo.com\/no\/wp-json\/wp\/v2\/product_cat?post=10265"},{"taxonomy":"product_tag","embeddable":true,"href":"https:\/\/keluvo.com\/no\/wp-json\/wp\/v2\/product_tag?post=10265"}],"curies":[{"name":"wp","href":"https:\/\/api.w.org\/{rel}","templated":true}]}}