{"id":10260,"date":"2025-03-17T22:28:50","date_gmt":"2025-03-17T20:28:50","guid":{"rendered":"https:\/\/keluvo.com\/no\/produkt\/fruktskal\/"},"modified":"2025-03-17T22:28:50","modified_gmt":"2025-03-17T20:28:50","slug":"fruktskal","status":"publish","type":"product","link":"https:\/\/keluvo.com\/no\/produkt\/fruktskal\/","title":{"rendered":"Fruktsk\u00e5l"},"content":{"rendered":"<h2 style=\"text-align: center\" data-start=\"0\" data-end=\"293\"><strong data-start=\"0\" data-end=\"30\">Elegant Og Stilig Design<\/strong><\/h2>\n<p style=\"text-align: center\" data-start=\"0\" data-end=\"293\">Fruktsk\u00e5len har en vakker design i europeisk stil som tilf\u00f8rer et snev av eleganse til ethvert rom. Den flerlagede strukturen og legeringsbasen skaper et moderne og sofistikert utseende, noe som gj\u00f8r den til et perfekt dekorativt element i stuen eller p\u00e5 spisebordet.<\/p>\n<p data-start=\"0\" data-end=\"293\"><img decoding=\"async\" class=\"alignnone size-medium wp-image-12482 aligncenter\" src=\"https:\/\/keluvo.com\/template\/wp-content\/uploads\/sites\/5\/2025\/03\/H11adb63c5c8542eb9f691906b151f114A.jpeg\" alt=\"\" \/><\/p>\n<h2 style=\"text-align: center\" data-start=\"295\" data-end=\"538\"><strong>Roterbar Og Praktisk<\/strong><\/h2>\n<p style=\"text-align: center\" data-start=\"295\" data-end=\"538\">Denne fruktsk\u00e5len har en roterbar funksjon, noe som gj\u00f8r det enkelt \u00e5 f\u00e5 tilgang til frukt eller snacks fra alle vinkler. Den er designet for \u00e5 v\u00e6re praktisk, slik at du kan servere eller plukke ting uten \u00e5 m\u00e5tte flytte brettet.<\/p>\n<p data-start=\"295\" data-end=\"538\"><img decoding=\"async\" class=\"alignnone size-medium wp-image-12481 aligncenter\" src=\"https:\/\/keluvo.com\/template\/wp-content\/uploads\/sites\/5\/2025\/03\/H6e08b6d6e27245f08b278c04021f1125P.jpeg\" alt=\"\" \/><\/p>\n","protected":false},"excerpt":{"rendered":"<p>Elegant Og Stilig Design Fruktsk\u00e5len har en vakker design i europeisk stil som tilf\u00f8rer et snev av eleganse til ethvert [&hellip;]<\/p>\n","protected":false},"featured_media":10256,"comment_status":"open","ping_status":"closed","template":"","meta":{"site-sidebar-layout":"default","site-content-layout":"","ast-site-content-layout":"default","site-content-style":"default","site-sidebar-style":"default","ast-global-header-display":"","ast-banner-title-visibility":"","ast-main-header-display":"","ast-hfb-above-header-display":"","ast-hfb-below-header-display":"","ast-hfb-mobile-header-display":"","site-post-title":"","ast-breadcrumbs-content":"","ast-featured-img":"","footer-sml-layout":"","theme-transparent-header-meta":"default","adv-header-id-meta":"","stick-header-meta":"","header-above-stick-meta":"","header-main-stick-meta":"","header-below-stick-meta":"","astra-migrate-meta-layouts":"set","ast-page-background-enabled":"default","ast-page-background-meta":{"desktop":{"background-color":"var(--ast-global-color-4)","background-image":"","background-repeat":"repeat","background-position":"center center","background-size":"auto","background-attachment":"scroll","background-type":"","background-media":"","overlay-type":"","overlay-color":"","overlay-opacity":"","overlay-gradient":""},"tablet":{"background-color":"","background-image":"","background-repeat":"repeat","background-position":"center center","background-size":"auto","background-attachment":"scroll","background-type":"","background-media":"","overlay-type":"","overlay-color":"","overlay-opacity":"","overlay-gradient":""},"mobile":{"background-color":"","background-image":"","background-repeat":"repeat","background-position":"center center","background-size":"auto","background-attachment":"scroll","background-type":"","background-media":"","overlay-type":"","overlay-color":"","overlay-opacity":"","overlay-gradient":""}},"ast-content-background-meta":{"desktop":{"background-color":"var(--ast-global-color-5)","background-image":"","background-repeat":"repeat","background-position":"center center","background-size":"auto","background-attachment":"scroll","background-type":"","background-media":"","overlay-type":"","overlay-color":"","overlay-opacity":"","overlay-gradient":""},"tablet":{"background-color":"var(--ast-global-color-5)","background-image":"","background-repeat":"repeat","background-position":"center center","background-size":"auto","background-attachment":"scroll","background-type":"","background-media":"","overlay-type":"","overlay-color":"","overlay-opacity":"","overlay-gradient":""},"mobile":{"background-color":"var(--ast-global-color-5)","background-image":"","background-repeat":"repeat","background-position":"center center","background-size":"auto","background-attachment":"scroll","background-type":"","background-media":"","overlay-type":"","overlay-color":"","overlay-opacity":"","overlay-gradient":""}}},"product_brand":[],"product_cat":[993],"product_tag":[],"class_list":{"0":"post-10260","1":"product","2":"type-product","3":"status-publish","4":"has-post-thumbnail","6":"product_cat-skotoy-tilbehor","7":"desktop-align-left","8":"tablet-align-left","9":"mobile-align-left","11":"first","12":"instock","13":"shipping-taxable","14":"purchasable","15":"product-type-simple"},"_links":{"self":[{"href":"https:\/\/keluvo.com\/no\/wp-json\/wp\/v2\/product\/10260","targetHints":{"allow":["GET"]}}],"collection":[{"href":"https:\/\/keluvo.com\/no\/wp-json\/wp\/v2\/product"}],"about":[{"href":"https:\/\/keluvo.com\/no\/wp-json\/wp\/v2\/types\/product"}],"replies":[{"embeddable":true,"href":"https:\/\/keluvo.com\/no\/wp-json\/wp\/v2\/comments?post=10260"}],"wp:featuredmedia":[{"embeddable":true,"href":"https:\/\/keluvo.com\/no\/wp-json\/wp\/v2\/media\/10256"}],"wp:attachment":[{"href":"https:\/\/keluvo.com\/no\/wp-json\/wp\/v2\/media?parent=10260"}],"wp:term":[{"taxonomy":"product_brand","embeddable":true,"href":"https:\/\/keluvo.com\/no\/wp-json\/wp\/v2\/product_brand?post=10260"},{"taxonomy":"product_cat","embeddable":true,"href":"https:\/\/keluvo.com\/no\/wp-json\/wp\/v2\/product_cat?post=10260"},{"taxonomy":"product_tag","embeddable":true,"href":"https:\/\/keluvo.com\/no\/wp-json\/wp\/v2\/product_tag?post=10260"}],"curies":[{"name":"wp","href":"https:\/\/api.w.org\/{rel}","templated":true}]}}