{"id":10234,"date":"2025-03-17T22:24:43","date_gmt":"2025-03-17T20:24:43","guid":{"rendered":"https:\/\/keluvo.com\/no\/produkt\/luftfrisker\/"},"modified":"2025-03-27T23:10:47","modified_gmt":"2025-03-27T21:10:47","slug":"luftfrisker","status":"publish","type":"product","link":"https:\/\/keluvo.com\/no\/produkt\/luftfrisker\/","title":{"rendered":"Luftfrisker"},"content":{"rendered":"<h2 style=\"text-align: center\" data-start=\"0\" data-end=\"271\"><strong data-start=\"0\" data-end=\"28\">Frisk Duft Til Bilen<\/strong><\/h2>\n<p style=\"text-align: center\" data-start=\"0\" data-end=\"271\">Luftfriskeren bidrar til \u00e5 holde bilen ren og behagelig luktende. Den frigj\u00f8r en mild duft som fjerner u\u00f8nsket lukt og skaper en frisk og behagelig kj\u00f8reopplevelse. Den er perfekt for daglig bruk og gj\u00f8r hver kj\u00f8retur mer behagelig.<\/p>\n<p data-start=\"0\" data-end=\"271\"><img decoding=\"async\" class=\"alignnone size-medium wp-image-12491 aligncenter\" src=\"https:\/\/keluvo.com\/template\/wp-content\/uploads\/sites\/5\/2025\/03\/S3930ad06ed6c47e5a7bfc7d1adac8697M.jpg_960x960q75.jpg_.jpeg\" alt=\"\" \/><\/p>\n<h2 style=\"text-align: center\" data-start=\"273\" data-end=\"562\"><strong>Solcelledrevet Propelldesign<\/strong><\/h2>\n<p style=\"text-align: center\" data-start=\"273\" data-end=\"562\">Denne luftfriskeren har en unik propell som spinner ved hjelp av solenergi. N\u00e5r sollyset treffer overflaten, beveger propellen seg og sprer duften jevnt i hele bilen. Ingen batterier eller lading er n\u00f8dvendig, noe som gj\u00f8r den til et milj\u00f8vennlig valg.<\/p>\n<p data-start=\"273\" data-end=\"562\"><img decoding=\"async\" class=\"alignnone size-medium wp-image-12489 aligncenter\" src=\"https:\/\/keluvo.com\/template\/wp-content\/uploads\/sites\/5\/2025\/03\/S3bc4d06caf0a49e3b2be718f2e7a89a7s.jpg_960x960q75.jpg_.jpeg\" alt=\"\" \/><\/p>\n","protected":false},"excerpt":{"rendered":"<p>Frisk Duft Til Bilen Luftfriskeren bidrar til \u00e5 holde bilen ren og behagelig luktende. Den frigj\u00f8r en mild duft som [&hellip;]<\/p>\n","protected":false},"featured_media":10230,"comment_status":"open","ping_status":"closed","template":"","meta":{"site-sidebar-layout":"default","site-content-layout":"","ast-site-content-layout":"default","site-content-style":"default","site-sidebar-style":"default","ast-global-header-display":"","ast-banner-title-visibility":"","ast-main-header-display":"","ast-hfb-above-header-display":"","ast-hfb-below-header-display":"","ast-hfb-mobile-header-display":"","site-post-title":"","ast-breadcrumbs-content":"","ast-featured-img":"","footer-sml-layout":"","theme-transparent-header-meta":"default","adv-header-id-meta":"","stick-header-meta":"","header-above-stick-meta":"","header-main-stick-meta":"","header-below-stick-meta":"","astra-migrate-meta-layouts":"set","ast-page-background-enabled":"default","ast-page-background-meta":{"desktop":{"background-color":"var(--ast-global-color-4)","background-image":"","background-repeat":"repeat","background-position":"center center","background-size":"auto","background-attachment":"scroll","background-type":"","background-media":"","overlay-type":"","overlay-color":"","overlay-opacity":"","overlay-gradient":""},"tablet":{"background-color":"","background-image":"","background-repeat":"repeat","background-position":"center center","background-size":"auto","background-attachment":"scroll","background-type":"","background-media":"","overlay-type":"","overlay-color":"","overlay-opacity":"","overlay-gradient":""},"mobile":{"background-color":"","background-image":"","background-repeat":"repeat","background-position":"center center","background-size":"auto","background-attachment":"scroll","background-type":"","background-media":"","overlay-type":"","overlay-color":"","overlay-opacity":"","overlay-gradient":""}},"ast-content-background-meta":{"desktop":{"background-color":"var(--ast-global-color-5)","background-image":"","background-repeat":"repeat","background-position":"center center","background-size":"auto","background-attachment":"scroll","background-type":"","background-media":"","overlay-type":"","overlay-color":"","overlay-opacity":"","overlay-gradient":""},"tablet":{"background-color":"var(--ast-global-color-5)","background-image":"","background-repeat":"repeat","background-position":"center center","background-size":"auto","background-attachment":"scroll","background-type":"","background-media":"","overlay-type":"","overlay-color":"","overlay-opacity":"","overlay-gradient":""},"mobile":{"background-color":"var(--ast-global-color-5)","background-image":"","background-repeat":"repeat","background-position":"center center","background-size":"auto","background-attachment":"scroll","background-type":"","background-media":"","overlay-type":"","overlay-color":"","overlay-opacity":"","overlay-gradient":""}}},"product_brand":[],"product_cat":[993],"product_tag":[],"class_list":{"0":"post-10234","1":"product","2":"type-product","3":"status-publish","4":"has-post-thumbnail","6":"product_cat-skotoy-tilbehor","7":"pa_7s1ukg6z-bla","8":"pa_7s1ukg6z-gull","9":"pa_7s1ukg6z-rod","10":"pa_7s1ukg6z-solv","11":"desktop-align-left","12":"tablet-align-left","13":"mobile-align-left","15":"first","16":"instock","17":"shipping-taxable","18":"purchasable","19":"product-type-variable"},"_links":{"self":[{"href":"https:\/\/keluvo.com\/no\/wp-json\/wp\/v2\/product\/10234","targetHints":{"allow":["GET"]}}],"collection":[{"href":"https:\/\/keluvo.com\/no\/wp-json\/wp\/v2\/product"}],"about":[{"href":"https:\/\/keluvo.com\/no\/wp-json\/wp\/v2\/types\/product"}],"replies":[{"embeddable":true,"href":"https:\/\/keluvo.com\/no\/wp-json\/wp\/v2\/comments?post=10234"}],"wp:featuredmedia":[{"embeddable":true,"href":"https:\/\/keluvo.com\/no\/wp-json\/wp\/v2\/media\/10230"}],"wp:attachment":[{"href":"https:\/\/keluvo.com\/no\/wp-json\/wp\/v2\/media?parent=10234"}],"wp:term":[{"taxonomy":"product_brand","embeddable":true,"href":"https:\/\/keluvo.com\/no\/wp-json\/wp\/v2\/product_brand?post=10234"},{"taxonomy":"product_cat","embeddable":true,"href":"https:\/\/keluvo.com\/no\/wp-json\/wp\/v2\/product_cat?post=10234"},{"taxonomy":"product_tag","embeddable":true,"href":"https:\/\/keluvo.com\/no\/wp-json\/wp\/v2\/product_tag?post=10234"}],"curies":[{"name":"wp","href":"https:\/\/api.w.org\/{rel}","templated":true}]}}