{"id":10172,"date":"2025-03-15T14:34:33","date_gmt":"2025-03-15T12:34:33","guid":{"rendered":"https:\/\/keluvo.com\/no\/produkt\/silentbark\/"},"modified":"2025-03-15T14:34:40","modified_gmt":"2025-03-15T12:34:40","slug":"silentbark","status":"publish","type":"product","link":"https:\/\/keluvo.com\/no\/produkt\/silentbark\/","title":{"rendered":"SilentBark\u2122"},"content":{"rendered":"<h2 style=\"text-align: center\">Den nye m\u00e5ten \u00e5 holde hundens bjeffing under kontroll<\/h2>\n<p style=\"text-align: center\">SilentBark\u2122 er en liten enhet som er utviklet for \u00e5 hjelpe hunden din med \u00e5 bjeffe mindre. Den er sk\u00e5nsom og f\u00e5r din pelskledde venn til \u00e5 f\u00f8le seg vel. Du trenger ikke \u00e5 sette den p\u00e5 hunden din, s\u00e5 den f\u00f8ler seg komfortabel. N\u00e5r hunden bjeffer for mye, lager denne enheten en spesiell lyd som hjelper den \u00e5 bjeffe mindre.<\/p>\n<p style=\"text-align: center\"><img decoding=\"async\" class=\"alignnone size-medium wp-image-12330\" src=\"https:\/\/keluvo.com\/template\/wp-content\/uploads\/sites\/5\/2024\/11\/ezgif-42ab5212e48801.webp\" alt=\"\" \/><\/p>\n<h2 style=\"text-align: center\">Bra for hundens helse<\/h2>\n<p style=\"text-align: center\">V\u00e5r SilentBark\u2122 bidrar til \u00e5 stoppe overdreven bjeffing uten \u00e5 skade eller stresse hunden din. I motsetning til st\u00f8thalsb\u00e5nd som kan v\u00e6re ubehagelige og smertefulle, trenger ikke ultralydbjeffeapparater \u00e5 ber\u00f8re hunden din. Den h\u00f8yfrekvente lyden er laget for \u00e5 stoppe bjeffing og f\u00e5 hunden til \u00e5 bjeffe mindre.<\/p>\n<p><img decoding=\"async\" class=\"size-medium wp-image-12331 aligncenter\" src=\"https:\/\/keluvo.com\/template\/wp-content\/uploads\/sites\/5\/2024\/11\/image_2025-03-15_115432291.png\" alt=\"\" \/><\/p>\n<h2 style=\"text-align: center\">Hvordan det fungerer<\/h2>\n<p style=\"text-align: center\"><strong>Lytter etter bjeffing<\/strong>: N\u00e5r hunden din bjeffer i n\u00e6rheten, h\u00f8rer SilentBark\u2122 det.<\/p>\n<p style=\"text-align: center\"><strong>Den avgir deretter en lyd som bare hunder kan h\u00f8re<\/strong>: noe som f\u00e5r dem til \u00e5 se sammenhengen mellom bjeffingen og lyden.<\/p>\n<p style=\"text-align: center\"><strong>Hunden l\u00e6rer<\/strong>: Hunden din l\u00e6rer at hvis den bjeffer for mye, h\u00f8rer den lyden, s\u00e5 den bjeffer mindre.<\/p>\n<p style=\"text-align: center\"><strong>Sl\u00e5s p\u00e5 og av<\/strong>: SilentBark\u2122 fungerer bare n\u00e5r hunden din bjeffer, slik at den ikke forstyrrer noen n\u00e5r de ikke trenger det.<\/p>\n<p style=\"text-align: center\"><strong>B\u00e6rbar<\/strong>: Du kan ta SilentBark\u2122 med deg fordi den er liten og lett \u00e5 b\u00e6re.<\/p>\n<p><img decoding=\"async\" class=\"size-medium wp-image-12340 aligncenter\" src=\"https:\/\/keluvo.com\/template\/wp-content\/uploads\/sites\/5\/2024\/11\/Seb7656ae98d643378ecd3ea98061a11az-1.png\" alt=\"\" \/><\/p>\n","protected":false},"excerpt":{"rendered":"<p>Den nye m\u00e5ten \u00e5 holde hundens bjeffing under kontroll SilentBark\u2122 er en liten enhet som er utviklet for \u00e5 hjelpe [&hellip;]<\/p>\n","protected":false},"featured_media":10168,"comment_status":"open","ping_status":"closed","template":"","meta":{"site-sidebar-layout":"default","site-content-layout":"","ast-site-content-layout":"default","site-content-style":"default","site-sidebar-style":"default","ast-global-header-display":"","ast-banner-title-visibility":"","ast-main-header-display":"","ast-hfb-above-header-display":"","ast-hfb-below-header-display":"","ast-hfb-mobile-header-display":"","site-post-title":"","ast-breadcrumbs-content":"","ast-featured-img":"","footer-sml-layout":"","theme-transparent-header-meta":"default","adv-header-id-meta":"","stick-header-meta":"","header-above-stick-meta":"","header-main-stick-meta":"","header-below-stick-meta":"","astra-migrate-meta-layouts":"set","ast-page-background-enabled":"default","ast-page-background-meta":{"desktop":{"background-color":"var(--ast-global-color-4)","background-image":"","background-repeat":"repeat","background-position":"center center","background-size":"auto","background-attachment":"scroll","background-type":"","background-media":"","overlay-type":"","overlay-color":"","overlay-opacity":"","overlay-gradient":""},"tablet":{"background-color":"","background-image":"","background-repeat":"repeat","background-position":"center center","background-size":"auto","background-attachment":"scroll","background-type":"","background-media":"","overlay-type":"","overlay-color":"","overlay-opacity":"","overlay-gradient":""},"mobile":{"background-color":"","background-image":"","background-repeat":"repeat","background-position":"center center","background-size":"auto","background-attachment":"scroll","background-type":"","background-media":"","overlay-type":"","overlay-color":"","overlay-opacity":"","overlay-gradient":""}},"ast-content-background-meta":{"desktop":{"background-color":"var(--ast-global-color-5)","background-image":"","background-repeat":"repeat","background-position":"center center","background-size":"auto","background-attachment":"scroll","background-type":"","background-media":"","overlay-type":"","overlay-color":"","overlay-opacity":"","overlay-gradient":""},"tablet":{"background-color":"var(--ast-global-color-5)","background-image":"","background-repeat":"repeat","background-position":"center center","background-size":"auto","background-attachment":"scroll","background-type":"","background-media":"","overlay-type":"","overlay-color":"","overlay-opacity":"","overlay-gradient":""},"mobile":{"background-color":"var(--ast-global-color-5)","background-image":"","background-repeat":"repeat","background-position":"center center","background-size":"auto","background-attachment":"scroll","background-type":"","background-media":"","overlay-type":"","overlay-color":"","overlay-opacity":"","overlay-gradient":""}}},"product_brand":[],"product_cat":[997],"product_tag":[],"class_list":{"0":"post-10172","1":"product","2":"type-product","3":"status-publish","4":"has-post-thumbnail","6":"product_cat-husdyrprodukter","7":"desktop-align-left","8":"tablet-align-left","9":"mobile-align-left","11":"first","12":"instock","13":"shipping-taxable","14":"purchasable","15":"product-type-simple"},"_links":{"self":[{"href":"https:\/\/keluvo.com\/no\/wp-json\/wp\/v2\/product\/10172","targetHints":{"allow":["GET"]}}],"collection":[{"href":"https:\/\/keluvo.com\/no\/wp-json\/wp\/v2\/product"}],"about":[{"href":"https:\/\/keluvo.com\/no\/wp-json\/wp\/v2\/types\/product"}],"replies":[{"embeddable":true,"href":"https:\/\/keluvo.com\/no\/wp-json\/wp\/v2\/comments?post=10172"}],"wp:featuredmedia":[{"embeddable":true,"href":"https:\/\/keluvo.com\/no\/wp-json\/wp\/v2\/media\/10168"}],"wp:attachment":[{"href":"https:\/\/keluvo.com\/no\/wp-json\/wp\/v2\/media?parent=10172"}],"wp:term":[{"taxonomy":"product_brand","embeddable":true,"href":"https:\/\/keluvo.com\/no\/wp-json\/wp\/v2\/product_brand?post=10172"},{"taxonomy":"product_cat","embeddable":true,"href":"https:\/\/keluvo.com\/no\/wp-json\/wp\/v2\/product_cat?post=10172"},{"taxonomy":"product_tag","embeddable":true,"href":"https:\/\/keluvo.com\/no\/wp-json\/wp\/v2\/product_tag?post=10172"}],"curies":[{"name":"wp","href":"https:\/\/api.w.org\/{rel}","templated":true}]}}