{"id":10147,"date":"2025-03-15T13:31:11","date_gmt":"2025-03-15T11:31:11","guid":{"rendered":"https:\/\/keluvo.com\/no\/produkt\/racetrace-leke\/"},"modified":"2025-03-16T11:33:14","modified_gmt":"2025-03-16T09:33:14","slug":"racetrace-leke","status":"publish","type":"product","link":"https:\/\/keluvo.com\/no\/produkt\/racetrace-leke\/","title":{"rendered":"RaceTrace\u2122-leke"},"content":{"rendered":"<h2 style=\"text-align: center;\"><strong>Stimuler Barnets Interesse For Vitenskap, Teknologi Og Kunst Med RaceTrace\u2122<\/strong><\/h2>\n<p style=\"text-align: center;\">V\u00e5rt pedagogisk utformede leket\u00f8y kombinerer s\u00f8ml\u00f8st underholdningsglede med byggesteinene i STEM-ferdigheter (Science, Technology, Engineering and Mathematics).<\/p>\n<p><img decoding=\"async\" class=\"size-medium wp-image-12325 aligncenter\" src=\"https:\/\/keluvo.com\/template\/wp-content\/uploads\/sites\/5\/2024\/11\/DM_20231104205121_008_480x480.webp\" alt=\"\" \/><\/p>\n<h2><\/h2>\n<h2 style=\"text-align: center;\">F\u00f8lger Linjer Som Ved Magi<\/h2>\n<p style=\"text-align: center;\">RaceTrace\u2122-leket\u00f8yet er utstyrt med en smart optisk sensor som oppdager svarte linjer p\u00e5 hvitt papir. Bare tegn en linje, og se hvordan leken f\u00f8lger den p\u00e5 magisk vis! Denne unike funksjonen gir uendelig mange morsomme og kreative m\u00e5ter \u00e5 leke p\u00e5.<\/p>\n<p><img decoding=\"async\" class=\"alignnone size-medium wp-image-3364 aligncenter\" src=\"https:\/\/keluvo.com\/template\/wp-content\/uploads\/sites\/5\/2024\/11\/28066577-cb6b-4880-862f-167d9019fad8.png\" alt=\"\" \/><\/p>\n<h2><\/h2>\n<h2 style=\"text-align: center;\">Frigj\u00f8r Barnets Potensial<\/h2>\n<p style=\"text-align: center;\">N\u00e5r barnet ditt designer sin egen unike bane, blir det ikke bare moro \u2013 det forbedrer ogs\u00e5 finmotorikken og de logiske ferdighetene til barnet , \u00f8ker rombevisstheten og skjerper planleggingsevnen!<\/p>\n<p><img decoding=\"async\" class=\"alignnone size-medium wp-image-3359 aligncenter\" src=\"https:\/\/keluvo.com\/template\/wp-content\/uploads\/sites\/5\/2024\/11\/Hf60673fbd42e46aab5e313379ae500e6D.jpg\" alt=\"\" \/><\/p>\n<h2><\/h2>\n<h2 style=\"text-align: center;\"><strong>Men Det Som Virkelig Gj\u00f8r RaceTrace\u2122-Leken Unik, Er&#8230;<\/strong><\/h2>\n<p style=\"text-align: center;\">RaceTrace\u2122 gir liv til barnets tegninger og gj\u00f8r lek til l\u00e6ring. Perfekt for barn fra 4 \u00e5r og oppover, men ogs\u00e5 yngre barn kan ha glede av den. Den bruker 4 LR44-knappbatterier (inkludert) som varer i flere uker. Pakken inneholder 1 robot, 1 penn, 1 ark papir og 1 bruksanvisning.<\/p>\n<p><img decoding=\"async\" class=\"size-medium wp-image-12326 aligncenter\" src=\"https:\/\/keluvo.com\/template\/wp-content\/uploads\/sites\/5\/2024\/11\/Screen_Shot_2024-11-30_at_1.46.49_PM.webp\" alt=\"\" \/><\/p>\n","protected":false},"excerpt":{"rendered":"<p>Stimuler Barnets Interesse For Vitenskap, Teknologi Og Kunst Med RaceTrace\u2122 V\u00e5rt pedagogisk utformede leket\u00f8y kombinerer s\u00f8ml\u00f8st underholdningsglede med byggesteinene i [&hellip;]<\/p>\n","protected":false},"featured_media":10143,"comment_status":"open","ping_status":"closed","template":"","meta":{"site-sidebar-layout":"default","site-content-layout":"","ast-site-content-layout":"default","site-content-style":"default","site-sidebar-style":"default","ast-global-header-display":"","ast-banner-title-visibility":"","ast-main-header-display":"","ast-hfb-above-header-display":"","ast-hfb-below-header-display":"","ast-hfb-mobile-header-display":"","site-post-title":"","ast-breadcrumbs-content":"","ast-featured-img":"","footer-sml-layout":"","theme-transparent-header-meta":"default","adv-header-id-meta":"","stick-header-meta":"","header-above-stick-meta":"","header-main-stick-meta":"","header-below-stick-meta":"","astra-migrate-meta-layouts":"set","ast-page-background-enabled":"default","ast-page-background-meta":{"desktop":{"background-color":"var(--ast-global-color-4)","background-image":"","background-repeat":"repeat","background-position":"center center","background-size":"auto","background-attachment":"scroll","background-type":"","background-media":"","overlay-type":"","overlay-color":"","overlay-opacity":"","overlay-gradient":""},"tablet":{"background-color":"","background-image":"","background-repeat":"repeat","background-position":"center center","background-size":"auto","background-attachment":"scroll","background-type":"","background-media":"","overlay-type":"","overlay-color":"","overlay-opacity":"","overlay-gradient":""},"mobile":{"background-color":"","background-image":"","background-repeat":"repeat","background-position":"center center","background-size":"auto","background-attachment":"scroll","background-type":"","background-media":"","overlay-type":"","overlay-color":"","overlay-opacity":"","overlay-gradient":""}},"ast-content-background-meta":{"desktop":{"background-color":"var(--ast-global-color-5)","background-image":"","background-repeat":"repeat","background-position":"center center","background-size":"auto","background-attachment":"scroll","background-type":"","background-media":"","overlay-type":"","overlay-color":"","overlay-opacity":"","overlay-gradient":""},"tablet":{"background-color":"var(--ast-global-color-5)","background-image":"","background-repeat":"repeat","background-position":"center center","background-size":"auto","background-attachment":"scroll","background-type":"","background-media":"","overlay-type":"","overlay-color":"","overlay-opacity":"","overlay-gradient":""},"mobile":{"background-color":"var(--ast-global-color-5)","background-image":"","background-repeat":"repeat","background-position":"center center","background-size":"auto","background-attachment":"scroll","background-type":"","background-media":"","overlay-type":"","overlay-color":"","overlay-opacity":"","overlay-gradient":""}}},"product_brand":[],"product_cat":[990],"product_tag":[],"class_list":{"0":"post-10147","1":"product","2":"type-product","3":"status-publish","4":"has-post-thumbnail","6":"product_cat-leker-barne-og-babyprodukter","7":"pa_tebepo5b-bil","8":"pa_tebepo5b-lastebil","9":"pa_tebepo5b-robot","10":"pa_tebepo5b-tank","11":"pa_tebepo5b-tog","12":"desktop-align-left","13":"tablet-align-left","14":"mobile-align-left","16":"first","17":"instock","18":"shipping-taxable","19":"purchasable","20":"product-type-variable"},"_links":{"self":[{"href":"https:\/\/keluvo.com\/no\/wp-json\/wp\/v2\/product\/10147","targetHints":{"allow":["GET"]}}],"collection":[{"href":"https:\/\/keluvo.com\/no\/wp-json\/wp\/v2\/product"}],"about":[{"href":"https:\/\/keluvo.com\/no\/wp-json\/wp\/v2\/types\/product"}],"replies":[{"embeddable":true,"href":"https:\/\/keluvo.com\/no\/wp-json\/wp\/v2\/comments?post=10147"}],"wp:featuredmedia":[{"embeddable":true,"href":"https:\/\/keluvo.com\/no\/wp-json\/wp\/v2\/media\/10143"}],"wp:attachment":[{"href":"https:\/\/keluvo.com\/no\/wp-json\/wp\/v2\/media?parent=10147"}],"wp:term":[{"taxonomy":"product_brand","embeddable":true,"href":"https:\/\/keluvo.com\/no\/wp-json\/wp\/v2\/product_brand?post=10147"},{"taxonomy":"product_cat","embeddable":true,"href":"https:\/\/keluvo.com\/no\/wp-json\/wp\/v2\/product_cat?post=10147"},{"taxonomy":"product_tag","embeddable":true,"href":"https:\/\/keluvo.com\/no\/wp-json\/wp\/v2\/product_tag?post=10147"}],"curies":[{"name":"wp","href":"https:\/\/api.w.org\/{rel}","templated":true}]}}